{"id":26633,"date":"2025-07-25T13:06:25","date_gmt":"2025-07-25T13:06:25","guid":{"rendered":"https:\/\/boreait.com\/hr\/?post_type=product&#038;p=26633"},"modified":"2026-02-06T14:00:20","modified_gmt":"2026-02-06T14:00:20","slug":"antena-za-prijenosno-racunalo-precision-5530-originalni-zamjenski-dio","status":"publish","type":"product","link":"https:\/\/boreait.com\/hr\/product\/antena-za-prijenosno-racunalo-precision-5530-originalni-zamjenski-dio\/","title":{"rendered":"Antena za prijenosno ra\u010dunalo Precision 5530 \u2013 originalni zamjenski dio"},"content":{"rendered":"<p>Antena za prijenosno ra\u010dunalo Precision 5530<\/p>\n<p>Zamijenite neispravnu ili o\u0161te\u0107enu antenu u va\u0161em Precision 5530 ovim originalnim dijelom. Posebno dizajnirana za ovaj model, antena osigurava da va\u0161a be\u017ei\u010dna izvedba ostane optimalna, omogu\u0107uju\u0107i sna\u017enu i pouzdanu povezanost.<\/p>\n<p>**Zna\u010dajke proizvoda:**<\/p>\n<p>&#8211; **Kompatibilnost:** Dizajnirano za Dell Precision 5530.<\/p>\n<p>&#8211; **Funkcionalnost:** vra\u0107a snagu be\u017ei\u010dnog signala zamjenom neispravne antene.<\/p>\n<p>&#8211; **Kvaliteta:** Originalni zamjenski dio za pouzdan rad.<\/p>\n<p>&#8211; **Stanje:** Popis uklju\u010duje stvarne fotografije dijela koji \u0107ete dobiti, \u010dime se osigurava transparentnost.<\/p>\n<p>**Za\u0161to odabrati ovu antenu?**<\/p>\n<p>&#8211; **Pobolj\u0161ana povezanost:** Idealno za rje\u0161avanje slabih ili isprekidanih be\u017ei\u010dnih signala.<\/p>\n<p>&#8211; **Izravna zamjena:** Nema potrebe za preinakama\u2014ova antena savr\u0161eno odgovara va\u0161em Precision 5530.<\/p>\n<p>&#8211; **Globalna dostava:** Dostupno u cijelom svijetu s fokusom na Europu.<\/p>\n<p>Imajte na umu da upute za instalaciju nisu uklju\u010dene. Slobodno se obratite ako trebate dodatnu pomo\u0107 tijekom instalacije.<\/p>\n<p>**Va\u017eno:** Fotografije u ovom popisu prikazuju to\u010dnu antenu koju \u0107ete dobiti, pri \u010demu je za svaki dio provjerena kvaliteta i pouzdanost.<\/p>\n","protected":false},"excerpt":{"rendered":"<p>Originalna zamjenska antena za Precision 5530. Osigurajte optimalnu be\u017ei\u010dnu izvedbu zamjenom neispravne ili o\u0161te\u0107ene antene ovim dijelom, dizajniranim posebno za Precision 5530.<\/p>\n","protected":false},"featured_media":26709,"template":"","meta":[],"product_brand":[],"product_cat":[51],"product_tag":[52],"class_list":{"0":"post-26633","1":"product","2":"type-product","3":"status-publish","4":"has-post-thumbnail","6":"product_cat-laptop-housing","7":"product_tag-dell","9":"first","10":"instock","11":"taxable","12":"shipping-taxable","13":"purchasable","14":"product-type-simple"},"_links":{"self":[{"href":"https:\/\/boreait.com\/hr\/wp-json\/wp\/v2\/product\/26633","targetHints":{"allow":["GET"]}}],"collection":[{"href":"https:\/\/boreait.com\/hr\/wp-json\/wp\/v2\/product"}],"about":[{"href":"https:\/\/boreait.com\/hr\/wp-json\/wp\/v2\/types\/product"}],"wp:featuredmedia":[{"embeddable":true,"href":"https:\/\/boreait.com\/hr\/wp-json\/wp\/v2\/media\/26709"}],"wp:attachment":[{"href":"https:\/\/boreait.com\/hr\/wp-json\/wp\/v2\/media?parent=26633"}],"wp:term":[{"taxonomy":"product_brand","embeddable":true,"href":"https:\/\/boreait.com\/hr\/wp-json\/wp\/v2\/product_brand?post=26633"},{"taxonomy":"product_cat","embeddable":true,"href":"https:\/\/boreait.com\/hr\/wp-json\/wp\/v2\/product_cat?post=26633"},{"taxonomy":"product_tag","embeddable":true,"href":"https:\/\/boreait.com\/hr\/wp-json\/wp\/v2\/product_tag?post=26633"}],"curies":[{"name":"wp","href":"https:\/\/api.w.org\/{rel}","templated":true}]}}