{"id":26616,"date":"2025-07-25T13:05:59","date_gmt":"2025-07-25T13:05:59","guid":{"rendered":"https:\/\/boreait.com\/hr\/?post_type=product&#038;p=26616"},"modified":"2025-07-25T13:08:24","modified_gmt":"2025-07-25T13:08:24","slug":"lenovo-thinkpad-l540-04x4052-2-50ghz-intel-cpu-pga946-5gt-s-3mb-zamjena","status":"publish","type":"product","link":"https:\/\/boreait.com\/hr\/product\/lenovo-thinkpad-l540-04x4052-2-50ghz-intel-cpu-pga946-5gt-s-3mb-zamjena\/","title":{"rendered":"Lenovo ThinkPad L540 04X4052 2.50GHz Intel CPU PGA946 5GT\/s 3MB Zamjena"},"content":{"rendered":"<p>Lenovo ThinkPad L540 IBM \/ Lenovo 04X4052 &#8211; 2,50 GHz 5GT\/s 3 MB PGA946 Intel CPU<\/p>\n<p>Vratite performanse svog Lenovo ThinkPad L540 s ovim originalnim 04X4052 Intel procesorom. Uz radni takt od 2,50 GHz, brzinu sabirnice 5GT\/s i 3 MB predmemorije, ovaj procesor je savr\u0161ena zamjena za odr\u017eavanje ili nadogradnju performansi va\u0161eg prijenosnog ra\u010dunala.<\/p>\n<p>**Zna\u010dajke proizvoda:**<\/p>\n<p>&#8211; **Kompatibilnost modela:** Dizajnirano posebno za Lenovo ThinkPad L540.<\/p>\n<p>&#8211; **Broj dijela:** 04X4052.<\/p>\n<p>&#8211; **Specifikacije procesora:** Intel CPU s brzinom od 2,50 GHz, brzinom sabirnice 5GT\/s, 3 MB predmemorije i vrstom uti\u010dnice PGA946.<\/p>\n<p>&#8211; **Stanje:** Pru\u017eene su prave fotografije stvarnog procesora, \u010dime se osigurava da \u0107ete dobiti to\u010dno ono \u0161to je na slici.<\/p>\n<p>**Za\u0161to odabrati ovaj procesor?**<\/p>\n<p>&#8211; **Pobolj\u0161anje performansi:** Savr\u0161eno za rje\u0161avanje problema s performansama povezanih sa starenjem ili neispravnim CPU-om.<\/p>\n<p>&#8211; **Jednostavna zamjena:** Dizajnirano za besprijekornu ugradnju u kompatibilne sustave Lenovo ThinkPad L540.<\/p>\n<p>&#8211; **Dostava diljem svijeta:** Nudimo globalnu dostavu, s fokusom na Europu.<\/p>\n<p>Napominjemo da ovaj popis ne uklju\u010duje upute za instalaciju. Me\u0111utim, ako trebate bilo kakvu pomo\u0107, slobodno nam po\u0161aljite poruku. Uvijek smo tu da pomognemo!<\/p>\n<p>**Va\u017eno:** Fotografije u ovom popisu prikazuju to\u010dan procesor koji \u0107ete dobiti, temeljito pregledan radi osiguranja kvalitete.<\/p>\n","protected":false},"excerpt":{"rendered":"<p>Lenovo ThinkPad L540 04X4052 2.50GHz Intel CPU (PGA946, 5GT\/s, 3MB Cache). Savr\u0161ena zamjena za va\u0161 Lenovo ThinkPad L540, vra\u0107aju\u0107i punu procesorsku snagu va\u0161eg prijenosnog ra\u010dunala.<\/p>\n","protected":false},"featured_media":26688,"template":"","meta":[],"product_brand":[],"product_cat":[74],"product_tag":[61],"class_list":{"0":"post-26616","1":"product","2":"type-product","3":"status-publish","4":"has-post-thumbnail","6":"product_cat-processors-cpu","7":"product_tag-lenovo","9":"first","10":"instock","11":"taxable","12":"shipping-taxable","13":"purchasable","14":"product-type-simple"},"_links":{"self":[{"href":"https:\/\/boreait.com\/hr\/wp-json\/wp\/v2\/product\/26616","targetHints":{"allow":["GET"]}}],"collection":[{"href":"https:\/\/boreait.com\/hr\/wp-json\/wp\/v2\/product"}],"about":[{"href":"https:\/\/boreait.com\/hr\/wp-json\/wp\/v2\/types\/product"}],"wp:featuredmedia":[{"embeddable":true,"href":"https:\/\/boreait.com\/hr\/wp-json\/wp\/v2\/media\/26688"}],"wp:attachment":[{"href":"https:\/\/boreait.com\/hr\/wp-json\/wp\/v2\/media?parent=26616"}],"wp:term":[{"taxonomy":"product_brand","embeddable":true,"href":"https:\/\/boreait.com\/hr\/wp-json\/wp\/v2\/product_brand?post=26616"},{"taxonomy":"product_cat","embeddable":true,"href":"https:\/\/boreait.com\/hr\/wp-json\/wp\/v2\/product_cat?post=26616"},{"taxonomy":"product_tag","embeddable":true,"href":"https:\/\/boreait.com\/hr\/wp-json\/wp\/v2\/product_tag?post=26616"}],"curies":[{"name":"wp","href":"https:\/\/api.w.org\/{rel}","templated":true}]}}