{"id":26606,"date":"2025-07-25T13:05:35","date_gmt":"2025-07-25T13:05:35","guid":{"rendered":"https:\/\/boreait.com\/hr\/?post_type=product&#038;p=26606"},"modified":"2025-07-25T13:08:19","modified_gmt":"2025-07-25T13:08:19","slug":"apple-macbook-pro-141-donje-kuciste","status":"publish","type":"product","link":"https:\/\/boreait.com\/hr\/product\/apple-macbook-pro-141-donje-kuciste\/","title":{"rendered":"Apple MacBook Pro 14,1&#8243; donje ku\u0107i\u0161te"},"content":{"rendered":"<p>Apple MacBook Pro 14,1&#8243; donje ku\u0107i\u0161te<\/p>\n<p>Vratite strukturni integritet svog MacBook Pro 14,1&#8243; ovom originalnom zamjenom za donje ku\u0107i\u0161te. Ovaj dio je neophodan za popravljanje problema kao \u0161to su pukotine, udubljenja ili o\u0161te\u0107enja na dnu va\u0161eg prijenosnog ra\u010dunala, pru\u017eaju\u0107i za\u0161titu i stabilnost.<\/p>\n<p>**Zna\u010dajke proizvoda:**<\/p>\n<p>&#8211; **Kompatibilnost:** Posebno dizajnirano za Apple MacBook Pro 14,1&#8243; model.<\/p>\n<p>&#8211; **Funkcionalnost:** Idealno za zamjenu o\u0161te\u0107enog ili istro\u0161enog donjeg ku\u0107i\u0161ta, osiguravaju\u0107i da va\u0161 MacBook izgleda i funkcionira onako kako bi trebao.<\/p>\n<p>&#8211; **Izdr\u017eljiva izrada:** Izra\u0111en od visokokvalitetnih materijala za pouzdanu dugotrajnu upotrebu.<\/p>\n<p>&#8211; **Prave fotografije:** Fotografije u ovom popisu prikazuju stvarni donji dio ku\u0107i\u0161ta koji \u0107ete dobiti.<\/p>\n<p>**Za\u0161to odabrati ovo donje ku\u0107i\u0161te?**<\/p>\n<p>&#8211; **Izravna zamjena:** Nema potrebe za kompliciranim izmjenama; ovo donje ku\u0107i\u0161te dizajnirano je da savr\u0161eno pristaje.<\/p>\n<p>&#8211; **Globalna dostava:** Dostupno za kupnju diljem svijeta, s fokusom na europske kupce.<\/p>\n<p>Imajte na umu da upute za instalaciju nisu prilo\u017eene, ali slobodno nas kontaktirajte ako trebate dodatnu pomo\u0107. Na\u0161 tim spreman je pomo\u0107i vam sa svim upitima.<\/p>\n<p>**Va\u017eno:** Slike u ovom popisu predstavljaju to\u010dno one dijelove koje \u0107ete dobiti, temeljito provjerene kvalitete i spremne za upotrebu.<\/p>\n","protected":false},"excerpt":{"rendered":"<p>Apple MacBook Pro 14,1&#8243; Bottom Case \u2013 Originalni zamjenski dio za 14,1&#8243; MacBook Pro. Idealan za zamjenu o\u0161te\u0107enog ili istro\u0161enog donjeg ku\u0107i\u0161ta, ovaj je dio savr\u0161en za vra\u0107anje strukturalnog integriteta va\u0161eg prijenosnog ra\u010dunala.<\/p>\n","protected":false},"featured_media":26681,"template":"","meta":[],"product_brand":[],"product_cat":[51],"product_tag":[86],"class_list":{"0":"post-26606","1":"product","2":"type-product","3":"status-publish","4":"has-post-thumbnail","6":"product_cat-laptop-housing","7":"product_tag-apple","9":"first","10":"instock","11":"taxable","12":"shipping-taxable","13":"purchasable","14":"product-type-simple"},"_links":{"self":[{"href":"https:\/\/boreait.com\/hr\/wp-json\/wp\/v2\/product\/26606","targetHints":{"allow":["GET"]}}],"collection":[{"href":"https:\/\/boreait.com\/hr\/wp-json\/wp\/v2\/product"}],"about":[{"href":"https:\/\/boreait.com\/hr\/wp-json\/wp\/v2\/types\/product"}],"wp:featuredmedia":[{"embeddable":true,"href":"https:\/\/boreait.com\/hr\/wp-json\/wp\/v2\/media\/26681"}],"wp:attachment":[{"href":"https:\/\/boreait.com\/hr\/wp-json\/wp\/v2\/media?parent=26606"}],"wp:term":[{"taxonomy":"product_brand","embeddable":true,"href":"https:\/\/boreait.com\/hr\/wp-json\/wp\/v2\/product_brand?post=26606"},{"taxonomy":"product_cat","embeddable":true,"href":"https:\/\/boreait.com\/hr\/wp-json\/wp\/v2\/product_cat?post=26606"},{"taxonomy":"product_tag","embeddable":true,"href":"https:\/\/boreait.com\/hr\/wp-json\/wp\/v2\/product_tag?post=26606"}],"curies":[{"name":"wp","href":"https:\/\/api.w.org\/{rel}","templated":true}]}}