{"id":26605,"date":"2025-07-25T13:05:35","date_gmt":"2025-07-25T13:05:35","guid":{"rendered":"https:\/\/boreait.com\/hr\/?post_type=product&#038;p=26605"},"modified":"2026-02-06T13:59:36","modified_gmt":"2026-02-06T13:59:36","slug":"lenovo-thinkpad-l540-multi-dvd-writer-gu70n-testirani-originalni-dio","status":"publish","type":"product","link":"https:\/\/boreait.com\/hr\/product\/lenovo-thinkpad-l540-multi-dvd-writer-gu70n-testirani-originalni-dio\/","title":{"rendered":"Lenovo ThinkPad L540 Multi DVD Writer GU70N &#8211; testirani originalni dio"},"content":{"rendered":"<p>Lenovo ThinkPad L540 Multi DVD Writer GU70N<\/p>\n<p>Ovaj originalni Lenovo ThinkPad L540 Multi DVD Writer (GU70N) savr\u0161ena je zamjena za opti\u010dki pogon va\u0161eg prijenosnog ra\u010dunala. Omogu\u0107uje glatke i pouzdane performanse za \u010ditanje i pisanje DVD-ova, \u0161to ga \u010dini bitnom nadogradnjom ili zamjenom za va\u0161 ThinkPad L540.<\/p>\n<p>**Zna\u010dajke proizvoda:**<\/p>\n<p>&#8211; **Kompatibilnost:** Posebno dizajnirano za Lenovo ThinkPad L540.<\/p>\n<p>&#8211; **Broj modela:** GU70N.<\/p>\n<p>&#8211; **Funkcionalnost:** Omogu\u0107uje \u010ditanje i pisanje DVD-a za pohranu podataka, reprodukciju medija i sigurnosne kopije.<\/p>\n<p>&#8211; **Testirana kvaliteta:** Svaka je jedinica testirana kako bi se osigurale optimalne performanse i pouzdanost.<\/p>\n<p>**Za\u0161to odabrati ovaj DVD snima\u010d?**<\/p>\n<p>&#8211; **Pouzdane performanse:** Idealno za zamjenu neispravnog opti\u010dkog pogona u va\u0161em Lenovo ThinkPad L540.<\/p>\n<p>&#8211; **Jednostavna instalacija:** Jednostavna plug-and-play zamjena.<\/p>\n<p>&#8211; **Dostupnost u cijelom svijetu:** Dostupno za dostavu diljem svijeta, prvenstveno u Europu.<\/p>\n<p>Imajte na umu da nisu uklju\u010dene upute za zamjenu pogona. Me\u0111utim, slobodno nam se obratite ako trebate pomo\u0107. Rado \u0107emo pomo\u0107i osigurati nesmetan proces zamjene.<\/p>\n<p>**Va\u017eno:** Fotografije u ovom popisu odnose se na stvarni DVD snima\u010d koji \u0107ete dobiti. Svaki dio je testiran kako bi se zajam\u010dila kvaliteta i izvedba.<\/p>\n","protected":false},"excerpt":{"rendered":"<p>Lenovo ThinkPad L540 Multi DVD Writer GU70N \u2013 Originalni zamjenski DVD snima\u010d. Savr\u0161eno za zamjenu va\u0161eg nefunkcionalnog opti\u010dkog pogona, osiguravaju\u0107i glatku izvedbu za \u010ditanje i pisanje DVD-ova.<\/p>\n","protected":false},"featured_media":26680,"template":"","meta":[],"product_brand":[],"product_cat":[62],"product_tag":[61],"class_list":{"0":"post-26605","1":"product","2":"type-product","3":"status-publish","4":"has-post-thumbnail","6":"product_cat-motherboards-board-parts","7":"product_tag-lenovo","9":"first","10":"instock","11":"taxable","12":"shipping-taxable","13":"purchasable","14":"product-type-simple"},"_links":{"self":[{"href":"https:\/\/boreait.com\/hr\/wp-json\/wp\/v2\/product\/26605","targetHints":{"allow":["GET"]}}],"collection":[{"href":"https:\/\/boreait.com\/hr\/wp-json\/wp\/v2\/product"}],"about":[{"href":"https:\/\/boreait.com\/hr\/wp-json\/wp\/v2\/types\/product"}],"wp:featuredmedia":[{"embeddable":true,"href":"https:\/\/boreait.com\/hr\/wp-json\/wp\/v2\/media\/26680"}],"wp:attachment":[{"href":"https:\/\/boreait.com\/hr\/wp-json\/wp\/v2\/media?parent=26605"}],"wp:term":[{"taxonomy":"product_brand","embeddable":true,"href":"https:\/\/boreait.com\/hr\/wp-json\/wp\/v2\/product_brand?post=26605"},{"taxonomy":"product_cat","embeddable":true,"href":"https:\/\/boreait.com\/hr\/wp-json\/wp\/v2\/product_cat?post=26605"},{"taxonomy":"product_tag","embeddable":true,"href":"https:\/\/boreait.com\/hr\/wp-json\/wp\/v2\/product_tag?post=26605"}],"curies":[{"name":"wp","href":"https:\/\/api.w.org\/{rel}","templated":true}]}}