{"id":26592,"date":"2025-07-25T13:05:07","date_gmt":"2025-07-25T13:05:07","guid":{"rendered":"https:\/\/boreait.com\/hr\/?post_type=product&#038;p=26592"},"modified":"2026-02-06T13:58:49","modified_gmt":"2026-02-06T13:58:49","slug":"lenovo-thinkpad-l540-touchpad-50-4lh02-021-originalni-zamjenski-dio","status":"publish","type":"product","link":"https:\/\/boreait.com\/hr\/product\/lenovo-thinkpad-l540-touchpad-50-4lh02-021-originalni-zamjenski-dio\/","title":{"rendered":"Lenovo ThinkPad L540 Touchpad 50.4LH02.021 \u2013 originalni zamjenski dio"},"content":{"rendered":"<p>Lenovo ThinkPad L540 Touchpad (50.4LH02.021)<\/p>\n<p>Vratite punu funkcionalnost svog Lenovo ThinkPad L540 s ovom originalnom zamjenskom podlogom za dodir. Ovaj touchpad je kompatibilan s modelom Lenovo ThinkPad L540, \u0161to ga \u010dini idealnim izborom za zamjenu o\u0161te\u0107enih ili istro\u0161enih touchpada.<\/p>\n<p>**Zna\u010dajke proizvoda:**<\/p>\n<p>&#8211; **Kompatibilnost:** Dizajnirano posebno za model laptopa Lenovo ThinkPad L540.<\/p>\n<p>&#8211; **Broj dijela:** 50.4LH02.021.<\/p>\n<p>&#8211; **Funkcionalnost:** Idealna zamjena za dodirnu plo\u010du koja ne radi ili ne reagira, osigurava glatku navigaciju i upotrebljivost.<\/p>\n<p>**Za\u0161to odabrati ovu dodirnu podlogu?**<\/p>\n<p>&#8211; **Pobolj\u0161ana navigacija:** Savr\u0161ena za obnavljanje glatke performanse dodirne podloge va\u0161eg prijenosnog ra\u010dunala.<\/p>\n<p>&#8211; **Izravno pristajanje:** Nema potrebe za nikakvim izmjenama, \u0161to instalaciju \u010dini jednostavnom.<\/p>\n<p>&#8211; **Dostava diljem svijeta:** dostupna za globalnu dostavu s fokusom na Europu.<\/p>\n<p>Za bilo kakvu pomo\u0107 pri instalaciji, slobodno nas kontaktirajte izravno. Ovdje smo da pomognemo!<\/p>\n<p>**Va\u017eno:** Fotografije u popisu odnose se upravo na dodirnu podlogu koju \u0107ete dobiti. Provjereno je za osiguranje kvalitete.<\/p>\n","protected":false},"excerpt":{"rendered":"<p>Lenovo ThinkPad L540 Touchpad (50.4LH02.021) \u2013 Originalni zamjenski dio za vra\u0107anje funkcionalnosti touchpada va\u0161eg prijenosnog ra\u010dunala. Idealno za zamjenu o\u0161te\u0107enih ili istro\u0161enih touchpada.<\/p>\n","protected":false},"featured_media":26671,"template":"","meta":[],"product_brand":[],"product_cat":[62],"product_tag":[61],"class_list":{"0":"post-26592","1":"product","2":"type-product","3":"status-publish","4":"has-post-thumbnail","6":"product_cat-motherboards-board-parts","7":"product_tag-lenovo","9":"first","10":"instock","11":"taxable","12":"shipping-taxable","13":"purchasable","14":"product-type-simple"},"_links":{"self":[{"href":"https:\/\/boreait.com\/hr\/wp-json\/wp\/v2\/product\/26592","targetHints":{"allow":["GET"]}}],"collection":[{"href":"https:\/\/boreait.com\/hr\/wp-json\/wp\/v2\/product"}],"about":[{"href":"https:\/\/boreait.com\/hr\/wp-json\/wp\/v2\/types\/product"}],"wp:featuredmedia":[{"embeddable":true,"href":"https:\/\/boreait.com\/hr\/wp-json\/wp\/v2\/media\/26671"}],"wp:attachment":[{"href":"https:\/\/boreait.com\/hr\/wp-json\/wp\/v2\/media?parent=26592"}],"wp:term":[{"taxonomy":"product_brand","embeddable":true,"href":"https:\/\/boreait.com\/hr\/wp-json\/wp\/v2\/product_brand?post=26592"},{"taxonomy":"product_cat","embeddable":true,"href":"https:\/\/boreait.com\/hr\/wp-json\/wp\/v2\/product_cat?post=26592"},{"taxonomy":"product_tag","embeddable":true,"href":"https:\/\/boreait.com\/hr\/wp-json\/wp\/v2\/product_tag?post=26592"}],"curies":[{"name":"wp","href":"https:\/\/api.w.org\/{rel}","templated":true}]}}