{"id":26582,"date":"2025-07-25T13:04:34","date_gmt":"2025-07-25T13:04:34","guid":{"rendered":"https:\/\/boreait.com\/hr\/?post_type=product&#038;p=26582"},"modified":"2025-07-25T13:07:52","modified_gmt":"2025-07-25T13:07:52","slug":"zamjenska-tipka-asus-tipkovnice-bez-pozadinskog-osvjetljenja-0knb0-5600us00-0kn1-291us12","status":"publish","type":"product","link":"https:\/\/boreait.com\/hr\/product\/zamjenska-tipka-asus-tipkovnice-bez-pozadinskog-osvjetljenja-0knb0-5600us00-0kn1-291us12\/","title":{"rendered":"Zamjenska tipka ASUS tipkovnice &#8211; bez pozadinskog osvjetljenja (0KNB0-5600US00, 0KN1-291US12)"},"content":{"rendered":"<p><strong>Napomena za kupca:<\/strong> Ovaj popis je samo za <strong>jednu tipku tipkovnice<\/strong>. Uklju\u010deni su \u0161arka i klju\u010d. Svi dostupni klju\u010devi prikazani su na slici u popisu. Klju\u010d \u0107e biti poslan u omotnici obi\u010dnom po\u0161tom. Nakon narud\u017ebe, po\u0161aljite nam poruku u kojoj \u0107ete navesti koji klju\u010d ili klju\u010deve trebate.<\/p>\n<p>Ovaj zamjenski klju\u010d je kompatibilan s <strong>ASUS modelima prijenosnih ra\u010dunala<\/strong>, uklju\u010duju\u0107i <strong>0KNB0-5600US00<\/strong> i <strong>0KN1-291US12<\/strong>, s brojevima <strong>0KNB0-6114WB00<\/strong>, <strong>V143362AK2<\/strong>, i <strong>0KN0-RB1WB11<\/strong>. Tipkovnica je <strong>bez pozadinskog osvjetljenja<\/strong>.<\/p>\n<p>Zamijenite pojedina\u010dne tipke bez potrebe za kupnjom cijele tipkovnice za svoje ASUS prijenosno ra\u010dunalo.<\/p>\n","protected":false},"excerpt":{"rendered":"<p><strong>Ovo je popis za jednu tipku na tipkovnici.<\/strong> Uklju\u010deni su zglob i zup\u010danik tipke. Svi dostupni klju\u010devi prikazani su na slici popisa. Nakon \u0161to naru\u010dite, po\u0161aljite nam poruku s odre\u0111enim klju\u010devima koji su vam potrebni. Klju\u010d \u0107e biti poslan u omotnici obi\u010dnom po\u0161tom.<\/p>\n","protected":false},"featured_media":26668,"template":"","meta":[],"product_brand":[],"product_cat":[59],"product_tag":[65],"class_list":{"0":"post-26582","1":"product","2":"type-product","3":"status-publish","4":"has-post-thumbnail","6":"product_cat-individual-keyboard-keys","7":"product_tag-asus","9":"first","10":"instock","11":"taxable","12":"shipping-taxable","13":"purchasable","14":"product-type-simple"},"_links":{"self":[{"href":"https:\/\/boreait.com\/hr\/wp-json\/wp\/v2\/product\/26582","targetHints":{"allow":["GET"]}}],"collection":[{"href":"https:\/\/boreait.com\/hr\/wp-json\/wp\/v2\/product"}],"about":[{"href":"https:\/\/boreait.com\/hr\/wp-json\/wp\/v2\/types\/product"}],"wp:featuredmedia":[{"embeddable":true,"href":"https:\/\/boreait.com\/hr\/wp-json\/wp\/v2\/media\/26668"}],"wp:attachment":[{"href":"https:\/\/boreait.com\/hr\/wp-json\/wp\/v2\/media?parent=26582"}],"wp:term":[{"taxonomy":"product_brand","embeddable":true,"href":"https:\/\/boreait.com\/hr\/wp-json\/wp\/v2\/product_brand?post=26582"},{"taxonomy":"product_cat","embeddable":true,"href":"https:\/\/boreait.com\/hr\/wp-json\/wp\/v2\/product_cat?post=26582"},{"taxonomy":"product_tag","embeddable":true,"href":"https:\/\/boreait.com\/hr\/wp-json\/wp\/v2\/product_tag?post=26582"}],"curies":[{"name":"wp","href":"https:\/\/api.w.org\/{rel}","templated":true}]}}