{"id":26573,"date":"2025-07-25T13:04:10","date_gmt":"2025-07-25T13:04:10","guid":{"rendered":"https:\/\/boreait.com\/hr\/?post_type=product&#038;p=26573"},"modified":"2025-07-25T13:07:31","modified_gmt":"2025-07-25T13:07:31","slug":"hp-probook-450-g0-g1-g2-tipkovnica-zamjena-tipki-bez-pozadinskog-osvjetljenja-721953-001","status":"publish","type":"product","link":"https:\/\/boreait.com\/hr\/product\/hp-probook-450-g0-g1-g2-tipkovnica-zamjena-tipki-bez-pozadinskog-osvjetljenja-721953-001\/","title":{"rendered":"HP ProBook 450 G0\/G1\/G2 tipkovnica, zamjena tipki &#8211; bez pozadinskog osvjetljenja (721953-001)"},"content":{"rendered":"<p><strong>Napomena za kupca:<\/strong> Ovaj popis je samo za <strong>jednu tipku tipkovnice<\/strong>. Uklju\u010deni su \u0161arka i klju\u010d. Svi dostupni klju\u010devi prikazani su na slici u popisu. Klju\u010d \u0107e biti poslan u omotnici obi\u010dnom po\u0161tom. Nakon narud\u017ebe, po\u0161aljite nam poruku u kojoj \u0107ete navesti koji klju\u010d ili klju\u010deve trebate.<\/p>\n<p>Ovaj zamjenski klju\u010d je kompatibilan s prijenosnim ra\u010dunalima <strong>HP ProBook 450 G0, G1, G2, 455 G1 i 455 G2<\/strong>, s brojevima <strong>721953-001<\/strong> i <strong>7J1940<\/strong>. Tipkovnica <strong>bez pozadinskog osvjetljenja<\/strong> pru\u017ea pristupa\u010dnu opciju za popravljanje pojedina\u010dnih tipki na va\u0161em HP prijenosnom ra\u010dunalu.<\/p>\n<p>Jednostavno zamijenite tipke koje nedostaju ili su o\u0161te\u0107ene bez potrebe za kupnjom cijele tipkovnice.<\/p>\n","protected":false},"excerpt":{"rendered":"<p><strong>Ovo je popis za jednu tipku na tipkovnici.<\/strong> Uklju\u010deni su zglob i zup\u010danik tipke. Svi dostupni klju\u010devi prikazani su na slici popisa. Nakon \u0161to naru\u010dite, po\u0161aljite nam poruku s odre\u0111enim klju\u010devima koji su vam potrebni. Klju\u010d \u0107e biti poslan u omotnici obi\u010dnom po\u0161tom.<\/p>\n","protected":false},"featured_media":26659,"template":"","meta":[],"product_brand":[],"product_cat":[59],"product_tag":[60],"class_list":{"0":"post-26573","1":"product","2":"type-product","3":"status-publish","4":"has-post-thumbnail","6":"product_cat-individual-keyboard-keys","7":"product_tag-hp","9":"first","10":"instock","11":"taxable","12":"shipping-taxable","13":"purchasable","14":"product-type-simple"},"_links":{"self":[{"href":"https:\/\/boreait.com\/hr\/wp-json\/wp\/v2\/product\/26573","targetHints":{"allow":["GET"]}}],"collection":[{"href":"https:\/\/boreait.com\/hr\/wp-json\/wp\/v2\/product"}],"about":[{"href":"https:\/\/boreait.com\/hr\/wp-json\/wp\/v2\/types\/product"}],"wp:featuredmedia":[{"embeddable":true,"href":"https:\/\/boreait.com\/hr\/wp-json\/wp\/v2\/media\/26659"}],"wp:attachment":[{"href":"https:\/\/boreait.com\/hr\/wp-json\/wp\/v2\/media?parent=26573"}],"wp:term":[{"taxonomy":"product_brand","embeddable":true,"href":"https:\/\/boreait.com\/hr\/wp-json\/wp\/v2\/product_brand?post=26573"},{"taxonomy":"product_cat","embeddable":true,"href":"https:\/\/boreait.com\/hr\/wp-json\/wp\/v2\/product_cat?post=26573"},{"taxonomy":"product_tag","embeddable":true,"href":"https:\/\/boreait.com\/hr\/wp-json\/wp\/v2\/product_tag?post=26573"}],"curies":[{"name":"wp","href":"https:\/\/api.w.org\/{rel}","templated":true}]}}