{"id":26549,"date":"2025-07-25T13:03:16","date_gmt":"2025-07-25T13:03:16","guid":{"rendered":"https:\/\/boreait.com\/hr\/?post_type=product&#038;p=26549"},"modified":"2025-07-25T13:06:47","modified_gmt":"2025-07-25T13:06:47","slug":"lenovo-pc5c-us-kt01-tipkovnica-bez-pozadinskog-osvjetljenja-zamjena-tipki","status":"publish","type":"product","link":"https:\/\/boreait.com\/hr\/product\/lenovo-pc5c-us-kt01-tipkovnica-bez-pozadinskog-osvjetljenja-zamjena-tipki\/","title":{"rendered":"Lenovo PC5C-US KT01 tipkovnica bez pozadinskog osvjetljenja, zamjena tipki"},"content":{"rendered":"<p><strong>Napomena za kupca:<\/strong> Ovaj popis je samo za <strong>jednu tipku tipkovnice<\/strong>. Uklju\u010deni su \u0161arka i klju\u010d. Svi dostupni klju\u010devi prikazani su na slici u popisu. Klju\u010d \u0107e biti poslan u omotnici obi\u010dnom po\u0161tom. Nakon narud\u017ebe, po\u0161aljite nam poruku u kojoj \u0107ete navesti koji klju\u010d ili klju\u010deve trebate.<\/p>\n<p>Ovaj zamjenski klju\u010d je kompatibilan s tipkovnicom <strong>Lenovo PC5C-US KT01-18B6AS01USRA000<\/strong>, s brojem dijela <strong>PC5C<\/strong>. Tipkovnica je <strong>bez pozadinskog osvjetljenja<\/strong>, \u0161to je \u010dini savr\u0161enim rje\u0161enjem za standardne potrebe zamjene tipki.<\/p>\n<p>Idealno za zamjenu pojedina\u010dnih tipki na va\u0161oj Lenovo tipkovnici bez potrebe za potpunom zamjenom tipkovnice.<\/p>\n","protected":false},"excerpt":{"rendered":"<p><strong>Ovo je popis za jednu tipku na tipkovnici.<\/strong> Uklju\u010deni su zglob i zup\u010danik tipke. Svi dostupni klju\u010devi prikazani su na slici popisa. Nakon \u0161to naru\u010dite, po\u0161aljite nam poruku s odre\u0111enim klju\u010devima koji su vam potrebni. Klju\u010d \u0107e biti poslan u omotnici obi\u010dnom po\u0161tom.<\/p>\n","protected":false},"featured_media":26639,"template":"","meta":[],"product_brand":[],"product_cat":[59],"product_tag":[61],"class_list":{"0":"post-26549","1":"product","2":"type-product","3":"status-publish","4":"has-post-thumbnail","6":"product_cat-individual-keyboard-keys","7":"product_tag-lenovo","9":"first","10":"instock","11":"taxable","12":"shipping-taxable","13":"purchasable","14":"product-type-simple"},"_links":{"self":[{"href":"https:\/\/boreait.com\/hr\/wp-json\/wp\/v2\/product\/26549","targetHints":{"allow":["GET"]}}],"collection":[{"href":"https:\/\/boreait.com\/hr\/wp-json\/wp\/v2\/product"}],"about":[{"href":"https:\/\/boreait.com\/hr\/wp-json\/wp\/v2\/types\/product"}],"wp:featuredmedia":[{"embeddable":true,"href":"https:\/\/boreait.com\/hr\/wp-json\/wp\/v2\/media\/26639"}],"wp:attachment":[{"href":"https:\/\/boreait.com\/hr\/wp-json\/wp\/v2\/media?parent=26549"}],"wp:term":[{"taxonomy":"product_brand","embeddable":true,"href":"https:\/\/boreait.com\/hr\/wp-json\/wp\/v2\/product_brand?post=26549"},{"taxonomy":"product_cat","embeddable":true,"href":"https:\/\/boreait.com\/hr\/wp-json\/wp\/v2\/product_cat?post=26549"},{"taxonomy":"product_tag","embeddable":true,"href":"https:\/\/boreait.com\/hr\/wp-json\/wp\/v2\/product_tag?post=26549"}],"curies":[{"name":"wp","href":"https:\/\/api.w.org\/{rel}","templated":true}]}}