{"id":26537,"date":"2025-07-25T13:02:51","date_gmt":"2025-07-25T13:02:51","guid":{"rendered":"https:\/\/boreait.com\/hr\/?post_type=product&#038;p=26537"},"modified":"2025-07-25T13:06:33","modified_gmt":"2025-07-25T13:06:33","slug":"zamjena-tipki-tipkovnice-acer-aspire-es17-serije-bez-pozadinskog-osvjetljenja-v121702ak4","status":"publish","type":"product","link":"https:\/\/boreait.com\/hr\/product\/zamjena-tipki-tipkovnice-acer-aspire-es17-serije-bez-pozadinskog-osvjetljenja-v121702ak4\/","title":{"rendered":"Zamjena tipki tipkovnice Acer Aspire ES17 serije &#8211; bez pozadinskog osvjetljenja (V121702AK4)"},"content":{"rendered":"<p><strong>Napomena za kupca:<\/strong> Ovaj popis je samo za <strong>jednu tipku tipkovnice<\/strong>. Uklju\u010deni su \u0161arka i klju\u010d. Svi dostupni klju\u010devi prikazani su na slici u popisu. Klju\u010d \u0107e biti poslan u omotnici obi\u010dnom po\u0161tom. Nakon narud\u017ebe, po\u0161aljite nam poruku u kojoj \u0107ete navesti koji klju\u010d ili klju\u010deve trebate.<\/p>\n<p>Ovaj zamjenski klju\u010d kompatibilan je s <strong>Acer Aspire ES17 Series<\/strong> i podr\u017eava brojeve dijelova <strong>V121702AK4<\/strong> i <strong>PK130N42A24<\/strong>. Tipkovnica <strong>bez pozadinskog osvjetljenja<\/strong> pru\u017ea jednostavno i u\u010dinkovito rje\u0161enje za zamjenu tipki.<\/p>\n<p>Savr\u0161eno za zamjenu pojedina\u010dnih tipki na tipkovnici serije Acer Aspire ES17 bez potrebe za potpunom zamjenom tipkovnice.<\/p>\n","protected":false},"excerpt":{"rendered":"<p><strong>Ovo je popis za jednu tipku na tipkovnici.<\/strong> Uklju\u010deni su zglob i zup\u010danik tipke. Svi dostupni klju\u010devi prikazani su na slici popisa. Nakon \u0161to naru\u010dite, po\u0161aljite nam poruku s odre\u0111enim klju\u010devima koji su vam potrebni. Klju\u010d \u0107e biti poslan u omotnici obi\u010dnom po\u0161tom.<\/p>\n","protected":false},"featured_media":26634,"template":"","meta":[],"product_brand":[],"product_cat":[59],"product_tag":[64],"class_list":{"0":"post-26537","1":"product","2":"type-product","3":"status-publish","4":"has-post-thumbnail","6":"product_cat-individual-keyboard-keys","7":"product_tag-acer","9":"first","10":"instock","11":"taxable","12":"shipping-taxable","13":"purchasable","14":"product-type-simple"},"_links":{"self":[{"href":"https:\/\/boreait.com\/hr\/wp-json\/wp\/v2\/product\/26537","targetHints":{"allow":["GET"]}}],"collection":[{"href":"https:\/\/boreait.com\/hr\/wp-json\/wp\/v2\/product"}],"about":[{"href":"https:\/\/boreait.com\/hr\/wp-json\/wp\/v2\/types\/product"}],"wp:featuredmedia":[{"embeddable":true,"href":"https:\/\/boreait.com\/hr\/wp-json\/wp\/v2\/media\/26634"}],"wp:attachment":[{"href":"https:\/\/boreait.com\/hr\/wp-json\/wp\/v2\/media?parent=26537"}],"wp:term":[{"taxonomy":"product_brand","embeddable":true,"href":"https:\/\/boreait.com\/hr\/wp-json\/wp\/v2\/product_brand?post=26537"},{"taxonomy":"product_cat","embeddable":true,"href":"https:\/\/boreait.com\/hr\/wp-json\/wp\/v2\/product_cat?post=26537"},{"taxonomy":"product_tag","embeddable":true,"href":"https:\/\/boreait.com\/hr\/wp-json\/wp\/v2\/product_tag?post=26537"}],"curies":[{"name":"wp","href":"https:\/\/api.w.org\/{rel}","templated":true}]}}