{"id":26536,"date":"2025-07-25T13:02:50","date_gmt":"2025-07-25T13:02:50","guid":{"rendered":"https:\/\/boreait.com\/hr\/?post_type=product&#038;p=26536"},"modified":"2026-02-06T13:27:50","modified_gmt":"2026-02-06T13:27:50","slug":"kabel-kamere-lenovo-thinkpad-l540-originalni-zamjenski-dio","status":"publish","type":"product","link":"https:\/\/boreait.com\/hr\/product\/kabel-kamere-lenovo-thinkpad-l540-originalni-zamjenski-dio\/","title":{"rendered":"Kabel kamere Lenovo ThinkPad L540 &#8211; originalni zamjenski dio"},"content":{"rendered":"<p>Kabel za kameru Lenovo ThinkPad L540<\/p>\n<p>Osigurajte da va\u0161 Lenovo ThinkPad L540 potpuno radi s ovim originalnim zamjenskim kabelom kamere. Bez obzira na to imate li problema s kamerom prijenosnog ra\u010dunala ili se bavite neispravnom vezom, ovaj je kabel dizajniran za vra\u0107anje video funkcionalnosti prijenosnog ra\u010dunala.<\/p>\n<p>**Zna\u010dajke proizvoda:**<\/p>\n<p>&#8211; **Kompatibilnost:** Posebno dizajnirano za model Lenovo ThinkPad L540.<\/p>\n<p>&#8211; **Funkcionalnost:** zamjenjuje o\u0161te\u0107ene ili neispravne kabele kamere za vra\u0107anje pune video funkcionalnosti.<\/p>\n<p>&#8211; **Stanje:** Pru\u017eene su stvarne fotografije proizvoda kako bi se prikazao to\u010dan kabel koji \u0107ete dobiti.<\/p>\n<p>**Za\u0161to odabrati ovaj kabel kamere?**<\/p>\n<p>&#8211; **Pouzdana zamjena:** Idealno za rje\u0161avanje problema s povezivanjem kamere na va\u0161em Lenovo ThinkPad L540.<\/p>\n<p>&#8211; **Jednostavna instalacija:** Izravna zamjena, ne zahtijeva modifikacije radi kompatibilnosti.<\/p>\n<p>&#8211; **Dostava diljem svijeta:** Dostupno za globalnu dostavu, s fokusom na Europu.<\/p>\n<p>Ako trebate bilo kakvu dodatnu pomo\u0107 oko instalacije ili daljnje upite o proizvodu, slobodno nas kontaktirajte. Rado \u0107emo vam pomo\u0107i u osiguravanju besprijekornog procesa zamjene.<\/p>\n<p>**Va\u017eno:** Fotografije u ovom popisu odnose se na stvarni kabel kamere koji \u0107ete dobiti, \u010dime se osigurava transparentnost i to\u010dnost onoga \u0161to \u0107ete dobiti.<\/p>\n","protected":false},"excerpt":{"rendered":"<p>Kabel kamere za Lenovo ThinkPad L540 \u2013 Originalni zamjenski dio. Zamijenite o\u0161te\u0107ene ili neispravne kabele kamere kako biste vratili video funkcionalnost na va\u0161em Lenovo ThinkPad L540.<\/p>\n","protected":false},"featured_media":26628,"template":"","meta":[],"product_brand":[],"product_cat":[55],"product_tag":[61],"class_list":{"0":"post-26536","1":"product","2":"type-product","3":"status-publish","4":"has-post-thumbnail","6":"product_cat-cables","7":"product_tag-lenovo","9":"first","10":"instock","11":"taxable","12":"shipping-taxable","13":"purchasable","14":"product-type-simple"},"_links":{"self":[{"href":"https:\/\/boreait.com\/hr\/wp-json\/wp\/v2\/product\/26536","targetHints":{"allow":["GET"]}}],"collection":[{"href":"https:\/\/boreait.com\/hr\/wp-json\/wp\/v2\/product"}],"about":[{"href":"https:\/\/boreait.com\/hr\/wp-json\/wp\/v2\/types\/product"}],"wp:featuredmedia":[{"embeddable":true,"href":"https:\/\/boreait.com\/hr\/wp-json\/wp\/v2\/media\/26628"}],"wp:attachment":[{"href":"https:\/\/boreait.com\/hr\/wp-json\/wp\/v2\/media?parent=26536"}],"wp:term":[{"taxonomy":"product_brand","embeddable":true,"href":"https:\/\/boreait.com\/hr\/wp-json\/wp\/v2\/product_brand?post=26536"},{"taxonomy":"product_cat","embeddable":true,"href":"https:\/\/boreait.com\/hr\/wp-json\/wp\/v2\/product_cat?post=26536"},{"taxonomy":"product_tag","embeddable":true,"href":"https:\/\/boreait.com\/hr\/wp-json\/wp\/v2\/product_tag?post=26536"}],"curies":[{"name":"wp","href":"https:\/\/api.w.org\/{rel}","templated":true}]}}