{"id":26514,"date":"2025-07-25T13:01:59","date_gmt":"2025-07-25T13:01:59","guid":{"rendered":"https:\/\/boreait.com\/hr\/?post_type=product&#038;p=26514"},"modified":"2025-07-25T13:06:03","modified_gmt":"2025-07-25T13:06:03","slug":"dell-latitude-e5530-uj8e1-0v6n3j-dvd-opticki-pogon-sata-originalni-dijelovi","status":"publish","type":"product","link":"https:\/\/boreait.com\/hr\/product\/dell-latitude-e5530-uj8e1-0v6n3j-dvd-opticki-pogon-sata-originalni-dijelovi\/","title":{"rendered":"Dell Latitude E5530 UJ8E1 0V6N3J DVD opti\u010dki pogon SATA \u2013 originalni dijelovi"},"content":{"rendered":"<p>Dell Latitude E5530 DVD opti\u010dki pogon (UJ8E1 0V6N3J) \u2013 SATA<\/p>\n<p>Vratite punu funkcionalnost svog Dell Latitude E5530 s ovim originalnim DVD opti\u010dkim pogonom (model UJ8E1, broj dijela 0V6N3J). Dizajniran za besprijekornu kompatibilnost s va\u0161im prijenosnim ra\u010dunalom, ovaj SATA DVD pogon savr\u0161en je za \u010ditanje i pisanje DVD-ova, \u0161to ga \u010dini bitnom zamjenom za va\u0161 neispravan ili nedostaju\u0107i opti\u010dki pogon.<\/p>\n<p>**Zna\u010dajke proizvoda:**<\/p>\n<p>&#8211; **Kompatibilnost:** model prijenosnog ra\u010dunala Dell Latitude E5530.<\/p>\n<p>&#8211; **Brojevi dijelova:** UJ8E1, 0V6N3J.<\/p>\n<p>&#8211; **Vrsta pogona:** SATA DVD opti\u010dki pogon za \u010ditanje i pisanje DVD-ova.<\/p>\n<p>&#8211; **Originalni dijelovi:** Autenti\u010dna Dell zamjena za osiguravanje optimalnih performansi.<\/p>\n<p>**Za\u0161to odabrati ovaj DVD ure\u0111aj?**<\/p>\n<p>&#8211; **Pouzdana izvedba:** Izravna zamjena za pogone koji ne rade ili nedostaju.<\/p>\n<p>&#8211; **Besprijekorna instalacija:** Plug-and-play kompatibilnost za jednostavnu instalaciju u va\u0161 Dell Latitude E5530.<\/p>\n<p>&#8211; **Dostava diljem svijeta:** dostupno za globalnu kupnju, s fokusom na Europu.<\/p>\n<p>Imajte na umu da upute za instalaciju nisu uklju\u010dene. Me\u0111utim, slobodno nam po\u0161aljite poruku ako vam je potrebna dodatna podr\u0161ka pri instalaciji ili imate pitanja o ovom proizvodu.<\/p>\n<p>**Va\u017eno:** Fotografije u ovom popisu prikazuju stvarni proizvod koji \u0107ete dobiti, jam\u010de\u0107i da je stanje artikla kao \u0161to je prikazano.<\/p>\n","protected":false},"excerpt":{"rendered":"<p>Dell Latitude E5530 DVD opti\u010dki pogon (UJ8E1 0V6N3J) \u2013 Originalni zamjenski opti\u010dki pogon. Savr\u0161eno za zamjenu neispravnog pogona ili pogona koji nedostaje, osiguravaju\u0107i glatko \u010ditanje i pisanje DVD-ova.<\/p>\n","protected":false},"featured_media":26622,"template":"","meta":[],"product_brand":[],"product_cat":[62],"product_tag":[52],"class_list":{"0":"post-26514","1":"product","2":"type-product","3":"status-publish","4":"has-post-thumbnail","6":"product_cat-motherboards-board-parts","7":"product_tag-dell","9":"first","10":"instock","11":"taxable","12":"shipping-taxable","13":"purchasable","14":"product-type-simple"},"_links":{"self":[{"href":"https:\/\/boreait.com\/hr\/wp-json\/wp\/v2\/product\/26514","targetHints":{"allow":["GET"]}}],"collection":[{"href":"https:\/\/boreait.com\/hr\/wp-json\/wp\/v2\/product"}],"about":[{"href":"https:\/\/boreait.com\/hr\/wp-json\/wp\/v2\/types\/product"}],"wp:featuredmedia":[{"embeddable":true,"href":"https:\/\/boreait.com\/hr\/wp-json\/wp\/v2\/media\/26622"}],"wp:attachment":[{"href":"https:\/\/boreait.com\/hr\/wp-json\/wp\/v2\/media?parent=26514"}],"wp:term":[{"taxonomy":"product_brand","embeddable":true,"href":"https:\/\/boreait.com\/hr\/wp-json\/wp\/v2\/product_brand?post=26514"},{"taxonomy":"product_cat","embeddable":true,"href":"https:\/\/boreait.com\/hr\/wp-json\/wp\/v2\/product_cat?post=26514"},{"taxonomy":"product_tag","embeddable":true,"href":"https:\/\/boreait.com\/hr\/wp-json\/wp\/v2\/product_tag?post=26514"}],"curies":[{"name":"wp","href":"https:\/\/api.w.org\/{rel}","templated":true}]}}