{"id":26512,"date":"2025-07-25T13:01:59","date_gmt":"2025-07-25T13:01:59","guid":{"rendered":"https:\/\/boreait.com\/hr\/?post_type=product&#038;p=26512"},"modified":"2026-02-06T13:27:05","modified_gmt":"2026-02-06T13:27:05","slug":"zamjena-wifi-kartice-za-prijenosno-racunalo-dell-latitude-e5530n-86rr6-086rr6-cn-086rr6","status":"publish","type":"product","link":"https:\/\/boreait.com\/hr\/product\/zamjena-wifi-kartice-za-prijenosno-racunalo-dell-latitude-e5530n-86rr6-086rr6-cn-086rr6\/","title":{"rendered":"Zamjena WiFi kartice za prijenosno ra\u010dunalo Dell Latitude E5530N 86RR6 086RR6 CN-086RR6"},"content":{"rendered":"<p>WiFi kartica za Dell Latitude E5530 (86RR6 086RR6 CN-086RR6)<\/p>\n<p>Osigurajte da va\u0161 Dell Latitude E5530 ostane povezan s ovom originalnom WiFi karticom. Bilo da mijenjate neispravnu karticu ili nadogra\u0111ujete, ova komponenta osigurava stabilnu i pouzdanu be\u017ei\u010dnu vezu.<\/p>\n<p>Zna\u010dajke proizvoda:<\/p>\n<p>&#8211; **Kompatibilnost:** Posebno dizajnirano za model prijenosnog ra\u010dunala Dell Latitude E5530.<\/p>\n<p>&#8211; **Brojevi dijelova:** 86RR6, 086RR6, CN-086RR6.<\/p>\n<p>&#8211; **Funkcionalnost:** Zamjenjuje neispravnu WiFi karticu za ponovno uspostavljanje mogu\u0107nosti be\u017ei\u010dnog umre\u017eavanja.<\/p>\n<p>&#8211; **Fotografije:** Slike u ovom popisu prikazuju stvarnu WiFi karticu koju \u0107ete dobiti, tako da mo\u017eete provjeriti njeno stanje.<\/p>\n<p>Za\u0161to odabrati ovu WiFi karticu?<\/p>\n<p>&#8211; **Vra\u0107a povezanost:** Savr\u0161eno rje\u0161enje za rje\u0161avanje problema s WiFi mre\u017eom na va\u0161em Dell Latitude E5530.<\/p>\n<p>&#8211; **Izravna zamjena:** Lako se postavlja, nisu potrebne dodatne izmjene.<\/p>\n<p>&#8211; **Globalna dostava:** Nudimo dostavu diljem svijeta s fokusom na Europu.<\/p>\n<p>Imajte na umu da upute za instalaciju nisu prilo\u017eene. Ako trebate pomo\u0107 pri instalaciji, slobodno nas kontaktirajte za podr\u0161ku.<\/p>\n<p>**Va\u017eno:** Fotografije u ovom popisu prikazuju to\u010dnu WiFi karticu koju \u0107ete dobiti, \u010dime se osigurava preglednost stanja proizvoda.<\/p>\n","protected":false},"excerpt":{"rendered":"<p>WiFi kartica za Dell Latitude E5530 (86RR6 086RR6 CN-086RR6). Ova originalna zamjenska kartica vra\u0107a be\u017ei\u010dnu vezu na va\u0161e prijenosno ra\u010dunalo Dell, nude\u0107i pouzdane i stabilne performanse.<\/p>\n","protected":false},"featured_media":26613,"template":"","meta":[],"product_brand":[],"product_cat":[62],"product_tag":[52],"class_list":{"0":"post-26512","1":"product","2":"type-product","3":"status-publish","4":"has-post-thumbnail","6":"product_cat-motherboards-board-parts","7":"product_tag-dell","9":"first","10":"instock","11":"taxable","12":"shipping-taxable","13":"purchasable","14":"product-type-simple"},"_links":{"self":[{"href":"https:\/\/boreait.com\/hr\/wp-json\/wp\/v2\/product\/26512","targetHints":{"allow":["GET"]}}],"collection":[{"href":"https:\/\/boreait.com\/hr\/wp-json\/wp\/v2\/product"}],"about":[{"href":"https:\/\/boreait.com\/hr\/wp-json\/wp\/v2\/types\/product"}],"wp:featuredmedia":[{"embeddable":true,"href":"https:\/\/boreait.com\/hr\/wp-json\/wp\/v2\/media\/26613"}],"wp:attachment":[{"href":"https:\/\/boreait.com\/hr\/wp-json\/wp\/v2\/media?parent=26512"}],"wp:term":[{"taxonomy":"product_brand","embeddable":true,"href":"https:\/\/boreait.com\/hr\/wp-json\/wp\/v2\/product_brand?post=26512"},{"taxonomy":"product_cat","embeddable":true,"href":"https:\/\/boreait.com\/hr\/wp-json\/wp\/v2\/product_cat?post=26512"},{"taxonomy":"product_tag","embeddable":true,"href":"https:\/\/boreait.com\/hr\/wp-json\/wp\/v2\/product_tag?post=26512"}],"curies":[{"name":"wp","href":"https:\/\/api.w.org\/{rel}","templated":true}]}}