{"id":26507,"date":"2025-07-25T13:01:58","date_gmt":"2025-07-25T13:01:58","guid":{"rendered":"https:\/\/boreait.com\/hr\/?post_type=product&#038;p=26507"},"modified":"2025-07-25T13:05:33","modified_gmt":"2025-07-25T13:05:33","slug":"zamjenski-kljuc-za-hp-compaq-pavilion-15-p245sa-crni-bez-pozadinskog-osvjetljenja","status":"publish","type":"product","link":"https:\/\/boreait.com\/hr\/product\/zamjenski-kljuc-za-hp-compaq-pavilion-15-p245sa-crni-bez-pozadinskog-osvjetljenja\/","title":{"rendered":"Zamjenski klju\u010d za HP Compaq Pavilion 15-P245SA &#8211; crni, bez pozadinskog osvjetljenja"},"content":{"rendered":"<p><strong>Napomena za kupca:<\/strong> Ovaj popis je samo za <strong>jednu tipku tipkovnice<\/strong>. Uklju\u010deni su \u0161arka i klju\u010d. Svi dostupni klju\u010devi prikazani su na slici u popisu. Klju\u010d \u0107e biti poslan u omotnici obi\u010dnom po\u0161tom. Nakon narud\u017ebe, po\u0161aljite nam poruku u kojoj \u0107ete navesti koji klju\u010d ili klju\u010deve trebate.<\/p>\n<p>Ovaj zamjenski klju\u010d je kompatibilan s modelom <strong>HP Compaq Pavilion 15-P245SA<\/strong> i podr\u017eava brojeve dijelova <strong>15P245SA<\/strong>, <strong>5057143223358<\/strong>, <strong>5057143213847<\/strong>, <strong>5053019922974<\/strong>, <strong>5054276401585<\/strong> i <strong>10024482503<\/strong>. Ova tipkovnica je <strong>bez pozadinskog osvjetljenja<\/strong> i ima crni raspored.<\/p>\n<p>Prakti\u010dno i isplativo rje\u0161enje za zamjenu pojedina\u010dnih tipki na tipkovnici HP Compaq Pavilion 15-P245SA.<\/p>\n","protected":false},"excerpt":{"rendered":"<p><strong>Ovo je popis za jednu tipku na tipkovnici.<\/strong> Uklju\u010deni su zglob i zup\u010danik tipke. Svi dostupni klju\u010devi prikazani su na slici popisa. Nakon \u0161to naru\u010dite, po\u0161aljite nam poruku s odre\u0111enim klju\u010devima koji su vam potrebni. Klju\u010d \u0107e biti poslan u omotnici obi\u010dnom po\u0161tom.<\/p>\n","protected":false},"featured_media":26601,"template":"","meta":[],"product_brand":[],"product_cat":[59],"product_tag":[60],"class_list":{"0":"post-26507","1":"product","2":"type-product","3":"status-publish","4":"has-post-thumbnail","6":"product_cat-individual-keyboard-keys","7":"product_tag-hp","9":"first","10":"instock","11":"taxable","12":"shipping-taxable","13":"purchasable","14":"product-type-simple"},"_links":{"self":[{"href":"https:\/\/boreait.com\/hr\/wp-json\/wp\/v2\/product\/26507","targetHints":{"allow":["GET"]}}],"collection":[{"href":"https:\/\/boreait.com\/hr\/wp-json\/wp\/v2\/product"}],"about":[{"href":"https:\/\/boreait.com\/hr\/wp-json\/wp\/v2\/types\/product"}],"wp:featuredmedia":[{"embeddable":true,"href":"https:\/\/boreait.com\/hr\/wp-json\/wp\/v2\/media\/26601"}],"wp:attachment":[{"href":"https:\/\/boreait.com\/hr\/wp-json\/wp\/v2\/media?parent=26507"}],"wp:term":[{"taxonomy":"product_brand","embeddable":true,"href":"https:\/\/boreait.com\/hr\/wp-json\/wp\/v2\/product_brand?post=26507"},{"taxonomy":"product_cat","embeddable":true,"href":"https:\/\/boreait.com\/hr\/wp-json\/wp\/v2\/product_cat?post=26507"},{"taxonomy":"product_tag","embeddable":true,"href":"https:\/\/boreait.com\/hr\/wp-json\/wp\/v2\/product_tag?post=26507"}],"curies":[{"name":"wp","href":"https:\/\/api.w.org\/{rel}","templated":true}]}}