{"id":26506,"date":"2025-07-25T13:01:58","date_gmt":"2025-07-25T13:01:58","guid":{"rendered":"https:\/\/boreait.com\/hr\/?post_type=product&#038;p=26506"},"modified":"2025-07-25T13:05:25","modified_gmt":"2025-07-25T13:05:25","slug":"lenovo-thinkpad-t440s-zamjenska-tipka-tipkovnice-original-04y0891-0c02282","status":"publish","type":"product","link":"https:\/\/boreait.com\/hr\/product\/lenovo-thinkpad-t440s-zamjenska-tipka-tipkovnice-original-04y0891-0c02282\/","title":{"rendered":"Lenovo ThinkPad T440s zamjenska tipka tipkovnice &#8211; original (04Y0891, 0C02282)"},"content":{"rendered":"<p><strong>Napomena za kupca:<\/strong> Ovaj popis je samo za <strong>jednu tipku tipkovnice<\/strong>. Uklju\u010deni su \u0161arka i klju\u010d. Svi dostupni klju\u010devi prikazani su na slici u popisu. Klju\u010d \u0107e biti poslan u omotnici obi\u010dnom po\u0161tom. Nakon narud\u017ebe, po\u0161aljite nam poruku u kojoj \u0107ete navesti koji klju\u010d ili klju\u010deve trebate.<\/p>\n<p>Ovaj originalni zamjenski klju\u010d je za model <strong>Lenovo ThinkPad T440s<\/strong> i podr\u017eava brojeve dijelova <strong>04Y0891<\/strong>, <strong>0C02282<\/strong>, <strong>5056570012511<\/strong> i <strong>1951467170<\/strong>. Tipkovnica je <strong>bez pozadinskog osvjetljenja<\/strong>, \u0161to je \u010dini standardnom zamjenskom opcijom za ovaj model.<\/p>\n<p>Zamijenite pojedina\u010dne tipke na svom Lenovo ThinkPad T440s lako i pristupa\u010dno bez potrebe za kupnjom cijele tipkovnice.<\/p>\n","protected":false},"excerpt":{"rendered":"<p><strong>Ovo je popis za jednu tipku na tipkovnici.<\/strong> Uklju\u010deni su zglob i zup\u010danik tipke. Svi dostupni klju\u010devi prikazani su na slici popisa. Nakon \u0161to naru\u010dite, po\u0161aljite nam poruku s odre\u0111enim klju\u010devima koji su vam potrebni. Klju\u010d \u0107e biti poslan u omotnici obi\u010dnom po\u0161tom.<\/p>\n","protected":false},"featured_media":26598,"template":"","meta":[],"product_brand":[],"product_cat":[59],"product_tag":[61],"class_list":{"0":"post-26506","1":"product","2":"type-product","3":"status-publish","4":"has-post-thumbnail","6":"product_cat-individual-keyboard-keys","7":"product_tag-lenovo","9":"first","10":"instock","11":"taxable","12":"shipping-taxable","13":"purchasable","14":"product-type-simple"},"_links":{"self":[{"href":"https:\/\/boreait.com\/hr\/wp-json\/wp\/v2\/product\/26506","targetHints":{"allow":["GET"]}}],"collection":[{"href":"https:\/\/boreait.com\/hr\/wp-json\/wp\/v2\/product"}],"about":[{"href":"https:\/\/boreait.com\/hr\/wp-json\/wp\/v2\/types\/product"}],"wp:featuredmedia":[{"embeddable":true,"href":"https:\/\/boreait.com\/hr\/wp-json\/wp\/v2\/media\/26598"}],"wp:attachment":[{"href":"https:\/\/boreait.com\/hr\/wp-json\/wp\/v2\/media?parent=26506"}],"wp:term":[{"taxonomy":"product_brand","embeddable":true,"href":"https:\/\/boreait.com\/hr\/wp-json\/wp\/v2\/product_brand?post=26506"},{"taxonomy":"product_cat","embeddable":true,"href":"https:\/\/boreait.com\/hr\/wp-json\/wp\/v2\/product_cat?post=26506"},{"taxonomy":"product_tag","embeddable":true,"href":"https:\/\/boreait.com\/hr\/wp-json\/wp\/v2\/product_tag?post=26506"}],"curies":[{"name":"wp","href":"https:\/\/api.w.org\/{rel}","templated":true}]}}