{"id":26496,"date":"2025-07-25T13:01:34","date_gmt":"2025-07-25T13:01:34","guid":{"rendered":"https:\/\/boreait.com\/hr\/?post_type=product&#038;p=26496"},"modified":"2025-07-25T13:05:17","modified_gmt":"2025-07-25T13:05:17","slug":"zamjena-tipki-na-tipkovnici-dell-latitude-5414-s-pozadinskim-osvjetljenjem-original-03n36k","status":"publish","type":"product","link":"https:\/\/boreait.com\/hr\/product\/zamjena-tipki-na-tipkovnici-dell-latitude-5414-s-pozadinskim-osvjetljenjem-original-03n36k\/","title":{"rendered":"Zamjena tipki na tipkovnici Dell Latitude 5414 s pozadinskim osvjetljenjem &#8211; original (03N36K)"},"content":{"rendered":"<p><strong>Napomena za kupca:<\/strong> Ovaj popis je samo za <strong>jednu tipku tipkovnice<\/strong>. Uklju\u010deni su \u0161arka i klju\u010d. Svi dostupni klju\u010devi prikazani su na slici u popisu. Klju\u010d \u0107e biti poslan u omotnici obi\u010dnom po\u0161tom. Nakon narud\u017ebe, po\u0161aljite nam poruku u kojoj \u0107ete navesti koji klju\u010d ili klju\u010deve trebate.<\/p>\n<p>Ovaj originalni zamjenski klju\u010d je za model <strong>Dell Latitude 5414<\/strong>, s brojem dijela <strong>03N36K<\/strong>. Tipkovnica ima <strong>pozadinsko osvjetljenje<\/strong> QWERTY raspored, osiguravaju\u0107i pobolj\u0161anu vidljivost u uvjetima slabog osvjetljenja.<\/p>\n<p>Idealno rje\u0161enje za zamjenu pojedina\u010dnih tipki na va\u0161oj tipkovnici Dell Latitude 5414 bez potrebe za zamjenom cijele jedinice.<\/p>\n","protected":false},"excerpt":{"rendered":"<p><strong>Ovo je popis za jednu tipku na tipkovnici.<\/strong> Uklju\u010deni su zglob i zup\u010danik tipke. Svi dostupni klju\u010devi prikazani su na slici popisa. Nakon \u0161to naru\u010dite, po\u0161aljite nam poruku s odre\u0111enim klju\u010devima koji su vam potrebni. Klju\u010d \u0107e biti poslan u omotnici obi\u010dnom po\u0161tom.<\/p>\n","protected":false},"featured_media":26595,"template":"","meta":[],"product_brand":[],"product_cat":[59],"product_tag":[52],"class_list":{"0":"post-26496","1":"product","2":"type-product","3":"status-publish","4":"has-post-thumbnail","6":"product_cat-individual-keyboard-keys","7":"product_tag-dell","9":"first","10":"instock","11":"taxable","12":"shipping-taxable","13":"purchasable","14":"product-type-simple"},"_links":{"self":[{"href":"https:\/\/boreait.com\/hr\/wp-json\/wp\/v2\/product\/26496","targetHints":{"allow":["GET"]}}],"collection":[{"href":"https:\/\/boreait.com\/hr\/wp-json\/wp\/v2\/product"}],"about":[{"href":"https:\/\/boreait.com\/hr\/wp-json\/wp\/v2\/types\/product"}],"wp:featuredmedia":[{"embeddable":true,"href":"https:\/\/boreait.com\/hr\/wp-json\/wp\/v2\/media\/26595"}],"wp:attachment":[{"href":"https:\/\/boreait.com\/hr\/wp-json\/wp\/v2\/media?parent=26496"}],"wp:term":[{"taxonomy":"product_brand","embeddable":true,"href":"https:\/\/boreait.com\/hr\/wp-json\/wp\/v2\/product_brand?post=26496"},{"taxonomy":"product_cat","embeddable":true,"href":"https:\/\/boreait.com\/hr\/wp-json\/wp\/v2\/product_cat?post=26496"},{"taxonomy":"product_tag","embeddable":true,"href":"https:\/\/boreait.com\/hr\/wp-json\/wp\/v2\/product_tag?post=26496"}],"curies":[{"name":"wp","href":"https:\/\/api.w.org\/{rel}","templated":true}]}}