{"id":26495,"date":"2025-07-25T13:01:34","date_gmt":"2025-07-25T13:01:34","guid":{"rendered":"https:\/\/boreait.com\/hr\/?post_type=product&#038;p=26495"},"modified":"2025-07-25T13:05:04","modified_gmt":"2025-07-25T13:05:04","slug":"zamjena-tipki-tipkovnice-dell-latitude-e5450-e5470-e7470-e7450-pozadinsko-osvjetljenje-originalni-07tndw","status":"publish","type":"product","link":"https:\/\/boreait.com\/hr\/product\/zamjena-tipki-tipkovnice-dell-latitude-e5450-e5470-e7470-e7450-pozadinsko-osvjetljenje-originalni-07tndw\/","title":{"rendered":"Zamjena tipki tipkovnice Dell Latitude E5450 E5470 E7470 E7450 &#8211; pozadinsko osvjetljenje (originalni 07TNDW)"},"content":{"rendered":"<p><strong>Napomena za kupca:<\/strong> Ovaj popis je samo za <strong>jednu tipku tipkovnice<\/strong>. Uklju\u010deni su \u0161arka i klju\u010d. Svi dostupni klju\u010devi prikazani su na slici u popisu. Klju\u010d \u0107e biti poslan u omotnici obi\u010dnom po\u0161tom. Nakon narud\u017ebe, po\u0161aljite nam poruku u kojoj \u0107ete navesti koji klju\u010d ili klju\u010deve trebate.<\/p>\n<p>Ovaj klju\u010d je originalna zamjena za tipkovnice Dell Latitude E5450 E5470 E7470 E7450 s brojem dijela <strong>07TNDW<\/strong>. Ima <strong>pozadinsko osvjetljenje<\/strong>, pru\u017eaju\u0107i pobolj\u0161anu vidljivost u uvjetima slabog osvjetljenja.<\/p>\n<p>Savr\u0161eno za zamjenu pojedina\u010dnih tipki na va\u0161oj Dell tipkovnici bez potrebe za potpunom zamjenom tipkovnice.<\/p>\n","protected":false},"excerpt":{"rendered":"<p><strong>Ovo je popis za jednu tipku na tipkovnici.<\/strong> Uklju\u010deni su zglob i zup\u010danik tipke. Svi dostupni klju\u010devi prikazani su na slici popisa. Nakon \u0161to naru\u010dite, po\u0161aljite nam poruku s odre\u0111enim klju\u010devima koji su vam potrebni. Klju\u010d \u0107e biti poslan u omotnici obi\u010dnom po\u0161tom.<\/p>\n","protected":false},"featured_media":26589,"template":"","meta":[],"product_brand":[],"product_cat":[59],"product_tag":[52],"class_list":{"0":"post-26495","1":"product","2":"type-product","3":"status-publish","4":"has-post-thumbnail","6":"product_cat-individual-keyboard-keys","7":"product_tag-dell","9":"first","10":"instock","11":"taxable","12":"shipping-taxable","13":"purchasable","14":"product-type-simple"},"_links":{"self":[{"href":"https:\/\/boreait.com\/hr\/wp-json\/wp\/v2\/product\/26495","targetHints":{"allow":["GET"]}}],"collection":[{"href":"https:\/\/boreait.com\/hr\/wp-json\/wp\/v2\/product"}],"about":[{"href":"https:\/\/boreait.com\/hr\/wp-json\/wp\/v2\/types\/product"}],"wp:featuredmedia":[{"embeddable":true,"href":"https:\/\/boreait.com\/hr\/wp-json\/wp\/v2\/media\/26589"}],"wp:attachment":[{"href":"https:\/\/boreait.com\/hr\/wp-json\/wp\/v2\/media?parent=26495"}],"wp:term":[{"taxonomy":"product_brand","embeddable":true,"href":"https:\/\/boreait.com\/hr\/wp-json\/wp\/v2\/product_brand?post=26495"},{"taxonomy":"product_cat","embeddable":true,"href":"https:\/\/boreait.com\/hr\/wp-json\/wp\/v2\/product_cat?post=26495"},{"taxonomy":"product_tag","embeddable":true,"href":"https:\/\/boreait.com\/hr\/wp-json\/wp\/v2\/product_tag?post=26495"}],"curies":[{"name":"wp","href":"https:\/\/api.w.org\/{rel}","templated":true}]}}