{"id":26494,"date":"2025-07-25T13:01:34","date_gmt":"2025-07-25T13:01:34","guid":{"rendered":"https:\/\/boreait.com\/hr\/?post_type=product&#038;p=26494"},"modified":"2025-07-25T13:04:50","modified_gmt":"2025-07-25T13:04:50","slug":"tipka-tipkovnice-lenovo-thinkpad-t430-t530-x230-pozadinsko-osvjetljenje-04x1201-0c01980","status":"publish","type":"product","link":"https:\/\/boreait.com\/hr\/product\/tipka-tipkovnice-lenovo-thinkpad-t430-t530-x230-pozadinsko-osvjetljenje-04x1201-0c01980\/","title":{"rendered":"Tipka tipkovnice Lenovo ThinkPad T430\/T530\/X230 &#8211; pozadinsko osvjetljenje (04X1201, 0C01980)"},"content":{"rendered":"<p><strong>Napomena za kupca:<\/strong> Ovaj popis je samo za <strong>jednu tipku tipkovnice<\/strong>. Uklju\u010deni su \u0161arka i klju\u010d. Svi dostupni klju\u010devi prikazani su na slici u popisu. Klju\u010d \u0107e biti poslan u omotnici obi\u010dnom po\u0161tom. Nakon narud\u017ebe, po\u0161aljite nam poruku u kojoj \u0107ete navesti koji klju\u010d ili klju\u010deve trebate.<\/p>\n<p>Ova tipka tipkovnice kompatibilna je s <strong>Lenovo ThinkPad modelima T430, T430i, T430s, T530, X230, X230i, L430 i L530<\/strong>. Podr\u017eava brojeve dijelova <strong>04X1201<\/strong>, <strong>0706954975035<\/strong>, <strong>28006803739<\/strong> i <strong>0C01980<\/strong>. Tipka ima <strong>pozadinsko osvjetljenje<\/strong>, \u0161to osigurava vidljivost u uvjetima slabog osvjetljenja.<\/p>\n<p>Idealno za zamjenu pojedina\u010dnih tipki na va\u0161oj Lenovo ThinkPad tipkovnici bez potrebe za potpunom zamjenom tipkovnice.<\/p>\n","protected":false},"excerpt":{"rendered":"<p><strong>Ovo je popis za jednu tipku na tipkovnici.<\/strong> Uklju\u010deni su zglob i zup\u010danik tipke. Svi dostupni klju\u010devi prikazani su na slici popisa. Nakon \u0161to naru\u010dite, po\u0161aljite nam poruku s odre\u0111enim klju\u010devima koji su vam potrebni. Klju\u010d \u0107e biti poslan u omotnici obi\u010dnom po\u0161tom.<\/p>\n","protected":false},"featured_media":26586,"template":"","meta":[],"product_brand":[],"product_cat":[59],"product_tag":[61],"class_list":{"0":"post-26494","1":"product","2":"type-product","3":"status-publish","4":"has-post-thumbnail","6":"product_cat-individual-keyboard-keys","7":"product_tag-lenovo","9":"first","10":"instock","11":"taxable","12":"shipping-taxable","13":"purchasable","14":"product-type-simple"},"_links":{"self":[{"href":"https:\/\/boreait.com\/hr\/wp-json\/wp\/v2\/product\/26494","targetHints":{"allow":["GET"]}}],"collection":[{"href":"https:\/\/boreait.com\/hr\/wp-json\/wp\/v2\/product"}],"about":[{"href":"https:\/\/boreait.com\/hr\/wp-json\/wp\/v2\/types\/product"}],"wp:featuredmedia":[{"embeddable":true,"href":"https:\/\/boreait.com\/hr\/wp-json\/wp\/v2\/media\/26586"}],"wp:attachment":[{"href":"https:\/\/boreait.com\/hr\/wp-json\/wp\/v2\/media?parent=26494"}],"wp:term":[{"taxonomy":"product_brand","embeddable":true,"href":"https:\/\/boreait.com\/hr\/wp-json\/wp\/v2\/product_brand?post=26494"},{"taxonomy":"product_cat","embeddable":true,"href":"https:\/\/boreait.com\/hr\/wp-json\/wp\/v2\/product_cat?post=26494"},{"taxonomy":"product_tag","embeddable":true,"href":"https:\/\/boreait.com\/hr\/wp-json\/wp\/v2\/product_tag?post=26494"}],"curies":[{"name":"wp","href":"https:\/\/api.w.org\/{rel}","templated":true}]}}