{"id":26492,"date":"2025-07-25T13:01:33","date_gmt":"2025-07-25T13:01:33","guid":{"rendered":"https:\/\/boreait.com\/hr\/?post_type=product&#038;p=26492"},"modified":"2025-07-25T13:04:31","modified_gmt":"2025-07-25T13:04:31","slug":"zamjena-tipki-tipkovnice-dell-latitude-e5450-e7450-pozadinsko-osvjetljenje-0d19tr","status":"publish","type":"product","link":"https:\/\/boreait.com\/hr\/product\/zamjena-tipki-tipkovnice-dell-latitude-e5450-e7450-pozadinsko-osvjetljenje-0d19tr\/","title":{"rendered":"Zamjena tipki tipkovnice Dell Latitude E5450\/E7450 &#8211; pozadinsko osvjetljenje (0D19TR)"},"content":{"rendered":"<p><strong>Napomena za kupca:<\/strong> Ovaj popis je samo za <strong>jednu tipku tipkovnice<\/strong>. Uklju\u010deni su \u0161arka i klju\u010d. Svi dostupni klju\u010devi prikazani su na slici u popisu. Klju\u010d \u0107e biti poslan u omotnici obi\u010dnom po\u0161tom. Nakon narud\u017ebe, po\u0161aljite nam poruku u kojoj \u0107ete navesti koji klju\u010d ili klju\u010deve trebate.<\/p>\n<p>Ova tipkovnica je kompatibilna s modelima <strong>Dell Latitude E5450 i E7450<\/strong>, s brojevima <strong>0D19TR<\/strong> i <strong>E5450 E7450 0D19TR<\/strong>. To je tipkovnica s <strong>pozadinskim osvjetljenjem<\/strong> koja pru\u017ea pobolj\u0161anu vidljivost u slabo osvijetljenim okru\u017eenjima i uklju\u010duje pokaziva\u010dku palicu za dodatnu pogodnost navigacije.<\/p>\n<p>Ovo je isplativo rje\u0161enje za zamjenu pojedina\u010dnih tipki na va\u0161oj Dell Latitude tipkovnici bez kupnje potpune zamjene.<\/p>\n","protected":false},"excerpt":{"rendered":"<p><strong>Ovo je popis za jednu tipku na tipkovnici.<\/strong> Uklju\u010deni su zglob i zup\u010danik tipke. Svi dostupni klju\u010devi prikazani su na slici popisa. Nakon \u0161to naru\u010dite, po\u0161aljite nam poruku s odre\u0111enim klju\u010devima koji su vam potrebni. Klju\u010d \u0107e biti poslan u omotnici obi\u010dnom po\u0161tom.<\/p>\n","protected":false},"featured_media":26578,"template":"","meta":[],"product_brand":[],"product_cat":[59],"product_tag":[52],"class_list":{"0":"post-26492","1":"product","2":"type-product","3":"status-publish","4":"has-post-thumbnail","6":"product_cat-individual-keyboard-keys","7":"product_tag-dell","9":"first","10":"instock","11":"taxable","12":"shipping-taxable","13":"purchasable","14":"product-type-simple"},"_links":{"self":[{"href":"https:\/\/boreait.com\/hr\/wp-json\/wp\/v2\/product\/26492","targetHints":{"allow":["GET"]}}],"collection":[{"href":"https:\/\/boreait.com\/hr\/wp-json\/wp\/v2\/product"}],"about":[{"href":"https:\/\/boreait.com\/hr\/wp-json\/wp\/v2\/types\/product"}],"wp:featuredmedia":[{"embeddable":true,"href":"https:\/\/boreait.com\/hr\/wp-json\/wp\/v2\/media\/26578"}],"wp:attachment":[{"href":"https:\/\/boreait.com\/hr\/wp-json\/wp\/v2\/media?parent=26492"}],"wp:term":[{"taxonomy":"product_brand","embeddable":true,"href":"https:\/\/boreait.com\/hr\/wp-json\/wp\/v2\/product_brand?post=26492"},{"taxonomy":"product_cat","embeddable":true,"href":"https:\/\/boreait.com\/hr\/wp-json\/wp\/v2\/product_cat?post=26492"},{"taxonomy":"product_tag","embeddable":true,"href":"https:\/\/boreait.com\/hr\/wp-json\/wp\/v2\/product_tag?post=26492"}],"curies":[{"name":"wp","href":"https:\/\/api.w.org\/{rel}","templated":true}]}}