{"id":26489,"date":"2025-07-25T13:01:33","date_gmt":"2025-07-25T13:01:33","guid":{"rendered":"https:\/\/boreait.com\/hr\/?post_type=product&#038;p=26489"},"modified":"2025-07-25T13:03:56","modified_gmt":"2025-07-25T13:03:56","slug":"hp-250-g3-255-g3-256-g3-15-r-15t-r100-compaq-15-h000-15-s000-zamjena-kljuca-tipkovnice-pk1314d2a00-pk1314d2a22","status":"publish","type":"product","link":"https:\/\/boreait.com\/hr\/product\/hp-250-g3-255-g3-256-g3-15-r-15t-r100-compaq-15-h000-15-s000-zamjena-kljuca-tipkovnice-pk1314d2a00-pk1314d2a22\/","title":{"rendered":"HP 250 G3 255 G3 256 G3 15-r 15t-r100 Compaq 15-h000 15-s000 Zamjena klju\u010da tipkovnice (PK1314D2A00, PK1314D2A22)"},"content":{"rendered":"<p><strong>Napomena za kupca:<\/strong> Ovaj popis je samo za <strong>jednu tipku tipkovnice<\/strong>. Uklju\u010deni su \u0161arka i klju\u010d. Svi dostupni klju\u010devi prikazani su na slici u popisu. Klju\u010d \u0107e biti poslan u omotnici obi\u010dnom po\u0161tom. Nakon narud\u017ebe, po\u0161aljite nam poruku u kojoj \u0107ete navesti koji klju\u010d ili klju\u010deve trebate.<\/p>\n<p>Ova tipkovnica je kompatibilna s HP 250 G3 255 G3 256 G3 15-r 15t-r100 Compaq 15-h000 15-s000\u00a0modelima, s brojevima <strong>PK1314D2A00<\/strong>, <strong>749658-ba1<\/strong>, <strong>PK1314D2A22<\/strong>, <strong>0661021866183<\/strong> i <strong>25011057869<\/strong>. Tipkovnica <strong>nema pozadinsko osvjetljenje<\/strong>, \u0161to je \u010dini standardnom zamjenom za prijenosna ra\u010dunala HP 15-e.<\/p>\n<p>Prikladno i isplativo rje\u0161enje za zamjenu pojedina\u010dnih tipki na HP 250 G3 255 G3 256 G3 15-r 15t-r100 Compaq 15-h000 15-s000 tipkovnici.<\/p>\n","protected":false},"excerpt":{"rendered":"<p><strong>Ovo je popis za jednu tipku na tipkovnici.<\/strong> Uklju\u010deni su zglob i zup\u010danik tipke. Svi dostupni klju\u010devi prikazani su na slici popisa. Nakon \u0161to naru\u010dite, po\u0161aljite nam poruku s odre\u0111enim klju\u010devima koji su vam potrebni. Klju\u010d \u0107e biti poslan u omotnici obi\u010dnom po\u0161tom.<\/p>\n","protected":false},"featured_media":26566,"template":"","meta":[],"product_brand":[],"product_cat":[59],"product_tag":[60],"class_list":{"0":"post-26489","1":"product","2":"type-product","3":"status-publish","4":"has-post-thumbnail","6":"product_cat-individual-keyboard-keys","7":"product_tag-hp","9":"first","10":"instock","11":"taxable","12":"shipping-taxable","13":"purchasable","14":"product-type-simple"},"_links":{"self":[{"href":"https:\/\/boreait.com\/hr\/wp-json\/wp\/v2\/product\/26489","targetHints":{"allow":["GET"]}}],"collection":[{"href":"https:\/\/boreait.com\/hr\/wp-json\/wp\/v2\/product"}],"about":[{"href":"https:\/\/boreait.com\/hr\/wp-json\/wp\/v2\/types\/product"}],"wp:featuredmedia":[{"embeddable":true,"href":"https:\/\/boreait.com\/hr\/wp-json\/wp\/v2\/media\/26566"}],"wp:attachment":[{"href":"https:\/\/boreait.com\/hr\/wp-json\/wp\/v2\/media?parent=26489"}],"wp:term":[{"taxonomy":"product_brand","embeddable":true,"href":"https:\/\/boreait.com\/hr\/wp-json\/wp\/v2\/product_brand?post=26489"},{"taxonomy":"product_cat","embeddable":true,"href":"https:\/\/boreait.com\/hr\/wp-json\/wp\/v2\/product_cat?post=26489"},{"taxonomy":"product_tag","embeddable":true,"href":"https:\/\/boreait.com\/hr\/wp-json\/wp\/v2\/product_tag?post=26489"}],"curies":[{"name":"wp","href":"https:\/\/api.w.org\/{rel}","templated":true}]}}