{"id":26487,"date":"2025-07-25T13:01:33","date_gmt":"2025-07-25T13:01:33","guid":{"rendered":"https:\/\/boreait.com\/hr\/?post_type=product&#038;p=26487"},"modified":"2025-07-25T13:03:39","modified_gmt":"2025-07-25T13:03:39","slug":"zamjena-kljuca-tipkovnice-hp-compaq-6820-6820s-454220-001","status":"publish","type":"product","link":"https:\/\/boreait.com\/hr\/product\/zamjena-kljuca-tipkovnice-hp-compaq-6820-6820s-454220-001\/","title":{"rendered":"Zamjena klju\u010da tipkovnice HP Compaq 6820\/6820s (454220-001)"},"content":{"rendered":"<p><strong>Napomena za kupca:<\/strong> Ovaj popis je samo za <strong>jednu tipku tipkovnice<\/strong>. Uklju\u010deni su \u0161arka i klju\u010d. Svi dostupni klju\u010devi prikazani su na slici u popisu. Klju\u010d \u0107e biti poslan u omotnici obi\u010dnom po\u0161tom. Nakon narud\u017ebe, po\u0161aljite nam poruku u kojoj \u0107ete navesti koji klju\u010d ili klju\u010deve trebate.<\/p>\n<p>Ova tipkovnica je kompatibilna s <strong>HP Compaq 6820 i 6820s<\/strong> modelima, podr\u017eava brojeve dijelova <strong>454220-001<\/strong> i <strong>6037B0022323<\/strong>. Ovo <strong>nije osvijetljena<\/strong> tipkovnica, \u0161to je \u010dini standardnom zamjenom za ove modele prijenosnih ra\u010dunala.<\/p>\n<p>Ova vam opcija omogu\u0107uje pristupa\u010dnu i u\u010dinkovitu zamjenu pojedina\u010dnih tipki, bez potrebe za kupnjom cijele tipkovnice.<\/p>\n","protected":false},"excerpt":{"rendered":"<p><strong>Ovo je popis za jednu tipku na tipkovnici.<\/strong> Uklju\u010deni su zglob i zup\u010danik tipke. Svi dostupni klju\u010devi prikazani su na slici popisa. Nakon \u0161to naru\u010dite, po\u0161aljite nam poruku s odre\u0111enim klju\u010devima koji su vam potrebni. Klju\u010d \u0107e biti poslan u omotnici obi\u010dnom po\u0161tom.<\/p>\n","protected":false},"featured_media":26557,"template":"","meta":[],"product_brand":[],"product_cat":[59],"product_tag":[60],"class_list":{"0":"post-26487","1":"product","2":"type-product","3":"status-publish","4":"has-post-thumbnail","6":"product_cat-individual-keyboard-keys","7":"product_tag-hp","9":"first","10":"instock","11":"taxable","12":"shipping-taxable","13":"purchasable","14":"product-type-simple"},"_links":{"self":[{"href":"https:\/\/boreait.com\/hr\/wp-json\/wp\/v2\/product\/26487","targetHints":{"allow":["GET"]}}],"collection":[{"href":"https:\/\/boreait.com\/hr\/wp-json\/wp\/v2\/product"}],"about":[{"href":"https:\/\/boreait.com\/hr\/wp-json\/wp\/v2\/types\/product"}],"wp:featuredmedia":[{"embeddable":true,"href":"https:\/\/boreait.com\/hr\/wp-json\/wp\/v2\/media\/26557"}],"wp:attachment":[{"href":"https:\/\/boreait.com\/hr\/wp-json\/wp\/v2\/media?parent=26487"}],"wp:term":[{"taxonomy":"product_brand","embeddable":true,"href":"https:\/\/boreait.com\/hr\/wp-json\/wp\/v2\/product_brand?post=26487"},{"taxonomy":"product_cat","embeddable":true,"href":"https:\/\/boreait.com\/hr\/wp-json\/wp\/v2\/product_cat?post=26487"},{"taxonomy":"product_tag","embeddable":true,"href":"https:\/\/boreait.com\/hr\/wp-json\/wp\/v2\/product_tag?post=26487"}],"curies":[{"name":"wp","href":"https:\/\/api.w.org\/{rel}","templated":true}]}}