{"id":26484,"date":"2025-07-25T13:01:32","date_gmt":"2025-07-25T13:01:32","guid":{"rendered":"https:\/\/boreait.com\/hr\/?post_type=product&#038;p=26484"},"modified":"2025-07-25T13:03:14","modified_gmt":"2025-07-25T13:03:14","slug":"hp-elitebook-hp-840-g1-g2-745-g1-g2-750-755-850-855-g1-g2-zbook-14-zamjena-kljuca-tipkovnice-736658-001","status":"publish","type":"product","link":"https:\/\/boreait.com\/hr\/product\/hp-elitebook-hp-840-g1-g2-745-g1-g2-750-755-850-855-g1-g2-zbook-14-zamjena-kljuca-tipkovnice-736658-001\/","title":{"rendered":"HP EliteBook HP 840 G1 G2 745 G1 G2 750 755 850 855 G1 G2 Zbook 14 Zamjena klju\u010da tipkovnice &#8211; (736658-001)"},"content":{"rendered":"<p><strong>Napomena za kupca:<\/strong> Ovaj popis je samo za <strong>jednu tipku tipkovnice<\/strong>. Uklju\u010deni su \u0161arka i klju\u010d. Svi dostupni klju\u010devi prikazani su na slici u popisu. Klju\u010d \u0107e biti poslan u omotnici obi\u010dnom po\u0161tom. Nakon narud\u017ebe, po\u0161aljite nam poruku u kojoj \u0107ete navesti koji klju\u010d ili klju\u010deve trebate.<\/p>\n<p>Ova tipkovnica je kompatibilna s <strong>HP 840 G1 G2 745 G1 G2 750 755 850 855 G1 G2 Zbook 14<\/strong>\u00a0prijenosnim ra\u010dunalima i podr\u017eava brojeve dijelova <strong>736658-041<\/strong> i <strong>6037B0086304<\/strong>.<\/p>\n<p>Bilo da mijenjate pojedina\u010dne tipke ili dovr\u0161avate popravke, ovo je isplativo rje\u0161enje za vra\u0107anje funkcionalnosti va\u0161e \u00a0HP 840 G1 G2 745 G1 G2 750 755 850 855 G1 G2 Zbook 14 tipkovnice.<\/p>\n","protected":false},"excerpt":{"rendered":"<p><strong>Ovo je popis za jednu tipku na tipkovnici.<\/strong> Uklju\u010deni su zglob i zup\u010danik tipke. Svi dostupni klju\u010devi prikazani su na slici popisa. Nakon \u0161to naru\u010dite, po\u0161aljite nam poruku s odre\u0111enim klju\u010devima koji su vam potrebni. Klju\u010d \u0107e biti poslan u omotnici obi\u010dnom po\u0161tom.<\/p>\n","protected":false},"featured_media":26545,"template":"","meta":[],"product_brand":[],"product_cat":[59],"product_tag":[60],"class_list":{"0":"post-26484","1":"product","2":"type-product","3":"status-publish","4":"has-post-thumbnail","6":"product_cat-individual-keyboard-keys","7":"product_tag-hp","9":"first","10":"instock","11":"taxable","12":"shipping-taxable","13":"purchasable","14":"product-type-simple"},"_links":{"self":[{"href":"https:\/\/boreait.com\/hr\/wp-json\/wp\/v2\/product\/26484","targetHints":{"allow":["GET"]}}],"collection":[{"href":"https:\/\/boreait.com\/hr\/wp-json\/wp\/v2\/product"}],"about":[{"href":"https:\/\/boreait.com\/hr\/wp-json\/wp\/v2\/types\/product"}],"wp:featuredmedia":[{"embeddable":true,"href":"https:\/\/boreait.com\/hr\/wp-json\/wp\/v2\/media\/26545"}],"wp:attachment":[{"href":"https:\/\/boreait.com\/hr\/wp-json\/wp\/v2\/media?parent=26484"}],"wp:term":[{"taxonomy":"product_brand","embeddable":true,"href":"https:\/\/boreait.com\/hr\/wp-json\/wp\/v2\/product_brand?post=26484"},{"taxonomy":"product_cat","embeddable":true,"href":"https:\/\/boreait.com\/hr\/wp-json\/wp\/v2\/product_cat?post=26484"},{"taxonomy":"product_tag","embeddable":true,"href":"https:\/\/boreait.com\/hr\/wp-json\/wp\/v2\/product_tag?post=26484"}],"curies":[{"name":"wp","href":"https:\/\/api.w.org\/{rel}","templated":true}]}}