{"id":26481,"date":"2025-07-25T13:01:31","date_gmt":"2025-07-25T13:01:31","guid":{"rendered":"https:\/\/boreait.com\/hr\/?post_type=product&#038;p=26481"},"modified":"2025-07-25T13:02:48","modified_gmt":"2025-07-25T13:02:48","slug":"hp-probook-6560b-6565b-6570b-tipkovnica-zamjena-tipki-641180-131","status":"publish","type":"product","link":"https:\/\/boreait.com\/hr\/product\/hp-probook-6560b-6565b-6570b-tipkovnica-zamjena-tipki-641180-131\/","title":{"rendered":"HP ProBook 6560b 6565b 6570b tipkovnica, zamjena tipki 641180-131"},"content":{"rendered":"<p><strong>Napomena za kupca:<\/strong> Ovo je popis za jednu tipku tipkovnice bez pozadinskog osvjetljenja, kompatibilnu s modelima HP ProBook 6560b 6565b 6570b. Uklju\u010deni su \u0161arka i klju\u010d. Svi dostupni klju\u010devi prikazani su na slici u popisu. Nakon \u0161to izvr\u0161ite narud\u017ebu, po\u0161aljite nam poruku kako bismo odredili koji klju\u010d(ove) trebate. Klju\u010d \u0107e biti poslan u omotnici obi\u010dnom po\u0161tom.<\/p>\n<p>Neki od kompatibilnih modela: 641180-B71 701988-091<\/p>\n<p>Ovaj zamjenski klju\u010d kompatibilan je s brojem dijela 641180-131\u00a0 dizajniran za vra\u0107anje funkcionalnosti i izgleda tipkovnice HP ProBook 6570b.<\/p>\n","protected":false},"excerpt":{"rendered":"<p>Ovaj popis je za jednu tipku tipkovnice bez pozadinskog osvjetljenja za modele HP ProBook 6560b 6565b 6570b. Kompatibilan s brojem dijela 641180-131 i Park&amp;Boy. Po\u0161aljite nam poruku nakon kupnje kako bismo odredili potreban klju\u010d. Uklju\u010duje \u0161arku i klju\u010d. Dostavlja se obi\u010dnom po\u0161tom.<\/p>\n","protected":false},"featured_media":26533,"template":"","meta":[],"product_brand":[],"product_cat":[59],"product_tag":[60],"class_list":{"0":"post-26481","1":"product","2":"type-product","3":"status-publish","4":"has-post-thumbnail","6":"product_cat-individual-keyboard-keys","7":"product_tag-hp","9":"first","10":"instock","11":"taxable","12":"shipping-taxable","13":"purchasable","14":"product-type-simple"},"_links":{"self":[{"href":"https:\/\/boreait.com\/hr\/wp-json\/wp\/v2\/product\/26481","targetHints":{"allow":["GET"]}}],"collection":[{"href":"https:\/\/boreait.com\/hr\/wp-json\/wp\/v2\/product"}],"about":[{"href":"https:\/\/boreait.com\/hr\/wp-json\/wp\/v2\/types\/product"}],"wp:featuredmedia":[{"embeddable":true,"href":"https:\/\/boreait.com\/hr\/wp-json\/wp\/v2\/media\/26533"}],"wp:attachment":[{"href":"https:\/\/boreait.com\/hr\/wp-json\/wp\/v2\/media?parent=26481"}],"wp:term":[{"taxonomy":"product_brand","embeddable":true,"href":"https:\/\/boreait.com\/hr\/wp-json\/wp\/v2\/product_brand?post=26481"},{"taxonomy":"product_cat","embeddable":true,"href":"https:\/\/boreait.com\/hr\/wp-json\/wp\/v2\/product_cat?post=26481"},{"taxonomy":"product_tag","embeddable":true,"href":"https:\/\/boreait.com\/hr\/wp-json\/wp\/v2\/product_tag?post=26481"}],"curies":[{"name":"wp","href":"https:\/\/api.w.org\/{rel}","templated":true}]}}