{"id":26480,"date":"2025-07-25T13:01:31","date_gmt":"2025-07-25T13:01:31","guid":{"rendered":"https:\/\/boreait.com\/hr\/?post_type=product&#038;p=26480"},"modified":"2025-07-25T13:02:42","modified_gmt":"2025-07-25T13:02:42","slug":"dell-latitude-5414-qwerty-tipkovnica-s-pozadinskim-osvjetljenjem-zamjena-tipki-03n36k","status":"publish","type":"product","link":"https:\/\/boreait.com\/hr\/product\/dell-latitude-5414-qwerty-tipkovnica-s-pozadinskim-osvjetljenjem-zamjena-tipki-03n36k\/","title":{"rendered":"Dell Latitude 5414 QWERTY tipkovnica s pozadinskim osvjetljenjem, zamjena tipki 03N36K"},"content":{"rendered":"<p><strong>Napomena za kupca:<\/strong> Ovo je popis za jednu tipku tipkovnice s pozadinskim osvjetljenjem, kompatibilnu s modelima Dell Latitude 5414 koji imaju QWERTY raspored. Uklju\u010deni su \u0161arka i klju\u010d. Svi dostupni klju\u010devi prikazani su na slici u popisu. Nakon \u0161to izvr\u0161ite narud\u017ebu, po\u0161aljite nam poruku kako bismo odredili koji klju\u010d(ove) trebate. Klju\u010d \u0107e biti poslan u omotnici obi\u010dnom po\u0161tom.<\/p>\n<p>Ovaj zamjenski klju\u010d je kompatibilan s brojem dijela 03N36K, dizajniran za vra\u0107anje funkcionalnosti i izgleda va\u0161e tipkovnice Dell Latitude 5414 s pozadinskim osvjetljenjem.<\/p>\n","protected":false},"excerpt":{"rendered":"<p>Ovaj popis je za jednu tipku tipkovnice s pozadinskim osvjetljenjem za modele Dell Latitude 5414, QWERTY raspored. Kompatibilan s brojem dijela 03N36K. Po\u0161aljite nam poruku nakon kupnje kako bismo odredili potreban klju\u010d. Uklju\u010duje \u0161arku i klju\u010d. Dostavlja se obi\u010dnom po\u0161tom.<\/p>\n","protected":false},"featured_media":26530,"template":"","meta":[],"product_brand":[],"product_cat":[59],"product_tag":[52],"class_list":{"0":"post-26480","1":"product","2":"type-product","3":"status-publish","4":"has-post-thumbnail","6":"product_cat-individual-keyboard-keys","7":"product_tag-dell","9":"first","10":"instock","11":"taxable","12":"shipping-taxable","13":"purchasable","14":"product-type-simple"},"_links":{"self":[{"href":"https:\/\/boreait.com\/hr\/wp-json\/wp\/v2\/product\/26480","targetHints":{"allow":["GET"]}}],"collection":[{"href":"https:\/\/boreait.com\/hr\/wp-json\/wp\/v2\/product"}],"about":[{"href":"https:\/\/boreait.com\/hr\/wp-json\/wp\/v2\/types\/product"}],"wp:featuredmedia":[{"embeddable":true,"href":"https:\/\/boreait.com\/hr\/wp-json\/wp\/v2\/media\/26530"}],"wp:attachment":[{"href":"https:\/\/boreait.com\/hr\/wp-json\/wp\/v2\/media?parent=26480"}],"wp:term":[{"taxonomy":"product_brand","embeddable":true,"href":"https:\/\/boreait.com\/hr\/wp-json\/wp\/v2\/product_brand?post=26480"},{"taxonomy":"product_cat","embeddable":true,"href":"https:\/\/boreait.com\/hr\/wp-json\/wp\/v2\/product_cat?post=26480"},{"taxonomy":"product_tag","embeddable":true,"href":"https:\/\/boreait.com\/hr\/wp-json\/wp\/v2\/product_tag?post=26480"}],"curies":[{"name":"wp","href":"https:\/\/api.w.org\/{rel}","templated":true}]}}