{"id":26477,"date":"2025-07-25T13:01:31","date_gmt":"2025-07-25T13:01:31","guid":{"rendered":"https:\/\/boreait.com\/hr\/?post_type=product&#038;p=26477"},"modified":"2025-07-25T13:02:14","modified_gmt":"2025-07-25T13:02:14","slug":"tipkovnica-hp-pavilion-serije-dv6000-zamjenska-tipka-aeat1p00110-bez-pozadinskog-osvjetljenja","status":"publish","type":"product","link":"https:\/\/boreait.com\/hr\/product\/tipkovnica-hp-pavilion-serije-dv6000-zamjenska-tipka-aeat1p00110-bez-pozadinskog-osvjetljenja\/","title":{"rendered":"Tipkovnica HP Pavilion serije DV6000, zamjenska tipka AEAT1P00110 bez pozadinskog osvjetljenja"},"content":{"rendered":"<p><strong>Napomena za kupca:<\/strong> Ovo je popis za jednu tipku tipkovnice bez pozadinskog osvjetljenja, kompatibilnu s modelima serije HP Pavilion DV6000. Uklju\u010deni su \u0161arka i klju\u010d. Svi dostupni klju\u010devi prikazani su na slici u popisu. Nakon \u0161to naru\u010dite, po\u0161aljite nam poruku kako biste nas obavijestili koji klju\u010d(ove) trebate. Klju\u010d \u0107e biti poslan u omotnici obi\u010dnom po\u0161tom.<\/p>\n<p>Kompatibilni brojevi dijelova: 441427-001 431414-001 431415-001<\/p>\n<p>Neki od kompatibilnih modela: DV6000 DV6100 DV6200 DV6500 DV6700<\/p>\n<p>Ovaj zamjenski klju\u010d je kompatibilan s brojem dijela AEAT1P00110, dizajniran za vra\u0107anje funkcionalnosti i izgleda tipkovnice serije HP Pavilion DV6000.<\/p>\n","protected":false},"excerpt":{"rendered":"<p>Ovaj popis je za jednu tipku tipkovnice bez pozadinskog osvjetljenja za seriju HP Pavilion DV6000. Kompatibilan s brojem dijela AEAT1P00110. Po\u0161aljite nam poruku nakon kupnje kako bismo odredili potreban klju\u010d. Uklju\u010duje \u0161arku i klju\u010d. Dostavlja se obi\u010dnom po\u0161tom.<\/p>\n<p>&nbsp;<\/p>\n","protected":false},"featured_media":26518,"template":"","meta":[],"product_brand":[],"product_cat":[59],"product_tag":[60],"class_list":{"0":"post-26477","1":"product","2":"type-product","3":"status-publish","4":"has-post-thumbnail","6":"product_cat-individual-keyboard-keys","7":"product_tag-hp","9":"first","10":"instock","11":"taxable","12":"shipping-taxable","13":"purchasable","14":"product-type-simple"},"_links":{"self":[{"href":"https:\/\/boreait.com\/hr\/wp-json\/wp\/v2\/product\/26477","targetHints":{"allow":["GET"]}}],"collection":[{"href":"https:\/\/boreait.com\/hr\/wp-json\/wp\/v2\/product"}],"about":[{"href":"https:\/\/boreait.com\/hr\/wp-json\/wp\/v2\/types\/product"}],"wp:featuredmedia":[{"embeddable":true,"href":"https:\/\/boreait.com\/hr\/wp-json\/wp\/v2\/media\/26518"}],"wp:attachment":[{"href":"https:\/\/boreait.com\/hr\/wp-json\/wp\/v2\/media?parent=26477"}],"wp:term":[{"taxonomy":"product_brand","embeddable":true,"href":"https:\/\/boreait.com\/hr\/wp-json\/wp\/v2\/product_brand?post=26477"},{"taxonomy":"product_cat","embeddable":true,"href":"https:\/\/boreait.com\/hr\/wp-json\/wp\/v2\/product_cat?post=26477"},{"taxonomy":"product_tag","embeddable":true,"href":"https:\/\/boreait.com\/hr\/wp-json\/wp\/v2\/product_tag?post=26477"}],"curies":[{"name":"wp","href":"https:\/\/api.w.org\/{rel}","templated":true}]}}