{"id":26474,"date":"2025-07-25T13:01:09","date_gmt":"2025-07-25T13:01:09","guid":{"rendered":"https:\/\/boreait.com\/hr\/?post_type=product&#038;p=26474"},"modified":"2025-07-25T13:01:57","modified_gmt":"2025-07-25T13:01:57","slug":"zamjena-tipki-tipkovnice-dell-latitude-5414-qwerty-03n36k","status":"publish","type":"product","link":"https:\/\/boreait.com\/hr\/product\/zamjena-tipki-tipkovnice-dell-latitude-5414-qwerty-03n36k\/","title":{"rendered":"Zamjena tipki tipkovnice Dell Latitude 5414 QWERTY 03N36K"},"content":{"rendered":"<p><strong>Napomena za kupca:<\/strong> Ovo je popis za jednu tipku tipkovnice s pozadinskim osvjetljenjem, kompatibilnu s modelima Dell Latitude 5414. Uklju\u010deni su \u0161arka i klju\u010d. Svi dostupni klju\u010devi prikazani su na slici u popisu. Nakon \u0161to izvr\u0161ite narud\u017ebu, po\u0161aljite nam poruku kako bismo odredili koji klju\u010d(ove) trebate. Klju\u010d \u0107e biti poslan u omotnici obi\u010dnom po\u0161tom.<\/p>\n<p>Ovaj zamjenski klju\u010d je kompatibilan s brojevima dijelova 03N36K i OKNJ-1A1UK03, dizajniran za savr\u0161eno vra\u0107anje funkcionalnosti i izgleda va\u0161e Dell Latitude 5414 QWERTY tipkovnice s mogu\u0107no\u0161\u0107u pozadinskog osvjetljenja.<\/p>\n","protected":false},"excerpt":{"rendered":"<p>Ovaj popis je za jednu tipku tipkovnice s pozadinskim osvjetljenjem za modele Dell Latitude 5414. Kompatibilan s brojevima dijelova 03N36K i OKNJ-1A1UK03. Po\u0161aljite nam poruku nakon kupnje kako bismo odredili potreban klju\u010d. Uklju\u010duje \u0161arku i klju\u010d. Dostavlja se obi\u010dnom po\u0161tom.<\/p>\n","protected":false},"featured_media":26503,"template":"","meta":[],"product_brand":[],"product_cat":[59],"product_tag":[52],"class_list":{"0":"post-26474","1":"product","2":"type-product","3":"status-publish","4":"has-post-thumbnail","6":"product_cat-individual-keyboard-keys","7":"product_tag-dell","9":"first","10":"instock","11":"taxable","12":"shipping-taxable","13":"purchasable","14":"product-type-simple"},"_links":{"self":[{"href":"https:\/\/boreait.com\/hr\/wp-json\/wp\/v2\/product\/26474","targetHints":{"allow":["GET"]}}],"collection":[{"href":"https:\/\/boreait.com\/hr\/wp-json\/wp\/v2\/product"}],"about":[{"href":"https:\/\/boreait.com\/hr\/wp-json\/wp\/v2\/types\/product"}],"wp:featuredmedia":[{"embeddable":true,"href":"https:\/\/boreait.com\/hr\/wp-json\/wp\/v2\/media\/26503"}],"wp:attachment":[{"href":"https:\/\/boreait.com\/hr\/wp-json\/wp\/v2\/media?parent=26474"}],"wp:term":[{"taxonomy":"product_brand","embeddable":true,"href":"https:\/\/boreait.com\/hr\/wp-json\/wp\/v2\/product_brand?post=26474"},{"taxonomy":"product_cat","embeddable":true,"href":"https:\/\/boreait.com\/hr\/wp-json\/wp\/v2\/product_cat?post=26474"},{"taxonomy":"product_tag","embeddable":true,"href":"https:\/\/boreait.com\/hr\/wp-json\/wp\/v2\/product_tag?post=26474"}],"curies":[{"name":"wp","href":"https:\/\/api.w.org\/{rel}","templated":true}]}}