{"id":26472,"date":"2025-07-25T13:01:08","date_gmt":"2025-07-25T13:01:08","guid":{"rendered":"https:\/\/boreait.com\/hr\/?post_type=product&#038;p=26472"},"modified":"2025-07-25T13:01:46","modified_gmt":"2025-07-25T13:01:46","slug":"dell-latitude-e5450-e5470-e7470-e7450-tipkovnica-s-pozadinskim-osvjetljenjem-zamjena-tipki","status":"publish","type":"product","link":"https:\/\/boreait.com\/hr\/product\/dell-latitude-e5450-e5470-e7470-e7450-tipkovnica-s-pozadinskim-osvjetljenjem-zamjena-tipki\/","title":{"rendered":"Dell Latitude E5450 E5470 E7470 E7450 Tipkovnica s pozadinskim osvjetljenjem, zamjena tipki"},"content":{"rendered":"<p><strong>Napomena za kupca:<\/strong> Ovo je popis za jednu tipku tipkovnice s pozadinskim osvjetljenjem, kompatibilnu s modelima Dell Latitude E5450, E5470, E7470 i E7450. Uklju\u010deni su \u0161arka i klju\u010d. Pogledajte sliku u popisu kako biste vidjeli sve dostupne klju\u010deve. Nakon \u0161to naru\u010dite, po\u0161aljite nam poruku kako biste nas obavijestili koji klju\u010d(ove) trebate. Klju\u010d \u0107e biti poslan u omotnici obi\u010dnom po\u0161tom.<\/p>\n<p>Ova zamjena tipkovnice s pozadinskim osvjetljenjem kompatibilna je s brojevima dijelova PK1313D2B13 i 0W93F7, savr\u0161ena za vra\u0107anje funkcionalnosti i estetike tipkovnice va\u0161eg prijenosnog ra\u010dunala Dell.<\/p>\n","protected":false},"excerpt":{"rendered":"<p>Ovaj popis je za jednu tipku tipkovnice s pozadinskim osvjetljenjem za modele Dell Latitude E5450, E5470, E7470 i E7450. Kompatibilni brojevi dijelova: PK1313D2B13 i 0W93F7. Po\u0161aljite nam poruku nakon kupnje kako bismo odredili potreban klju\u010d. Uklju\u010duje \u0161arku i klju\u010d. Dostavlja se obi\u010dnom po\u0161tom.<\/p>\n","protected":false},"featured_media":26497,"template":"","meta":[],"product_brand":[],"product_cat":[59],"product_tag":[52],"class_list":{"0":"post-26472","1":"product","2":"type-product","3":"status-publish","4":"has-post-thumbnail","6":"product_cat-individual-keyboard-keys","7":"product_tag-dell","9":"first","10":"instock","11":"taxable","12":"shipping-taxable","13":"purchasable","14":"product-type-simple"},"_links":{"self":[{"href":"https:\/\/boreait.com\/hr\/wp-json\/wp\/v2\/product\/26472","targetHints":{"allow":["GET"]}}],"collection":[{"href":"https:\/\/boreait.com\/hr\/wp-json\/wp\/v2\/product"}],"about":[{"href":"https:\/\/boreait.com\/hr\/wp-json\/wp\/v2\/types\/product"}],"wp:featuredmedia":[{"embeddable":true,"href":"https:\/\/boreait.com\/hr\/wp-json\/wp\/v2\/media\/26497"}],"wp:attachment":[{"href":"https:\/\/boreait.com\/hr\/wp-json\/wp\/v2\/media?parent=26472"}],"wp:term":[{"taxonomy":"product_brand","embeddable":true,"href":"https:\/\/boreait.com\/hr\/wp-json\/wp\/v2\/product_brand?post=26472"},{"taxonomy":"product_cat","embeddable":true,"href":"https:\/\/boreait.com\/hr\/wp-json\/wp\/v2\/product_cat?post=26472"},{"taxonomy":"product_tag","embeddable":true,"href":"https:\/\/boreait.com\/hr\/wp-json\/wp\/v2\/product_tag?post=26472"}],"curies":[{"name":"wp","href":"https:\/\/api.w.org\/{rel}","templated":true}]}}