{"id":26443,"date":"2025-07-25T13:00:40","date_gmt":"2025-07-25T13:00:40","guid":{"rendered":"https:\/\/boreait.com\/hr\/?post_type=product&#038;p=26443"},"modified":"2026-01-14T11:46:41","modified_gmt":"2026-01-14T11:46:41","slug":"hp-n13295-001-lcd-156-fhd-ips-144hz-mat-edp-40-pin-s-ljepljivom-trakom-novo","status":"publish","type":"product","link":"https:\/\/boreait.com\/hr\/product\/hp-n13295-001-lcd-156-fhd-ips-144hz-mat-edp-40-pin-s-ljepljivom-trakom-novo\/","title":{"rendered":"HP N13295-001 LCD 15,6&#8243; FHD IPS 144Hz Mat eDP 40-pin s ljepljivom trakom Novo"},"content":{"rendered":"<p><strong>Stvarni model LCD zaslona: n156hra-ea1 REV C1 \/ N156HRA-GAA Rev.c1 \/ N156HMA-GA1 REV C2 \u2013 POTPUNO KOMPATIBILNO SA ZASLONOM PRIJENOSNOG RA\u010cUNALA ZA HP N13295-001<\/strong><\/p>\n<p>Pobolj\u0161ajte zaslon svog prijenosnog ra\u010dunala s HP N13295-001 15,6&#8243; LCD zaslonom, dizajniranim za isporuku visokokvalitetnih vizualnih prikaza i vrhunske stope osvje\u017eavanja za besprijekorne performanse. S Full HD (1920&#215;1080) rezolucijom, ovaj zaslon pru\u017ea o\u0161tre, jasne slike, \u0161to ga \u010dini idealnim za sve, od svakodnevnih zadataka do multimedije i igranja. Brzina osvje\u017eavanja od 144 Hz osigurava glatko kretanje, dok IPS tehnologija jam\u010di dosljednu to\u010dnost boja i \u0161iroke kutove gledanja.<\/p>\n<p>Mat zavr\u0161ni sloj smanjuje odsjaj, omogu\u0107uju\u0107i ugodno gledanje \u010dak iu svijetlim okru\u017eenjima. Ovaj se zaslon povezuje putem 40-pinskog eDP konektora za pouzdanu i stabilnu vezu s va\u0161im ure\u0111ajem. Paket uklju\u010duje dvostranu samoljepljivu traku, \u0161to pojednostavljuje postupak postavljanja.<\/p>\n<p>Imajte na umu da ovaj zaslon ne dolazi s gornjim i donjim zagradama. U potpuno je novom stanju, \u0161to osigurava da dobijete proizvod bez nedostataka i spreman za trenutnu ugradnju.<\/p>\n","protected":false},"excerpt":{"rendered":"<p>Nadogradite svoje prijenosno ra\u010dunalo s HP N13295-001 15,6&#8243; FHD IPS zaslonom. S brzinom osvje\u017eavanja od 144 Hz, mat zavr\u0161nom obradom i 40-pinskim eDP priklju\u010dkom, nudi o\u0161tre slike i glatke performanse. Uklju\u010duje dvostranu samoljepljivu traku za jednostavnu instalaciju. Stanje: Novo.<\/p>\n","protected":false},"featured_media":26423,"template":"","meta":[],"product_brand":[],"product_cat":[103,94],"product_tag":[],"class_list":{"0":"post-26443","1":"product","2":"type-product","3":"status-publish","4":"has-post-thumbnail","6":"product_cat-15-6-new-laptop-screens-lcd-panels","7":"product_cat-new-laptop-screens-lcd-panels","9":"first","10":"instock","11":"taxable","12":"shipping-taxable","13":"purchasable","14":"product-type-simple"},"_links":{"self":[{"href":"https:\/\/boreait.com\/hr\/wp-json\/wp\/v2\/product\/26443","targetHints":{"allow":["GET"]}}],"collection":[{"href":"https:\/\/boreait.com\/hr\/wp-json\/wp\/v2\/product"}],"about":[{"href":"https:\/\/boreait.com\/hr\/wp-json\/wp\/v2\/types\/product"}],"wp:featuredmedia":[{"embeddable":true,"href":"https:\/\/boreait.com\/hr\/wp-json\/wp\/v2\/media\/26423"}],"wp:attachment":[{"href":"https:\/\/boreait.com\/hr\/wp-json\/wp\/v2\/media?parent=26443"}],"wp:term":[{"taxonomy":"product_brand","embeddable":true,"href":"https:\/\/boreait.com\/hr\/wp-json\/wp\/v2\/product_brand?post=26443"},{"taxonomy":"product_cat","embeddable":true,"href":"https:\/\/boreait.com\/hr\/wp-json\/wp\/v2\/product_cat?post=26443"},{"taxonomy":"product_tag","embeddable":true,"href":"https:\/\/boreait.com\/hr\/wp-json\/wp\/v2\/product_tag?post=26443"}],"curies":[{"name":"wp","href":"https:\/\/api.w.org\/{rel}","templated":true}]}}