{"id":26442,"date":"2025-07-25T13:00:40","date_gmt":"2025-07-25T13:00:40","guid":{"rendered":"https:\/\/boreait.com\/hr\/?post_type=product&#038;p=26442"},"modified":"2025-11-03T08:46:15","modified_gmt":"2025-11-03T08:46:15","slug":"dell-0ymhwh-ymhwh-156-fhd-144hz-ips-mat-lcd-zaslon-s-ljepilom-novo","status":"publish","type":"product","link":"https:\/\/boreait.com\/hr\/product\/dell-0ymhwh-ymhwh-156-fhd-144hz-ips-mat-lcd-zaslon-s-ljepilom-novo\/","title":{"rendered":"Dell 0YMHWH YMHWH 15,6&#8243; FHD 144Hz IPS Mat LCD zaslon s ljepilom &#8211; novo"},"content":{"rendered":"<p><strong>Stvarni model LCD zaslona: n156hra-ea1 REV C1 \/ N156HRA-GAA Rev.c1 \/ N156HMA-GA1 REV C2 \u2013 POTPUNO KOMPATIBILNO SA ZASLONOM PRIJENOSNOG RA\u010cUNALA ZA Dell 0YMHWH YMHWH<\/strong><\/p>\n<p>Pobolj\u0161ajte performanse zaslona svog prijenosnog ra\u010dunala s Dell 0YMHWH YMHWH 15,6&#8243; LCD zaslonom. Dizajniran za pru\u017eanje iznimne jasno\u0107e i glatke slike, ovaj zaslon ima Full HD (1920&#215;1080) rezoluciju i brzinu osvje\u017eavanja od 144Hz, savr\u0161enu za fluidno kretanje i detaljne slike. IPS tehnologija osigurava \u0161iroke kutove gledanja i preciznu reprodukciju boja, dok je mat zavr\u0161ni sloj smanjuje odsjaj, \u0161to ga \u010dini idealnim za razli\u010dita osvjetljenja.<\/p>\n<p>Ova 40-pinska eDP veza osigurava kompatibilnost sa \u0161irokim rasponom modela prijenosnih ra\u010dunala, a uklju\u010dena dvostrana samoljepljiva traka \u010dini instalaciju jednostavnom i sigurnom. Imajte na umu da ekran ne dolazi s gornjim ili donjim zagradama.<\/p>\n<p>Bilo da mijenjate o\u0161te\u0107eni zaslon ili tra\u017eite nadogradnju, ovaj potpuno novi LCD panel nudi pouzdano i visokokvalitetno rje\u0161enje.<\/p>\n","protected":false},"excerpt":{"rendered":"<p>Nadogradite svoje prijenosno ra\u010dunalo s Dell 0YMHWH YMHWH 15,6&#8243; LCD zaslonom. Sadr\u017ei FHD rezoluciju, brzinu osvje\u017eavanja od 144Hz, IPS tehnologiju i mat zavr\u0161ni sloj za zadivljuju\u0107e vizualne prikaze. Uklju\u010duje dvostrano ljepljivu traku za jednostavno postavljanje. Stanje: novo.<\/p>\n","protected":false},"featured_media":26423,"template":"","meta":[],"product_brand":[],"product_cat":[103,94],"product_tag":[],"class_list":{"0":"post-26442","1":"product","2":"type-product","3":"status-publish","4":"has-post-thumbnail","6":"product_cat-15-6-new-laptop-screens-lcd-panels","7":"product_cat-new-laptop-screens-lcd-panels","9":"first","10":"outofstock","11":"taxable","12":"shipping-taxable","13":"purchasable","14":"product-type-simple"},"_links":{"self":[{"href":"https:\/\/boreait.com\/hr\/wp-json\/wp\/v2\/product\/26442","targetHints":{"allow":["GET"]}}],"collection":[{"href":"https:\/\/boreait.com\/hr\/wp-json\/wp\/v2\/product"}],"about":[{"href":"https:\/\/boreait.com\/hr\/wp-json\/wp\/v2\/types\/product"}],"wp:featuredmedia":[{"embeddable":true,"href":"https:\/\/boreait.com\/hr\/wp-json\/wp\/v2\/media\/26423"}],"wp:attachment":[{"href":"https:\/\/boreait.com\/hr\/wp-json\/wp\/v2\/media?parent=26442"}],"wp:term":[{"taxonomy":"product_brand","embeddable":true,"href":"https:\/\/boreait.com\/hr\/wp-json\/wp\/v2\/product_brand?post=26442"},{"taxonomy":"product_cat","embeddable":true,"href":"https:\/\/boreait.com\/hr\/wp-json\/wp\/v2\/product_cat?post=26442"},{"taxonomy":"product_tag","embeddable":true,"href":"https:\/\/boreait.com\/hr\/wp-json\/wp\/v2\/product_tag?post=26442"}],"curies":[{"name":"wp","href":"https:\/\/api.w.org\/{rel}","templated":true}]}}