{"id":26416,"date":"2025-07-25T13:00:16","date_gmt":"2025-07-25T13:00:16","guid":{"rendered":"https:\/\/boreait.com\/hr\/?post_type=product&#038;p=26416"},"modified":"2026-04-15T21:53:14","modified_gmt":"2026-04-15T21:53:14","slug":"ne156fhm-nx3-v18-0-lcd-156-fhd-ips-144hz-mat-edp-40pin-s-vrpcom-novo","status":"publish","type":"product","link":"https:\/\/boreait.com\/hr\/product\/ne156fhm-nx3-v18-0-lcd-156-fhd-ips-144hz-mat-edp-40pin-s-vrpcom-novo\/","title":{"rendered":"NE156FHM-NX3 V18.0 LCD 15,6&#8243; FHD IPS 144Hz Mat EDP 40pin s vrpcom Novo"},"content":{"rendered":"<p><strong>Stvarni model LCD zaslona: n156hra-ea1 REV C1 \/ N156HRA-GAA Rev.c1 \/ N156HMA-GA1 REV C2 \u2013 POTPUNO KOMPATIBILNO SA ZASLONOM PRIJENOSNOG RA\u010cUNALA NE156FHM-NX3 V18.0<\/strong><\/p>\n<p>Pobolj\u0161ajte zaslon svog prijenosnog ra\u010dunala s NE156FHM-NX3 V18.0 15,6&#8243; LCD zaslonom, dizajniranim za iznimne performanse i kristalno jasne slike. Uz Full HD rezoluciju od 1920&#215;1080, ovaj zaslon pru\u017ea o\u0161tre slike i \u017eivopisne boje. Brzina osvje\u017eavanja od 144 Hz osigurava ultra-glatke performanse, \u0161to ga \u010dini savr\u0161enim za igranje, ure\u0111ivanje videa ili op\u0107u upotrebu.<\/p>\n<p>IPS tehnologija jam\u010di \u0161iroke kutove gledanja i dosljednu reprodukciju boja, dok mat zavr\u0161etak minimalizira odsjaj, osiguravaju\u0107i udobnu upotrebu u razli\u010ditim uvjetima osvjetljenja. 40-pinska eDP veza nudi pouzdanu vezu s va\u0161im ure\u0111ajem.<\/p>\n<p>Ovaj zaslon dolazi s dvostranom samoljepljivom trakom, \u0161to pojednostavljuje postupak instalacije. Imajte na umu da zaslon ne uklju\u010duje gornje ili donje zagrade. Potpuno je nov, \u0161to osigurava da \u0107ete dobiti besprijekoran proizvod spreman za trenutnu upotrebu.<\/p>\n","protected":false},"excerpt":{"rendered":"<p>Nadogradite svoje prijenosno ra\u010dunalo s NE156FHM-NX3 V18.0 15,6&#8243; LCD zaslonom. S FHD rezolucijom, brzinom osvje\u017eavanja od 144 Hz, IPS tehnologijom i mat zavr\u0161nom obradom, pru\u017ea jasne i glatke slike. Uklju\u010duje dvostrano ljepljivu traku za jednostavnu instalaciju. Stanje: Novo.<\/p>\n","protected":false},"featured_media":26423,"template":"","meta":[],"product_brand":[],"product_cat":[103,94],"product_tag":[],"class_list":{"0":"post-26416","1":"product","2":"type-product","3":"status-publish","4":"has-post-thumbnail","6":"product_cat-15-6-new-laptop-screens-lcd-panels","7":"product_cat-new-laptop-screens-lcd-panels","9":"first","10":"instock","11":"taxable","12":"shipping-taxable","13":"purchasable","14":"product-type-simple"},"_links":{"self":[{"href":"https:\/\/boreait.com\/hr\/wp-json\/wp\/v2\/product\/26416","targetHints":{"allow":["GET"]}}],"collection":[{"href":"https:\/\/boreait.com\/hr\/wp-json\/wp\/v2\/product"}],"about":[{"href":"https:\/\/boreait.com\/hr\/wp-json\/wp\/v2\/types\/product"}],"wp:featuredmedia":[{"embeddable":true,"href":"https:\/\/boreait.com\/hr\/wp-json\/wp\/v2\/media\/26423"}],"wp:attachment":[{"href":"https:\/\/boreait.com\/hr\/wp-json\/wp\/v2\/media?parent=26416"}],"wp:term":[{"taxonomy":"product_brand","embeddable":true,"href":"https:\/\/boreait.com\/hr\/wp-json\/wp\/v2\/product_brand?post=26416"},{"taxonomy":"product_cat","embeddable":true,"href":"https:\/\/boreait.com\/hr\/wp-json\/wp\/v2\/product_cat?post=26416"},{"taxonomy":"product_tag","embeddable":true,"href":"https:\/\/boreait.com\/hr\/wp-json\/wp\/v2\/product_tag?post=26416"}],"curies":[{"name":"wp","href":"https:\/\/api.w.org\/{rel}","templated":true}]}}