{"id":26352,"date":"2025-07-25T12:59:35","date_gmt":"2025-07-25T12:59:35","guid":{"rendered":"https:\/\/boreait.com\/hr\/?post_type=product&#038;p=26352"},"modified":"2025-11-03T08:47:24","modified_gmt":"2025-11-03T08:47:24","slug":"acer-aspire-3-a315-21-9188-15-6-fhd-mat-lcd-s-nosacima-30pin-novo","status":"publish","type":"product","link":"https:\/\/boreait.com\/hr\/product\/acer-aspire-3-a315-21-9188-15-6-fhd-mat-lcd-s-nosacima-30pin-novo\/","title":{"rendered":"Acer Aspire 3 A315-21-9188 15.6&#8243; FHD Mat LCD s nosa\u010dima 30pin Novo"},"content":{"rendered":"<p><strong>Stvarni model LCD zaslona: NT156FHM-N41 \u2013 POTPUNO KOMPATIBILAN SA LCD ZASLONOM PRIJENOSNOG RA\u010cUNALA ACER ASPIRE 3 A315 21 9188<\/strong><\/p>\n<p>Pobolj\u0161ajte kvalitetu prikaza svog prijenosnog ra\u010dunala Acer Aspire 3 A315-21-9188 s ovim visokokvalitetnim 15,6&#8243; LCD zaslonom. Dizajniran za isporuku o\u0161trih i jasnih slika, ovaj zaslon ima Full HD (1920&#215;1080) rezoluciju, savr\u0161enu za u\u017eivanje u sadr\u017eaju sa \u017eivopisnim detaljima. Mat zavr\u0161ni sloj smanjuje odsjaj, \u0161to ga \u010dini idealnim za kori\u0161tenje u razli\u010ditim uvjetima osvjetljenja, bilo da ste u zatvorenom prostoru ili na otvorenom.<\/p>\n<p>Ovaj zaslon opremljen je 30-pinskim eDP priklju\u010dkom koji osigurava sigurnu i stabilnu vezu s va\u0161im ure\u0111ajem. Za razliku od IPS zaslona, ovaj ne-IPS zaslon pru\u017ea izvrsnu jasno\u0107u bez ugro\u017eavanja svjetline ili to\u010dnosti boja. Prilo\u017eeni gornji i donji nosa\u010di \u010dine instalaciju jednostavnom, omogu\u0107uju\u0107i vam da zamijenite postoje\u0107i zaslon uz minimalan napor.<\/p>\n<p>Bez obzira imate li posla s o\u0161te\u0107enim zaslonom ili jednostavno \u017eelite nadogradnju, ovaj LCD zaslon savr\u0161eno odgovara va\u0161em Acer Aspire 3. Dolazi u potpuno novom stanju, osiguravaju\u0107i da \u0107ete dobiti proizvod bez nedostataka i spreman za rad.<\/p>\n","protected":false},"excerpt":{"rendered":"<p>Nadogradite svoj Acer Aspire 3 A315-21-9188 s novim 15,6&#8243; LCD zaslonom. Uz mat zavr\u0161ni sloj, FHD rezoluciju i 30-pinski eDP konektor, ovaj zaslon osigurava jasne, \u017eivopisne slike. Uklju\u010duje gornji i donji nosa\u010d za jednostavnu instalaciju. Stanje: Novo.<\/p>\n","protected":false},"featured_media":26333,"template":"","meta":[],"product_brand":[],"product_cat":[103,94],"product_tag":[64],"class_list":{"0":"post-26352","1":"product","2":"type-product","3":"status-publish","4":"has-post-thumbnail","6":"product_cat-15-6-new-laptop-screens-lcd-panels","7":"product_cat-new-laptop-screens-lcd-panels","8":"product_tag-acer","10":"first","11":"outofstock","12":"taxable","13":"shipping-taxable","14":"purchasable","15":"product-type-simple"},"_links":{"self":[{"href":"https:\/\/boreait.com\/hr\/wp-json\/wp\/v2\/product\/26352","targetHints":{"allow":["GET"]}}],"collection":[{"href":"https:\/\/boreait.com\/hr\/wp-json\/wp\/v2\/product"}],"about":[{"href":"https:\/\/boreait.com\/hr\/wp-json\/wp\/v2\/types\/product"}],"wp:featuredmedia":[{"embeddable":true,"href":"https:\/\/boreait.com\/hr\/wp-json\/wp\/v2\/media\/26333"}],"wp:attachment":[{"href":"https:\/\/boreait.com\/hr\/wp-json\/wp\/v2\/media?parent=26352"}],"wp:term":[{"taxonomy":"product_brand","embeddable":true,"href":"https:\/\/boreait.com\/hr\/wp-json\/wp\/v2\/product_brand?post=26352"},{"taxonomy":"product_cat","embeddable":true,"href":"https:\/\/boreait.com\/hr\/wp-json\/wp\/v2\/product_cat?post=26352"},{"taxonomy":"product_tag","embeddable":true,"href":"https:\/\/boreait.com\/hr\/wp-json\/wp\/v2\/product_tag?post=26352"}],"curies":[{"name":"wp","href":"https:\/\/api.w.org\/{rel}","templated":true}]}}