{"id":26127,"date":"2025-07-25T12:55:36","date_gmt":"2025-07-25T12:55:36","guid":{"rendered":"https:\/\/boreait.com\/hr\/?post_type=product&#038;p=26127"},"modified":"2025-07-25T12:57:08","modified_gmt":"2025-07-25T12:57:08","slug":"lenovo-thinkpad-t61-wi-fi-kartica-802-11a-b-g-24-ghz-54-mbps-wm3945abg-mow2","status":"publish","type":"product","link":"https:\/\/boreait.com\/hr\/product\/lenovo-thinkpad-t61-wi-fi-kartica-802-11a-b-g-24-ghz-54-mbps-wm3945abg-mow2\/","title":{"rendered":"Lenovo Thinkpad T61 Wi-Fi kartica 802.11a\/b\/g 2,4 GHz 54 Mbps WM3945ABG MOW2"},"content":{"rendered":"<p>Lenovo Thinkpad T61 Wi-Fi kartica (802.11a\/b\/g 2,4 GHz, 54 Mbps, WM3945ABG MOW2)<\/p>\n<p>Poja\u010dajte be\u017ei\u010dne mogu\u0107nosti va\u0161eg Lenovo Thinkpada T61 s ovom Wi-Fi karticom, dizajniranom da podr\u017eava standarde 802.11a\/b\/g na 2,4 GHz s maksimalnom brzinom od 54 Mbps. Ova je kartica savr\u0161ena za osiguranje stabilne i pouzdane internetske veze.<\/p>\n<p>**Zna\u010dajke proizvoda:**<\/p>\n<p>&#8211; **Kompatibilnost:** Posebno dizajnirano za Lenovo Thinkpad T61.<\/p>\n<p>&#8211; **Be\u017ei\u010dni standardi:** Podr\u017eava 802.11a\/b\/g za svestrano povezivanje.<\/p>\n<p>&#8211; **Frekvencija &amp; Brzina:** Radi na 2,4 GHz s brzinom do 54 Mbps.<\/p>\n<p>&#8211; **Broj dijela:** WM3945ABG MOW2.<\/p>\n<p>**Za\u0161to odabrati ovu Wi-Fi karticu?**<\/p>\n<p>&#8211; **Pouzdano povezivanje:** Idealno za odr\u017eavanje stabilnih i brzih be\u017ei\u010dnih veza.<\/p>\n<p>&#8211; **Jednostavna instalacija:** Izravna zamjena koja se besprijekorno integrira s va\u0161im Thinkpad T61.<\/p>\n<p>&#8211; **Globalna dostava:** Dostupno za kupnju i isporuku diljem svijeta, s fokusom na Europu.<\/p>\n<p>Imajte na umu da upute za instalaciju nisu uklju\u010dene. Ako vam je potrebna pomo\u0107, slobodno nas kontaktirajte za podr\u0161ku. Ovdje smo kako bismo vam osigurali neometano iskustvo zamjene.<\/p>\n<p>**Va\u017eno:** Fotografije u ovom popisu prikazuju to\u010dno onu Wi-Fi karticu koju \u0107ete dobiti. Svaki dio je pa\u017eljivo pregledan kako bi se osigurala kvaliteta i zadovoljstvo kupaca.<\/p>\n","protected":false},"excerpt":{"rendered":"<p>Wi-Fi kartica Lenovo Thinkpad T61 (802.11a\/b\/g 2,4 GHz, 54 Mbps, WM3945ABG MOW2). Pobolj\u0161ajte povezivost va\u0161eg Thinkpada T61 s ovom pouzdanom Wi-Fi karticom koja podr\u017eava vi\u0161e be\u017ei\u010dnih standarda.<\/p>\n","protected":false},"featured_media":26186,"template":"","meta":[],"product_brand":[],"product_cat":[62],"product_tag":[61],"class_list":{"0":"post-26127","1":"product","2":"type-product","3":"status-publish","4":"has-post-thumbnail","6":"product_cat-motherboards-board-parts","7":"product_tag-lenovo","9":"first","10":"instock","11":"taxable","12":"shipping-taxable","13":"purchasable","14":"product-type-simple"},"_links":{"self":[{"href":"https:\/\/boreait.com\/hr\/wp-json\/wp\/v2\/product\/26127","targetHints":{"allow":["GET"]}}],"collection":[{"href":"https:\/\/boreait.com\/hr\/wp-json\/wp\/v2\/product"}],"about":[{"href":"https:\/\/boreait.com\/hr\/wp-json\/wp\/v2\/types\/product"}],"wp:featuredmedia":[{"embeddable":true,"href":"https:\/\/boreait.com\/hr\/wp-json\/wp\/v2\/media\/26186"}],"wp:attachment":[{"href":"https:\/\/boreait.com\/hr\/wp-json\/wp\/v2\/media?parent=26127"}],"wp:term":[{"taxonomy":"product_brand","embeddable":true,"href":"https:\/\/boreait.com\/hr\/wp-json\/wp\/v2\/product_brand?post=26127"},{"taxonomy":"product_cat","embeddable":true,"href":"https:\/\/boreait.com\/hr\/wp-json\/wp\/v2\/product_cat?post=26127"},{"taxonomy":"product_tag","embeddable":true,"href":"https:\/\/boreait.com\/hr\/wp-json\/wp\/v2\/product_tag?post=26127"}],"curies":[{"name":"wp","href":"https:\/\/api.w.org\/{rel}","templated":true}]}}