{"id":25942,"date":"2025-07-25T12:52:34","date_gmt":"2025-07-25T12:52:34","guid":{"rendered":"https:\/\/boreait.com\/hr\/?post_type=product&#038;p=25942"},"modified":"2026-02-17T13:22:36","modified_gmt":"2026-02-17T13:22:36","slug":"novi-15-6-fhd-ips-zaslon-prijenosnog-racunala-mat-30-pin-edp-nv156fhm-n45-lcd-zamjena","status":"publish","type":"product","link":"https:\/\/boreait.com\/hr\/product\/novi-15-6-fhd-ips-zaslon-prijenosnog-racunala-mat-30-pin-edp-nv156fhm-n45-lcd-zamjena\/","title":{"rendered":"NOVI 15.6&#8243; FHD IPS zaslon prijenosnog ra\u010dunala Mat 30-pin eDP &#8211; NV156FHM-N45 LCD zamjena"},"content":{"rendered":"<p><strong>Stvarni model LCD zaslona: B156ZAN03.6 ili N156HCA-EAB Rev C.4 &#8211; potpuno kompatibilan s NV156FHM-N45<\/strong><\/p>\n<p>Transformirajte zaslon svog prijenosnog ra\u010dunala pomo\u0107u NV156FHM-N45 LCD zaslona prijenosnog ra\u010dunala, dizajniranog za iznimne performanse i vizualnu jasno\u0107u. Ovaj 15,6-in\u010dni Full HD (1920 x 1080) ekran ima IPS tehnologiju, nudi \u017eivopisne boje i dosljednu kvalitetu slike iz bilo kojeg kuta. Njegova mat zavr\u0161na obrada smanjuje odsjaj, \u0161to ga \u010dini idealnim za kori\u0161tenje u razli\u010ditim uvjetima osvjetljenja.<\/p>\n<h4>Klju\u010dne zna\u010dajke:<\/h4>\n<ul>\n<li><strong>Veli\u010dina i razlu\u010divost:<\/strong> Zaslon od 15,6 in\u010da s Full HD rezolucijom od 1920 x 1080 pru\u017ea o\u0161tre, detaljne slike savr\u0161ene za profesionalnu i osobnu upotrebu.<\/li>\n<li><strong>IPS tehnologija:<\/strong> U\u017eivajte u zadivljuju\u0107im slikama s preciznom reprodukcijom boja i \u0161irokim kutovima gledanja od 178 stupnjeva, \u0161to je \u010dini savr\u0161enom za grafi\u010dki dizajn, ure\u0111ivanje videozapisa i kori\u0161tenje multimedije.<\/li>\n<li><strong>Mat zavr\u0161na obrada:<\/strong> Matirana povr\u0161ina protiv odsjaja smanjuje refleksiju, pru\u017eaju\u0107i ugodno iskustvo gledanja \u010dak iu svijetlim okru\u017eenjima.<\/li>\n<li><strong>30-pinski eDP konektor:<\/strong> Opremljen 30-pinskim ugra\u0111enim DisplayPort (eDP) konektorom, ovaj zaslon je kompatibilan sa \u0161irokim rasponom prijenosnih ra\u010dunala, osiguravaju\u0107i besprijekorno pristajanje.<\/li>\n<li><strong>Jednostavna instalacija:<\/strong> uklju\u010dene su dvostrane ljepljive trake za brzu i jednostavnu instalaciju. Imajte na umu da ovaj model ne uklju\u010duje nosa\u010de za monta\u017eu.<\/li>\n<\/ul>\n<p>Bilo da nadogra\u0111ujete zaslon prijenosnog ra\u010dunala ili mijenjate o\u0161te\u0107eni zaslon, NV156FHM-N45 nudi savr\u0161enu ravnote\u017eu performansi i kvalitete. Prije kupnje provjerite kompatibilnost s modelom va\u0161eg prijenosnog ra\u010dunala u pogledu veli\u010dine, vrste konektora i rezolucije.<\/p>\n","protected":false},"excerpt":{"rendered":"<p>Nadogradite svoje prijenosno ra\u010dunalo s NV156FHM-N45 15,6&#8243; Full HD IPS zaslonom. S precizno\u0161\u0107u \u017eivopisnih boja i \u0161irokim kutovima gledanja s IPS tehnologijom, ovaj mat zaslon smanjuje odsjaj za ugodno gledanje pri bilo kojem osvjetljenju. Uklju\u010duje 30-pinski eDP konektor i dvostrano ljepljive trake za jednostavnu instalaciju. Prije kupnje provjerite kompatibilnost s modelom prijenosnog ra\u010dunala.<\/p>\n","protected":false},"featured_media":25979,"template":"","meta":[],"product_brand":[],"product_cat":[103,94],"product_tag":[],"class_list":{"0":"post-25942","1":"product","2":"type-product","3":"status-publish","4":"has-post-thumbnail","6":"product_cat-15-6-new-laptop-screens-lcd-panels","7":"product_cat-new-laptop-screens-lcd-panels","9":"first","10":"instock","11":"taxable","12":"shipping-taxable","13":"purchasable","14":"product-type-simple"},"_links":{"self":[{"href":"https:\/\/boreait.com\/hr\/wp-json\/wp\/v2\/product\/25942","targetHints":{"allow":["GET"]}}],"collection":[{"href":"https:\/\/boreait.com\/hr\/wp-json\/wp\/v2\/product"}],"about":[{"href":"https:\/\/boreait.com\/hr\/wp-json\/wp\/v2\/types\/product"}],"wp:featuredmedia":[{"embeddable":true,"href":"https:\/\/boreait.com\/hr\/wp-json\/wp\/v2\/media\/25979"}],"wp:attachment":[{"href":"https:\/\/boreait.com\/hr\/wp-json\/wp\/v2\/media?parent=25942"}],"wp:term":[{"taxonomy":"product_brand","embeddable":true,"href":"https:\/\/boreait.com\/hr\/wp-json\/wp\/v2\/product_brand?post=25942"},{"taxonomy":"product_cat","embeddable":true,"href":"https:\/\/boreait.com\/hr\/wp-json\/wp\/v2\/product_cat?post=25942"},{"taxonomy":"product_tag","embeddable":true,"href":"https:\/\/boreait.com\/hr\/wp-json\/wp\/v2\/product_tag?post=25942"}],"curies":[{"name":"wp","href":"https:\/\/api.w.org\/{rel}","templated":true}]}}