{"id":25734,"date":"2025-07-25T12:47:31","date_gmt":"2025-07-25T12:47:31","guid":{"rendered":"https:\/\/boreait.com\/hr\/?post_type=product&#038;p=25734"},"modified":"2026-02-04T09:45:30","modified_gmt":"2026-02-04T09:45:30","slug":"kamera-za-prijenosno-racunalo-asus-k52j-originalni-zamjenski-dijelovi-za-nadogradnju-hd-web-kamere","status":"publish","type":"product","link":"https:\/\/boreait.com\/hr\/product\/kamera-za-prijenosno-racunalo-asus-k52j-originalni-zamjenski-dijelovi-za-nadogradnju-hd-web-kamere\/","title":{"rendered":"Kamera za prijenosno ra\u010dunalo Asus K52J \u2013 originalni zamjenski dijelovi za nadogradnju HD web kamere"},"content":{"rendered":"<p>Kamera za laptop Asus K52J<\/p>\n<p>Revitalizirajte svoj Asus K52J ovom originalnom zamjenskom kamerom. Dizajnirana da zamijeni neispravnu ili zastarjelu web kameru, ova visokokvalitetna kamera osigurava da se video mogu\u0107nosti va\u0161eg prijenosnog ra\u010dunala vrate u potpunu funkcionalnost.<\/p>\n<p>**Zna\u010dajke proizvoda:**<\/p>\n<p>&#8211; **Kompatibilnost:** Posebno dizajnirano za model laptopa Asus K52J.<\/p>\n<p>&#8211; **Vrsta:** HD web kamera za jasnu i pouzdanu kvalitetu videa.<\/p>\n<p>&#8211; **Kvaliteta:** Originalni Asusov zamjenski dio koji jam\u010di optimalne performanse.<\/p>\n<p>&#8211; **Stanje:** Kori\u0161ten kao nov, sa pravim fotografijama koje pokazuju upravo onu kameru koju \u0107ete dobiti.<\/p>\n<p>**Za\u0161to odabrati ovu kameru?**<\/p>\n<p>&#8211; **Pobolj\u0161ana kvaliteta videozapisa:** savr\u0161eno za pobolj\u0161anje jasno\u0107e videozapisa i izvedbe za pozive, sastanke i strujanje.<\/p>\n<p>&#8211; **Izravna zamjena:** Jednostavna instalacija, nisu potrebne izmjene\u2014samo zamijenite staru kameru i u\u017eivajte u pobolj\u0161anom videu.<\/p>\n<p>&#8211; **Globalna dostava:** Dostupno za kupnju i isporuku diljem svijeta, uklju\u010duju\u0107i Europu.<\/p>\n<p>Imajte na umu da upute za instalaciju nisu uklju\u010dene. Ako vam je potrebna pomo\u0107 s instalacijom, slobodno nas kontaktirajte za podr\u0161ku. Na\u0161 tim je tu da vam pomogne osigurati nesmetan proces instalacije.<\/p>\n<p>**Va\u017eno:** Fotografije u ovom popisu prikazuju to\u010dno onaj fotoaparat koji \u0107ete dobiti. Svaka jedinica je temeljito pregledana kako bi se osiguralo da zadovoljava na\u0161e standarde kvalitete.<\/p>\n","protected":false},"excerpt":{"rendered":"<p>Kamera za prijenosno ra\u010dunalo Asus K52J \u2013 originalna zamjena. Nadogradite svoj Asus K52J ovom visokokvalitetnom kamerom za prijenosno ra\u010dunalo. Idealan za obnavljanje ili pobolj\u0161anje funkcionalnosti va\u0161e web kamere, ovaj dio osigurava jasan video i pouzdan rad.<\/p>\n","protected":false},"featured_media":25802,"template":"","meta":[],"product_brand":[],"product_cat":[58],"product_tag":[65],"class_list":{"0":"post-25734","1":"product","2":"type-product","3":"status-publish","4":"has-post-thumbnail","6":"product_cat-laptop-camera","7":"product_tag-asus","9":"first","10":"instock","11":"taxable","12":"shipping-taxable","13":"purchasable","14":"product-type-simple"},"_links":{"self":[{"href":"https:\/\/boreait.com\/hr\/wp-json\/wp\/v2\/product\/25734","targetHints":{"allow":["GET"]}}],"collection":[{"href":"https:\/\/boreait.com\/hr\/wp-json\/wp\/v2\/product"}],"about":[{"href":"https:\/\/boreait.com\/hr\/wp-json\/wp\/v2\/types\/product"}],"wp:featuredmedia":[{"embeddable":true,"href":"https:\/\/boreait.com\/hr\/wp-json\/wp\/v2\/media\/25802"}],"wp:attachment":[{"href":"https:\/\/boreait.com\/hr\/wp-json\/wp\/v2\/media?parent=25734"}],"wp:term":[{"taxonomy":"product_brand","embeddable":true,"href":"https:\/\/boreait.com\/hr\/wp-json\/wp\/v2\/product_brand?post=25734"},{"taxonomy":"product_cat","embeddable":true,"href":"https:\/\/boreait.com\/hr\/wp-json\/wp\/v2\/product_cat?post=25734"},{"taxonomy":"product_tag","embeddable":true,"href":"https:\/\/boreait.com\/hr\/wp-json\/wp\/v2\/product_tag?post=25734"}],"curies":[{"name":"wp","href":"https:\/\/api.w.org\/{rel}","templated":true}]}}