{"id":25694,"date":"2025-07-25T12:46:46","date_gmt":"2025-07-25T12:46:46","guid":{"rendered":"https:\/\/boreait.com\/hr\/?post_type=product&#038;p=25694"},"modified":"2026-02-04T08:06:13","modified_gmt":"2026-02-04T08:06:13","slug":"fujitsu-lifebook-ah531-dvd-snimac-blu-ray-rom-cp557625-02","status":"publish","type":"product","link":"https:\/\/boreait.com\/hr\/product\/fujitsu-lifebook-ah531-dvd-snimac-blu-ray-rom-cp557625-02\/","title":{"rendered":"Fujitsu Lifebook AH531 DVD snima\u010d BLU-RAY ROM CP557625-02"},"content":{"rendered":"<p>Iskusite vrhunske performanse i pouzdanost s Fujitsu Lifebook AH531 DVD snima\u010dem BLU-RAY ROM, broj dijela CP557625-02. Ovaj visokokvalitetni DVD snima\u010d savr\u0161ena je zamjena za va\u0161 trenutni pogon, osiguravaju\u0107i besprijekornu funkcionalnost i optimalnu kompatibilnost s va\u0161im ure\u0111ajem.<\/p>\n<p>Precizno izra\u0111en i dizajniran da zadovolji najvi\u0161e standarde, ovaj DVD snima\u010d jam\u010di gladak i u\u010dinkovit proces snimanja za sve va\u0161e potrebe pohrane podataka. Bez obzira radite li sigurnosnu kopiju va\u017enih datoteka, stvarate glazbene ili video diskove ili instalirate softver, ovaj pogon daje iznimne rezultate svaki put.<\/p>\n<p>Fujitsu Lifebook AH531 DVD snima\u010d BLU-RAY ROM je jednostavan za instalaciju, tako da mo\u017eete brzo nadograditi svoj ure\u0111aj bez ikakvih problema. S prilo\u017eenim pravim fotografijama mo\u017eete to\u010dno vidjeti \u0161to dobivate prije kupnje.<\/p>\n<p>Imajte na umu da ne dajem upute za zamjenu dijelova. Me\u0111utim, ako imate bilo kakvih pitanja ili trebate pomo\u0107 s proizvodom, slobodno mi po\u0161aljite poruku. Nadogradite performanse svog ure\u0111aja s Fujitsu Lifebook AH531 DVD Burner Drive BLU-RAY ROM ve\u0107 danas!<\/p>\n","protected":false},"excerpt":{"rendered":"<p>Pobolj\u0161ajte svoj Fujitsu Lifebook AH531 ovim BLU-RAY ROM DVD snima\u010dem (broj dijela: CP557625-02). Originalne fotografije, upute za instalaciju nisu uklju\u010dene. Trebate pomo\u0107? Po\u0161aljite mi poruku za stru\u010dnu podr\u0161ku. Nadogradite svoje prijenosno ra\u010dunalo sada!<\/p>\n","protected":false},"featured_media":25756,"template":"","meta":[],"product_brand":[],"product_cat":[62],"product_tag":[63],"class_list":{"0":"post-25694","1":"product","2":"type-product","3":"status-publish","4":"has-post-thumbnail","6":"product_cat-motherboards-board-parts","7":"product_tag-fujitsu","9":"first","10":"instock","11":"taxable","12":"shipping-taxable","13":"purchasable","14":"product-type-simple"},"_links":{"self":[{"href":"https:\/\/boreait.com\/hr\/wp-json\/wp\/v2\/product\/25694","targetHints":{"allow":["GET"]}}],"collection":[{"href":"https:\/\/boreait.com\/hr\/wp-json\/wp\/v2\/product"}],"about":[{"href":"https:\/\/boreait.com\/hr\/wp-json\/wp\/v2\/types\/product"}],"wp:featuredmedia":[{"embeddable":true,"href":"https:\/\/boreait.com\/hr\/wp-json\/wp\/v2\/media\/25756"}],"wp:attachment":[{"href":"https:\/\/boreait.com\/hr\/wp-json\/wp\/v2\/media?parent=25694"}],"wp:term":[{"taxonomy":"product_brand","embeddable":true,"href":"https:\/\/boreait.com\/hr\/wp-json\/wp\/v2\/product_brand?post=25694"},{"taxonomy":"product_cat","embeddable":true,"href":"https:\/\/boreait.com\/hr\/wp-json\/wp\/v2\/product_cat?post=25694"},{"taxonomy":"product_tag","embeddable":true,"href":"https:\/\/boreait.com\/hr\/wp-json\/wp\/v2\/product_tag?post=25694"}],"curies":[{"name":"wp","href":"https:\/\/api.w.org\/{rel}","templated":true}]}}