{"id":25683,"date":"2025-07-25T12:46:23","date_gmt":"2025-07-25T12:46:23","guid":{"rendered":"https:\/\/boreait.com\/hr\/?post_type=product&#038;p=25683"},"modified":"2026-02-04T08:05:54","modified_gmt":"2026-02-04T08:05:54","slug":"fujitsu-lifebook-ah531-hdd-poklopac-originalni-dio-cp515946-01","status":"publish","type":"product","link":"https:\/\/boreait.com\/hr\/product\/fujitsu-lifebook-ah531-hdd-poklopac-originalni-dio-cp515946-01\/","title":{"rendered":"Fujitsu LifeBook AH531 HDD poklopac Originalni dio CP515946-01"},"content":{"rendered":"<p>Pobolj\u0161ajte izdr\u017eljivost i estetiku svog Fujitsu LifeBook AH531 s ovim originalnim poklopcem za HDD. Izra\u0111en do savr\u0161enstva, ovaj dio za prijenosno ra\u010dunalo s brojem dijela CP515946-01 osigurava besprijekorno pristajanje i pouzdan rad. Prave fotografije prikazuju to\u010dan proizvod koji \u0107ete dobiti, jam\u010de\u0107i da ne\u0107e biti iznena\u0111enja prilikom isporuke.<\/p>\n<p>Nadogradite izgled svog prijenosnog ra\u010dunala bez napora zamjenom istro\u0161enog ili o\u0161te\u0107enog poklopca tvrdog diska ovom visokokvalitetnom komponentom. Instalacija je lagana za one koji su upoznati s odr\u017eavanjem prijenosnih ra\u010dunala. Ako vam je potrebna pomo\u0107 ili imate bilo kakvih pitanja o proizvodu, slobodno se obratite za personaliziranu podr\u0161ku.<\/p>\n<p>Ulo\u017eite u dugovje\u010dnost svog ure\u0111aja s ovom vrhunskom HDD maskom dizajniranom posebno za Fujitsu LifeBook AH531. Nemojte raditi kompromise po pitanju kvalitete kada je u pitanju zamjena bitnih dijelova prijenosnog ra\u010dunala. Vjerujte ovom originalnom proizvodu kako biste svom prijenosnom ra\u010dunalu vratili stari sjaj, kako u smislu funkcionalnosti tako i izgleda.<\/p>\n","protected":false},"excerpt":{"rendered":"<p>Pobolj\u0161ajte svoj Fujitsu LifeBook AH531 ovim originalnim poklopcem za HDD, broj dijela CP515946-01. Precizno izra\u0111en, ovaj autenti\u010dni dio prijenosnog ra\u010dunala osigurava savr\u0161eno pristajanje. Pogledajte prave fotografije da biste ih bolje pogledali. Trebate pomo\u0107? Slobodno mi po\u0161aljite poruku za podr\u0161ku. Pobolj\u0161ajte estetiku i funkcionalnost svog prijenosnog ra\u010dunala s ovim kvalitetnim zamjenskim dijelom.<\/p>\n","protected":false},"featured_media":25754,"template":"","meta":[],"product_brand":[],"product_cat":[51],"product_tag":[63],"class_list":{"0":"post-25683","1":"product","2":"type-product","3":"status-publish","4":"has-post-thumbnail","6":"product_cat-laptop-housing","7":"product_tag-fujitsu","9":"first","10":"instock","11":"taxable","12":"shipping-taxable","13":"purchasable","14":"product-type-simple"},"_links":{"self":[{"href":"https:\/\/boreait.com\/hr\/wp-json\/wp\/v2\/product\/25683","targetHints":{"allow":["GET"]}}],"collection":[{"href":"https:\/\/boreait.com\/hr\/wp-json\/wp\/v2\/product"}],"about":[{"href":"https:\/\/boreait.com\/hr\/wp-json\/wp\/v2\/types\/product"}],"wp:featuredmedia":[{"embeddable":true,"href":"https:\/\/boreait.com\/hr\/wp-json\/wp\/v2\/media\/25754"}],"wp:attachment":[{"href":"https:\/\/boreait.com\/hr\/wp-json\/wp\/v2\/media?parent=25683"}],"wp:term":[{"taxonomy":"product_brand","embeddable":true,"href":"https:\/\/boreait.com\/hr\/wp-json\/wp\/v2\/product_brand?post=25683"},{"taxonomy":"product_cat","embeddable":true,"href":"https:\/\/boreait.com\/hr\/wp-json\/wp\/v2\/product_cat?post=25683"},{"taxonomy":"product_tag","embeddable":true,"href":"https:\/\/boreait.com\/hr\/wp-json\/wp\/v2\/product_tag?post=25683"}],"curies":[{"name":"wp","href":"https:\/\/api.w.org\/{rel}","templated":true}]}}