{"id":25682,"date":"2025-07-25T12:46:23","date_gmt":"2025-07-25T12:46:23","guid":{"rendered":"https:\/\/boreait.com\/hr\/?post_type=product&#038;p=25682"},"modified":"2025-07-25T12:48:02","modified_gmt":"2025-07-25T12:48:02","slug":"fujitsu-lifebook-a531-intel-pentium-cpu-22-ghz-sr07t-originalni-dio","status":"publish","type":"product","link":"https:\/\/boreait.com\/hr\/product\/fujitsu-lifebook-a531-intel-pentium-cpu-22-ghz-sr07t-originalni-dio\/","title":{"rendered":"Fujitsu Lifebook A531 Intel Pentium CPU 2,2 GHz SR07T Originalni dio"},"content":{"rendered":"<p>Nadogradite svoj Fujitsu Lifebook A531 s vrhunskim procesorom Intel Pentium 2,2 GHz. Ovaj originalni dio s brojem dijela SR07T mo\u0107an je kada se radi o brzini i u\u010dinkovitosti obrade. Recite zbogom ka\u0161njenjima i ka\u0161njenjima jer \u0107e ovaj procesor podi\u0107i va\u0161e ra\u010dunalno iskustvo na potpuno novu razinu.<\/p>\n<p>Iskusite besprijekoran multitasking i glatke performanse kao nikada prije s ovim Intel Pentium CPU-om. Bez obzira jeste li profesionalac kojem je potrebna velika procesorska snaga za radne zadatke ili igra\u010d koji tra\u017ei iskustvo igranja bez ka\u0161njenja, ovaj procesor savr\u0161en je za sve va\u0161e potrebe.<\/p>\n<p>Sa svojom velikom brzinom takta i naprednom tehnologijom, ovaj CPU osigurava da va\u0161 Fujitsu Lifebook A531 radi s najboljim kapacitetom. Nadogradite na ovaj originalni dio i svjedo\u010dite zna\u010dajnom pobolj\u0161anju ukupnih performansi va\u0161eg prijenosnog ra\u010dunala. Ne pristajte ni na \u0161to manje kada je u pitanju u\u010dinkovitost va\u0161eg ure\u0111aja \u2013 odaberite Intel Pentium CPU 2,2 GHz za neusporedivu brzinu i pouzdanost.<\/p>\n","protected":false},"excerpt":{"rendered":"<p>Oslobodite snagu svog Fujitsu Lifebook A531 s ovim originalnim Intel Pentium CPU-om koji radi na 2,2 GHz. Nadogradite performanse svog prijenosnog ra\u010dunala s ovim visokokvalitetnim procesorom, dizajniranim za optimizaciju va\u0161eg ra\u010dunalnog iskustva. Izvucite najbolje iz svog ure\u0111aja s ovim autenti\u010dnim dijelom koji nosi broj dijela SR07T.<\/p>\n","protected":false},"featured_media":25753,"template":"","meta":[],"product_brand":[],"product_cat":[74],"product_tag":[101],"class_list":{"0":"post-25682","1":"product","2":"type-product","3":"status-publish","4":"has-post-thumbnail","6":"product_cat-processors-cpu","7":"product_tag-intel","9":"first","10":"instock","11":"taxable","12":"shipping-taxable","13":"purchasable","14":"product-type-simple"},"_links":{"self":[{"href":"https:\/\/boreait.com\/hr\/wp-json\/wp\/v2\/product\/25682","targetHints":{"allow":["GET"]}}],"collection":[{"href":"https:\/\/boreait.com\/hr\/wp-json\/wp\/v2\/product"}],"about":[{"href":"https:\/\/boreait.com\/hr\/wp-json\/wp\/v2\/types\/product"}],"wp:featuredmedia":[{"embeddable":true,"href":"https:\/\/boreait.com\/hr\/wp-json\/wp\/v2\/media\/25753"}],"wp:attachment":[{"href":"https:\/\/boreait.com\/hr\/wp-json\/wp\/v2\/media?parent=25682"}],"wp:term":[{"taxonomy":"product_brand","embeddable":true,"href":"https:\/\/boreait.com\/hr\/wp-json\/wp\/v2\/product_brand?post=25682"},{"taxonomy":"product_cat","embeddable":true,"href":"https:\/\/boreait.com\/hr\/wp-json\/wp\/v2\/product_cat?post=25682"},{"taxonomy":"product_tag","embeddable":true,"href":"https:\/\/boreait.com\/hr\/wp-json\/wp\/v2\/product_tag?post=25682"}],"curies":[{"name":"wp","href":"https:\/\/api.w.org\/{rel}","templated":true}]}}