{"id":25681,"date":"2025-07-25T12:46:23","date_gmt":"2025-07-25T12:46:23","guid":{"rendered":"https:\/\/boreait.com\/hr\/?post_type=product&#038;p=25681"},"modified":"2026-02-04T08:05:29","modified_gmt":"2026-02-04T08:05:29","slug":"zamjenska-ploca-donjeg-poklopca-za-fujitsu-lifebook-ah531-ah512-cp515947-01","status":"publish","type":"product","link":"https:\/\/boreait.com\/hr\/product\/zamjenska-ploca-donjeg-poklopca-za-fujitsu-lifebook-ah531-ah512-cp515947-01\/","title":{"rendered":"Zamjenska plo\u010da donjeg poklopca za Fujitsu LifeBook AH531 AH512 CP515947-01"},"content":{"rendered":"<p>\u017delite svom Fujitsu LifeBook AH531 ili AH512 dati novi izgled? Nadogradite svoje prijenosno ra\u010dunalo s ovim visokokvalitetnim zamjenskim dijelom za plo\u010du vrata osnovnog poklopca. Izra\u0111ena kako bi savr\u0161eno pristajala i odgovarala izvornom dizajnu, ova plo\u010da temeljnog poklopca vrata idealna je za zamjenu istro\u0161enog ili o\u0161te\u0107enog dijela.<\/p>\n<p>Napravljen posebno za Fujitsu LifeBook modele AH531, AH512 i A531, ovaj zamjenski dio (broj dijela: CP515947-01) osigurava besprijekorno pristajanje i jednostavnu instalaciju. Pru\u017eene prave fotografije daju vam jasnu ideju o tome \u0161to mo\u017eete o\u010dekivati, osiguravaju\u0107i da \u0107ete dobiti to\u010dno ono \u0161to vidite.<\/p>\n<p>Imajte na umu da ne dajem upute za zamjenu dijela. Me\u0111utim, ako vam je potrebna pomo\u0107 ili imate pitanja o proizvodu, slobodno mi po\u0161aljite poruku. Dajte svom prijenosnom ra\u010dunalu novi \u017eivot s ovom zamjenskom plo\u010dom vrata osnovnog poklopca i ponovno u\u017eivajte u osvje\u017eenom i elegantnom ure\u0111aju.<\/p>\n","protected":false},"excerpt":{"rendered":"<p>Pobolj\u0161ajte svoj Fujitsu LifeBook AH531, AH512 ili A531 ovom zamjenom za plo\u010du vrata osnovnog poklopca (Broj dijela: CP515947-01). Originalni proizvod sa stvarnim fotografijama. Trebate pomo\u0107 s instalacijom? Po\u0161aljite mi poruku za pomo\u0107. Nadogradite svoje prijenosno ra\u010dunalo bez napora!<\/p>\n","protected":false},"featured_media":25751,"template":"","meta":[],"product_brand":[],"product_cat":[51],"product_tag":[63],"class_list":{"0":"post-25681","1":"product","2":"type-product","3":"status-publish","4":"has-post-thumbnail","6":"product_cat-laptop-housing","7":"product_tag-fujitsu","9":"first","10":"instock","11":"taxable","12":"shipping-taxable","13":"purchasable","14":"product-type-simple"},"_links":{"self":[{"href":"https:\/\/boreait.com\/hr\/wp-json\/wp\/v2\/product\/25681","targetHints":{"allow":["GET"]}}],"collection":[{"href":"https:\/\/boreait.com\/hr\/wp-json\/wp\/v2\/product"}],"about":[{"href":"https:\/\/boreait.com\/hr\/wp-json\/wp\/v2\/types\/product"}],"wp:featuredmedia":[{"embeddable":true,"href":"https:\/\/boreait.com\/hr\/wp-json\/wp\/v2\/media\/25751"}],"wp:attachment":[{"href":"https:\/\/boreait.com\/hr\/wp-json\/wp\/v2\/media?parent=25681"}],"wp:term":[{"taxonomy":"product_brand","embeddable":true,"href":"https:\/\/boreait.com\/hr\/wp-json\/wp\/v2\/product_brand?post=25681"},{"taxonomy":"product_cat","embeddable":true,"href":"https:\/\/boreait.com\/hr\/wp-json\/wp\/v2\/product_cat?post=25681"},{"taxonomy":"product_tag","embeddable":true,"href":"https:\/\/boreait.com\/hr\/wp-json\/wp\/v2\/product_tag?post=25681"}],"curies":[{"name":"wp","href":"https:\/\/api.w.org\/{rel}","templated":true}]}}