{"id":25679,"date":"2025-07-25T12:46:23","date_gmt":"2025-07-25T12:46:23","guid":{"rendered":"https:\/\/boreait.com\/hr\/?post_type=product&#038;p=25679"},"modified":"2025-07-25T12:47:50","modified_gmt":"2025-07-25T12:47:50","slug":"original-fujitsu-lifebook-ah531-cp518111-01-donje-kuciste-maticne-ploce","status":"publish","type":"product","link":"https:\/\/boreait.com\/hr\/product\/original-fujitsu-lifebook-ah531-cp518111-01-donje-kuciste-maticne-ploce\/","title":{"rendered":"Original Fujitsu LifeBook AH531 CP518111-01 donje ku\u0107i\u0161te mati\u010dne plo\u010de"},"content":{"rendered":"<p>Izra\u0111eno posebno za glavnu plo\u010du Fujitsu LifeBook AH531, ovo originalno donje ku\u0107i\u0161te vrhunski je zamjenski dio s brojem dijela CP518111-01. Dizajnirano da besprijekorno pristaje va\u0161em ure\u0111aju, ovo ku\u0107i\u0161te osigurava savr\u0161eno podudaranje i jednostavnu instalaciju.<\/p>\n<p>Izra\u0111eno od visokokvalitetnih materijala, ovo donje ku\u0107i\u0161te jam\u010di izdr\u017eljivost i dugotrajnost, pru\u017eaju\u0107i optimalnu za\u0161titu za unutarnje komponente va\u0161eg prijenosnog ra\u010dunala. Njegov elegantan dizajn i precizna konstrukcija odr\u017eavaju estetiku va\u0161eg ure\u0111aja, daju\u0107i mu svje\u017e i ugla\u0111en izgled.<\/p>\n<p>Sa stvarnim fotografijama koje prikazuju proizvod, mo\u017eete imati jasnu ideju o tome \u0161to mo\u017eete o\u010dekivati, osiguravaju\u0107i transparentnost i povjerenje u va\u0161u kupnju. Iako upute za zamjenu nisu uklju\u010dene, budite uvjereni da je pomo\u0107 udaljena samo jednom porukom. Trebate pomo\u0107 ili imate pitanja? Slobodno nam se obratite i rado \u0107emo vam pomo\u0107i.<\/p>\n<p>Nadogradite svoj Fujitsu LifeBook AH531 s ovim originalnim donjim ku\u0107i\u0161tem i u\u017eivajte u besprijekornoj integraciji koja pobolj\u0161ava i funkcionalnost i estetiku. Vjerujte u kvalitetu i preciznost ovog zamjenskog dijela kako bi va\u0161 ure\u0111aj bio za\u0161ti\u0107en i izgledao najbolje.<\/p>\n","protected":false},"excerpt":{"rendered":"<p>Nadogradite svoj Fujitsu LifeBook AH531 s ovim originalnim donjim ku\u0107i\u0161tem mati\u010dne plo\u010de (broj dijela: CP518111-01). Izra\u0111eno s precizno\u0161\u0107u za savr\u0161eno pristajanje, ovo je ku\u0107i\u0161te koje morate imati za svoj ure\u0111aj. Pogledajte stvarne fotografije da biste ih bolje pogledali. Trebate pomo\u0107 s instalacijom? Po\u0161aljite mi poruku za stru\u010dnu podr\u0161ku. Dajte svom prijenosnom ra\u010dunalu svje\u017ei novi izgled danas!<\/p>\n","protected":false},"featured_media":25741,"template":"","meta":[],"product_brand":[],"product_cat":[51],"product_tag":[63],"class_list":{"0":"post-25679","1":"product","2":"type-product","3":"status-publish","4":"has-post-thumbnail","6":"product_cat-laptop-housing","7":"product_tag-fujitsu","9":"first","10":"instock","11":"taxable","12":"shipping-taxable","13":"purchasable","14":"product-type-simple"},"_links":{"self":[{"href":"https:\/\/boreait.com\/hr\/wp-json\/wp\/v2\/product\/25679","targetHints":{"allow":["GET"]}}],"collection":[{"href":"https:\/\/boreait.com\/hr\/wp-json\/wp\/v2\/product"}],"about":[{"href":"https:\/\/boreait.com\/hr\/wp-json\/wp\/v2\/types\/product"}],"wp:featuredmedia":[{"embeddable":true,"href":"https:\/\/boreait.com\/hr\/wp-json\/wp\/v2\/media\/25741"}],"wp:attachment":[{"href":"https:\/\/boreait.com\/hr\/wp-json\/wp\/v2\/media?parent=25679"}],"wp:term":[{"taxonomy":"product_brand","embeddable":true,"href":"https:\/\/boreait.com\/hr\/wp-json\/wp\/v2\/product_brand?post=25679"},{"taxonomy":"product_cat","embeddable":true,"href":"https:\/\/boreait.com\/hr\/wp-json\/wp\/v2\/product_cat?post=25679"},{"taxonomy":"product_tag","embeddable":true,"href":"https:\/\/boreait.com\/hr\/wp-json\/wp\/v2\/product_tag?post=25679"}],"curies":[{"name":"wp","href":"https:\/\/api.w.org\/{rel}","templated":true}]}}