{"id":25678,"date":"2025-07-25T12:46:23","date_gmt":"2025-07-25T12:46:23","guid":{"rendered":"https:\/\/boreait.com\/hr\/?post_type=product&#038;p=25678"},"modified":"2025-07-25T12:47:45","modified_gmt":"2025-07-25T12:47:45","slug":"gornji-lcd-poklopac-za-fujitsu-lifebook-a531-ah512-ah531-cp515924-01-zamjena","status":"publish","type":"product","link":"https:\/\/boreait.com\/hr\/product\/gornji-lcd-poklopac-za-fujitsu-lifebook-a531-ah512-ah531-cp515924-01-zamjena\/","title":{"rendered":"Gornji LCD poklopac za Fujitsu Lifebook A531 AH512 AH531 CP515924-01 Zamjena"},"content":{"rendered":"<p>Preobrazite svoj Fujitsu Lifebook A531 AH512 AH531 s ovim visokokvalitetnim zamjenskim gornjim poklopcem LCD poklopca. Izra\u0111ena do savr\u0161enstva, ova navlaka (broj dijela: CP515924-01) osigurava besprijekorno pristajanje i vrhunsku izdr\u017eljivost. Prave fotografije dovoljno govore o njegovom elegantnom dizajnu i preciznoj izradi.<\/p>\n<p>Iskusite instalaciju bez muke, iako upute nisu prilo\u017eene. Ako su vam potrebne dodatne upute ili imate bilo kakvih pitanja, slobodno nam se obratite. Pobolj\u0161ajte estetiku svog ure\u0111aja dok istovremeno \u0161titite LCD ovim poklopcem za gornji poklopac.<\/p>\n<p>Napravljen za one koji cijene i stil i funkcionalnost, ovaj zamjenski omot mora imati svatko tko \u017eeli obnoviti svoj Fujitsu Lifebook. Unaprijedite izgled svog ure\u0111aja i osigurajte mu dugotrajnost pomo\u0107u ove zamjene za poklopac gornjeg poklopca LCD zaslona. Nadogradite svoje prijenosno ra\u010dunalo bez napora i u\u017eivajte u osvje\u017eenom izgledu uz ovu masku vrhunske kvalitete.<\/p>\n","protected":false},"excerpt":{"rendered":"<p>Nadogradite svoj Fujitsu Lifebook A531 AH512 AH531 s ovom zamjenom gornjeg poklopca LCD poklopca. Precizno izra\u0111ena, broj dijela CP515924-01, ova navlaka osigurava besprijekorno pristajanje. Prave fotografije jam\u010de da \u0107ete dobiti ono \u0161to vidite. Trebate pomo\u0107? Po\u0161aljite mi poruku za stru\u010dno vodstvo. Pobolj\u0161ajte estetiku svog prijenosnog ra\u010dunala sada!<\/p>\n","protected":false},"featured_media":25739,"template":"","meta":[],"product_brand":[],"product_cat":[51],"product_tag":[63],"class_list":{"0":"post-25678","1":"product","2":"type-product","3":"status-publish","4":"has-post-thumbnail","6":"product_cat-laptop-housing","7":"product_tag-fujitsu","9":"first","10":"instock","11":"taxable","12":"shipping-taxable","13":"purchasable","14":"product-type-simple"},"_links":{"self":[{"href":"https:\/\/boreait.com\/hr\/wp-json\/wp\/v2\/product\/25678","targetHints":{"allow":["GET"]}}],"collection":[{"href":"https:\/\/boreait.com\/hr\/wp-json\/wp\/v2\/product"}],"about":[{"href":"https:\/\/boreait.com\/hr\/wp-json\/wp\/v2\/types\/product"}],"wp:featuredmedia":[{"embeddable":true,"href":"https:\/\/boreait.com\/hr\/wp-json\/wp\/v2\/media\/25739"}],"wp:attachment":[{"href":"https:\/\/boreait.com\/hr\/wp-json\/wp\/v2\/media?parent=25678"}],"wp:term":[{"taxonomy":"product_brand","embeddable":true,"href":"https:\/\/boreait.com\/hr\/wp-json\/wp\/v2\/product_brand?post=25678"},{"taxonomy":"product_cat","embeddable":true,"href":"https:\/\/boreait.com\/hr\/wp-json\/wp\/v2\/product_cat?post=25678"},{"taxonomy":"product_tag","embeddable":true,"href":"https:\/\/boreait.com\/hr\/wp-json\/wp\/v2\/product_tag?post=25678"}],"curies":[{"name":"wp","href":"https:\/\/api.w.org\/{rel}","templated":true}]}}