{"id":25677,"date":"2025-07-25T12:46:22","date_gmt":"2025-07-25T12:46:22","guid":{"rendered":"https:\/\/boreait.com\/hr\/?post_type=product&#038;p=25677"},"modified":"2026-02-04T08:04:53","modified_gmt":"2026-02-04T08:04:53","slug":"fujitsu-lifebook-ah531-dvd-snimac-blu-ray-rom-cp501551-01","status":"publish","type":"product","link":"https:\/\/boreait.com\/hr\/product\/fujitsu-lifebook-ah531-dvd-snimac-blu-ray-rom-cp501551-01\/","title":{"rendered":"Fujitsu Lifebook AH531 DVD snima\u010d BLU-RAY ROM CP501551-01"},"content":{"rendered":"<p>Pobolj\u0161ajte svoj Fujitsu Lifebook AH531 ultimativnim DVD snima\u010dem BLU-RAY ROM, broj dijela CP501551-01. Ovaj originalni proizvod osigurava besprijekornu kompatibilnost i vrhunsku izvedbu. Izra\u0111en do preciznosti, jam\u010di glatko i u\u010dinkovito iskustvo snimanja za sve va\u0161e potrebe digitalnih medija.<\/p>\n<p>U\u017eivajte u pogledu na prave fotografije koje prikazuju elegantan dizajn i vrhunsku kvalitetu ovog DVD snima\u010da. Nadogradite svoje prijenosno ra\u010dunalo bez napora i u\u017eivajte u pogodnosti pouzdanog opti\u010dkog pogona na dohvat ruke. Bilo da ste student, profesionalac ili zaljubljenik u igrice, ovaj Blu-Ray ROM pogon je dodatak koji morate imati za va\u0161 Fujitsu Lifebook AH531.<\/p>\n<p>Imajte na umu da ne dajem upute za zamjenu dijelova. Me\u0111utim, ako trebate bilo kakvu pomo\u0107 ili imate pitanja o proizvodu, slobodno mi se obratite. Unaprijedite svoje digitalno iskustvo uz Fujitsu Lifebook AH531 DVD snima\u010d BLU-RAY ROM. Kupite svoj danas i otklju\u010dajte svijet mogu\u0107nosti.<\/p>\n","protected":false},"excerpt":{"rendered":"<p>Nadogradite svoj Fujitsu Lifebook AH531 ovim visokokvalitetnim BLU-RAY ROM DVD snima\u010dem (broj dijela: CP501551-01). U\u017eivajte u besprijekornoj izvedbi i pouzdanosti za sve svoje potrebe snimanja diskova. Prave fotografije dostupne za detaljniji pregled. Trebate pomo\u0107? Po\u0161aljite mi poruku za stru\u010dnu podr\u0161ku.<\/p>\n","protected":false},"featured_media":25738,"template":"","meta":[],"product_brand":[],"product_cat":[62],"product_tag":[63],"class_list":{"0":"post-25677","1":"product","2":"type-product","3":"status-publish","4":"has-post-thumbnail","6":"product_cat-motherboards-board-parts","7":"product_tag-fujitsu","9":"first","10":"instock","11":"taxable","12":"shipping-taxable","13":"purchasable","14":"product-type-simple"},"_links":{"self":[{"href":"https:\/\/boreait.com\/hr\/wp-json\/wp\/v2\/product\/25677","targetHints":{"allow":["GET"]}}],"collection":[{"href":"https:\/\/boreait.com\/hr\/wp-json\/wp\/v2\/product"}],"about":[{"href":"https:\/\/boreait.com\/hr\/wp-json\/wp\/v2\/types\/product"}],"wp:featuredmedia":[{"embeddable":true,"href":"https:\/\/boreait.com\/hr\/wp-json\/wp\/v2\/media\/25738"}],"wp:attachment":[{"href":"https:\/\/boreait.com\/hr\/wp-json\/wp\/v2\/media?parent=25677"}],"wp:term":[{"taxonomy":"product_brand","embeddable":true,"href":"https:\/\/boreait.com\/hr\/wp-json\/wp\/v2\/product_brand?post=25677"},{"taxonomy":"product_cat","embeddable":true,"href":"https:\/\/boreait.com\/hr\/wp-json\/wp\/v2\/product_cat?post=25677"},{"taxonomy":"product_tag","embeddable":true,"href":"https:\/\/boreait.com\/hr\/wp-json\/wp\/v2\/product_tag?post=25677"}],"curies":[{"name":"wp","href":"https:\/\/api.w.org\/{rel}","templated":true}]}}