{"id":25676,"date":"2025-07-25T12:46:22","date_gmt":"2025-07-25T12:46:22","guid":{"rendered":"https:\/\/boreait.com\/hr\/?post_type=product&#038;p=25676"},"modified":"2026-02-04T07:57:52","modified_gmt":"2026-02-04T07:57:52","slug":"sk-hynix-pc3l-12800s-ddr3l-4gb-memorija-prijenosnog-racunala-hmt451s6afr8a-pb-1rx8-ram","status":"publish","type":"product","link":"https:\/\/boreait.com\/hr\/product\/sk-hynix-pc3l-12800s-ddr3l-4gb-memorija-prijenosnog-racunala-hmt451s6afr8a-pb-1rx8-ram\/","title":{"rendered":"SK Hynix PC3L-12800S DDR3L 4GB memorija prijenosnog ra\u010dunala HMT451S6AFR8A-PB 1Rx8 RAM"},"content":{"rendered":"<p>Nadogradite performanse svog prijenosnog ra\u010dunala s ovim visokokvalitetnim 4 GB SK Hynix PC3L-12800S DDR3L RAM-a. Pove\u0107ajte brzinu svog ure\u0111aja i mogu\u0107nosti multitaskinga bez napora s ovim pouzdanim 1Rx8 memorijskim modulom. HMT451S6AFR8A-PB osigurava besprijekoran rad i pobolj\u0161anu u\u010dinkovitost za va\u0161e dnevne ra\u010dunalne potrebe.<\/p>\n<p>Zaboravite na sporu izvedbu i beskona\u010dna vremena u\u010ditavanja \u2014 ovaj RAM je savr\u0161eno rje\u0161enje za glatkije i bolje korisni\u010dko iskustvo. Bilo da ste student, profesionalac ili igra\u010d, ova nadogradnja memorije podi\u0107i \u0107e va\u0161u produktivnost i zabavu na vi\u0161u razinu.<\/p>\n<p>Pru\u017eamo stvarne fotografije proizvoda kako biste to\u010dno znali \u0161to dobivate. Imajte na umu da ne nudimo upute za zamjenu dijelova. Me\u0111utim, ako imate pitanja ili trebate pomo\u0107 u vezi s kompatibilno\u0161\u0107u ili postupkom instalacije, slobodno nam po\u0161aljite poruku. Nadogradite svoje prijenosno ra\u010dunalo sada s ovim vrhunskim SK Hynix DDR3L RAM-om i u\u017eivajte u br\u017eem i u\u010dinkovitijem iskustvu rada s ra\u010dunalom.<\/p>\n","protected":false},"excerpt":{"rendered":"<p>Nadogradite performanse svog prijenosnog ra\u010dunala s ovom visokokvalitetnom SK Hynix 4GB DDR3L memorijom. Pove\u0107ajte brzinu i u\u010dinkovitost za besprijekoran multitasking. Autenti\u010dan proizvod prikazan na stvarnim fotografijama. Trebate li pomo\u0107 nakon kupnje? Po\u0161aljite mi poruku za stru\u010dnu podr\u0161ku. Pobolj\u0161ajte svoje ra\u010dunalno iskustvo ve\u0107 danas!<\/p>\n","protected":false},"featured_media":25737,"template":"","meta":[],"product_brand":[],"product_cat":[72,71],"product_tag":[91],"class_list":{"0":"post-25676","1":"product","2":"type-product","3":"status-publish","4":"has-post-thumbnail","6":"product_cat-ddr3-ddr3l","7":"product_cat-ram-memory","8":"product_tag-hynix","10":"first","11":"instock","12":"taxable","13":"shipping-taxable","14":"purchasable","15":"product-type-simple"},"_links":{"self":[{"href":"https:\/\/boreait.com\/hr\/wp-json\/wp\/v2\/product\/25676","targetHints":{"allow":["GET"]}}],"collection":[{"href":"https:\/\/boreait.com\/hr\/wp-json\/wp\/v2\/product"}],"about":[{"href":"https:\/\/boreait.com\/hr\/wp-json\/wp\/v2\/types\/product"}],"wp:featuredmedia":[{"embeddable":true,"href":"https:\/\/boreait.com\/hr\/wp-json\/wp\/v2\/media\/25737"}],"wp:attachment":[{"href":"https:\/\/boreait.com\/hr\/wp-json\/wp\/v2\/media?parent=25676"}],"wp:term":[{"taxonomy":"product_brand","embeddable":true,"href":"https:\/\/boreait.com\/hr\/wp-json\/wp\/v2\/product_brand?post=25676"},{"taxonomy":"product_cat","embeddable":true,"href":"https:\/\/boreait.com\/hr\/wp-json\/wp\/v2\/product_cat?post=25676"},{"taxonomy":"product_tag","embeddable":true,"href":"https:\/\/boreait.com\/hr\/wp-json\/wp\/v2\/product_tag?post=25676"}],"curies":[{"name":"wp","href":"https:\/\/api.w.org\/{rel}","templated":true}]}}