{"id":25674,"date":"2025-07-25T12:46:22","date_gmt":"2025-07-25T12:46:22","guid":{"rendered":"https:\/\/boreait.com\/hr\/?post_type=product&#038;p=25674"},"modified":"2026-02-04T07:57:19","modified_gmt":"2026-02-04T07:57:19","slug":"fujitsu-lifebook-ah531-ah512-a531-donja-ploca-poklopca-vrata-cp515947-01","status":"publish","type":"product","link":"https:\/\/boreait.com\/hr\/product\/fujitsu-lifebook-ah531-ah512-a531-donja-ploca-poklopca-vrata-cp515947-01\/","title":{"rendered":"Fujitsu LifeBook AH531 AH512 A531 donja plo\u010da poklopca vrata &#8211; CP515947-01"},"content":{"rendered":"<p>Preobrazite svoj Fujitsu LifeBook AH531 AH512 A531 s ovim vrhunskim zamjenskim dijelom za plo\u010du vrata osnovnog poklopca (broj dijela: CP515947-01). Izra\u0111ena prema to\u010dnim specifikacijama, ova plo\u010da osigurava besprijekorno pristajanje i vra\u0107a va\u0161em prijenosnom ra\u010dunalu njegov izvorni sjaj. Prave fotografije prikazuju kvalitetu proizvoda, jam\u010de\u0107i da ono \u0161to vidite to i dobijete.<\/p>\n<p>Imajte na umu da uz proizvod nisu prilo\u017eene upute za instalaciju. Me\u0111utim, ako su vam potrebne upute ili imate bilo kakvih pitanja u vezi s plo\u010dom vrata osnovnog poklopca, slobodno nam po\u0161aljite poruku. Predani smo pomo\u0107i vam na bilo koji mogu\u0107i na\u010din kako biste pobolj\u0161ali svoje iskustvo kupnje.<\/p>\n<p>Nadogradite svoje prijenosno ra\u010dunalo bez napora i dajte mu novi \u017eivot s ovom visokokvalitetnom zamjenskom plo\u010dom poklopca baze. Recite zbogom dotrajalim dijelovima i pozdravite osvje\u017eeni i elegantni ure\u0111aj. Ne propustite ovu priliku da obnovite svoj Fujitsu LifeBook AH531 AH512 A531 s lako\u0107om i precizno\u0161\u0107u.<\/p>\n","protected":false},"excerpt":{"rendered":"<p>Pobolj\u0161ajte svoj Fujitsu LifeBook AH531 AH512 A531 ovim vrhunskim zamjenskim dijelom za plo\u010du vrata osnovnog poklopca (broj dijela: CP515947-01). Autenti\u010dne fotografije za besprijekorno pristajanje. Zatra\u017eite personaliziranu pomo\u0107. Nadogradite sada!<\/p>\n","protected":false},"featured_media":25726,"template":"","meta":[],"product_brand":[],"product_cat":[51],"product_tag":[63],"class_list":{"0":"post-25674","1":"product","2":"type-product","3":"status-publish","4":"has-post-thumbnail","6":"product_cat-laptop-housing","7":"product_tag-fujitsu","9":"first","10":"instock","11":"taxable","12":"shipping-taxable","13":"purchasable","14":"product-type-simple"},"_links":{"self":[{"href":"https:\/\/boreait.com\/hr\/wp-json\/wp\/v2\/product\/25674","targetHints":{"allow":["GET"]}}],"collection":[{"href":"https:\/\/boreait.com\/hr\/wp-json\/wp\/v2\/product"}],"about":[{"href":"https:\/\/boreait.com\/hr\/wp-json\/wp\/v2\/types\/product"}],"wp:featuredmedia":[{"embeddable":true,"href":"https:\/\/boreait.com\/hr\/wp-json\/wp\/v2\/media\/25726"}],"wp:attachment":[{"href":"https:\/\/boreait.com\/hr\/wp-json\/wp\/v2\/media?parent=25674"}],"wp:term":[{"taxonomy":"product_brand","embeddable":true,"href":"https:\/\/boreait.com\/hr\/wp-json\/wp\/v2\/product_brand?post=25674"},{"taxonomy":"product_cat","embeddable":true,"href":"https:\/\/boreait.com\/hr\/wp-json\/wp\/v2\/product_cat?post=25674"},{"taxonomy":"product_tag","embeddable":true,"href":"https:\/\/boreait.com\/hr\/wp-json\/wp\/v2\/product_tag?post=25674"}],"curies":[{"name":"wp","href":"https:\/\/api.w.org\/{rel}","templated":true}]}}