{"id":25657,"date":"2025-07-25T12:46:00","date_gmt":"2025-07-25T12:46:00","guid":{"rendered":"https:\/\/boreait.com\/hr\/?post_type=product&#038;p=25657"},"modified":"2026-02-04T07:57:04","modified_gmt":"2026-02-04T07:57:04","slug":"fujitsu-lifebook-a531-ah512-cp515938-01-gumb-za-ukljucivanje-sarke-poklopca-ukrasni-okvir","status":"publish","type":"product","link":"https:\/\/boreait.com\/hr\/product\/fujitsu-lifebook-a531-ah512-cp515938-01-gumb-za-ukljucivanje-sarke-poklopca-ukrasni-okvir\/","title":{"rendered":"Fujitsu Lifebook A531 AH512 CP515938-01 gumb za uklju\u010divanje \u0161arke poklopca ukrasni okvir"},"content":{"rendered":"<p>\u017delite svom Fujitsu Lifebooku A531 AH512 A531 dati svje\u017ei novi izgled? Ovaj ukrasni okvir poklopca \u0161arke gumba za uklju\u010divanje savr\u0161eno je rje\u0161enje. Izra\u0111en do savr\u0161enstva, ovaj originalni dio (broj dijela: CP515938-01) dizajniran je za besprijekornu zamjenu va\u0161eg starog ili o\u0161te\u0107enog okvira poklopca \u0161arke.<\/p>\n<p>Pobolj\u0161ajte estetiku svog prijenosnog ra\u010dunala ovim elegantnim i izdr\u017eljivim okvirom poklopca. S dostupnim pravim fotografijama mo\u017eete to\u010dno vidjeti \u0161to dobivate prije kupnje.<\/p>\n<p>Imajte na umu da ne dajem upute o tome kako zamijeniti dijelove. Me\u0111utim, ako trebate bilo kakvu pomo\u0107 ili imate pitanja u vezi s proizvodom, slobodno mi po\u0161aljite poruku.<\/p>\n<p>Nadogradite izgled i funkcionalnost svog prijenosnog ra\u010dunala s ovim okvirom \u0161arke poklopca gumba za uklju\u010divanje. Nabavite svoju danas i dajte svom Fujitsu Lifebooku stilski izgled.<\/p>\n","protected":false},"excerpt":{"rendered":"<p>Unaprijedite svoj Fujitsu Lifebook A531 AH512 A531 ovim okvirom poklopca \u0161arke gumba za uklju\u010divanje. Izra\u0111en do savr\u0161enstva, broj dijela CP515938-01. Prave fotografije za stvarna o\u010dekivanja. Trebate pomo\u0107 s instalacijom? Po\u0161alji mi poruku. Neka va\u0161e prijenosno ra\u010dunalo zablista uz ovu elegantnu nadogradnju.<\/p>\n","protected":false},"featured_media":25724,"template":"","meta":[],"product_brand":[],"product_cat":[51],"product_tag":[63],"class_list":{"0":"post-25657","1":"product","2":"type-product","3":"status-publish","4":"has-post-thumbnail","6":"product_cat-laptop-housing","7":"product_tag-fujitsu","9":"first","10":"instock","11":"taxable","12":"shipping-taxable","13":"purchasable","14":"product-type-simple"},"_links":{"self":[{"href":"https:\/\/boreait.com\/hr\/wp-json\/wp\/v2\/product\/25657","targetHints":{"allow":["GET"]}}],"collection":[{"href":"https:\/\/boreait.com\/hr\/wp-json\/wp\/v2\/product"}],"about":[{"href":"https:\/\/boreait.com\/hr\/wp-json\/wp\/v2\/types\/product"}],"wp:featuredmedia":[{"embeddable":true,"href":"https:\/\/boreait.com\/hr\/wp-json\/wp\/v2\/media\/25724"}],"wp:attachment":[{"href":"https:\/\/boreait.com\/hr\/wp-json\/wp\/v2\/media?parent=25657"}],"wp:term":[{"taxonomy":"product_brand","embeddable":true,"href":"https:\/\/boreait.com\/hr\/wp-json\/wp\/v2\/product_brand?post=25657"},{"taxonomy":"product_cat","embeddable":true,"href":"https:\/\/boreait.com\/hr\/wp-json\/wp\/v2\/product_cat?post=25657"},{"taxonomy":"product_tag","embeddable":true,"href":"https:\/\/boreait.com\/hr\/wp-json\/wp\/v2\/product_tag?post=25657"}],"curies":[{"name":"wp","href":"https:\/\/api.w.org\/{rel}","templated":true}]}}