{"id":25655,"date":"2025-07-25T12:46:00","date_gmt":"2025-07-25T12:46:00","guid":{"rendered":"https:\/\/boreait.com\/hr\/?post_type=product&#038;p=25655"},"modified":"2025-07-25T12:47:17","modified_gmt":"2025-07-25T12:47:17","slug":"originalni-fujitsu-lifebook-ah531-intel-core-i3-2350-230-ghz-cpu-sr0dn","status":"publish","type":"product","link":"https:\/\/boreait.com\/hr\/product\/originalni-fujitsu-lifebook-ah531-intel-core-i3-2350-230-ghz-cpu-sr0dn\/","title":{"rendered":"Originalni Fujitsu Lifebook AH531 Intel Core i3-2350 2,30 GHz CPU SR0DN"},"content":{"rendered":"<p>Nadogradite performanse svog Fujitsu Lifebook AH531 s Intel Core i3-2350 2,30 GHz CPU-om, broj dijela SR0DN. Ovaj originalni CPU obe\u0107ava besprijekorno ra\u010dunalno iskustvo uz pobolj\u0161anu brzinu i u\u010dinkovitost. Opremljen pravim fotografijama za autenti\u010dnost, ovaj CPU je pouzdan izbor za one koji tra\u017ee pove\u0107anje mogu\u0107nosti svog sustava.<\/p>\n<p>Imajte na umu da ne dajem upute za zamjenu dijelova. Me\u0111utim, ako vam je potrebna pomo\u0107 ili imate pitanja u vezi s proizvodom, slobodno mi po\u0161aljite poruku. Ulo\u017eite u ovaj vrhunski CPU kako biste otklju\u010dali puni potencijal svog ure\u0111aja i u\u017eivali u br\u017eem i glatkijem radu. Pobolj\u0161ajte svoje ra\u010dunalno iskustvo s Fujitsu Lifebook AH531 Intel Core i3-2350 2,30 GHz CPU-om i do\u017eivite pobolj\u0161ane performanse kao nikada prije.<\/p>\n","protected":false},"excerpt":{"rendered":"<p>Oslobodite snagu svog Fujitsu Lifebook AH531 s ovim Intel Core i3-2350 CPU-om od 2,30 GHz. Pobolj\u0161ajte performanse s brojem dijela SR0DN, osiguravaju\u0107i besprijekoran do\u017eivljaj. Prave fotografije jam\u010de autenti\u010dnost. Trebate pomo\u0107 s instalacijom? Po\u0161aljite mi poruku za stru\u010dnu podr\u0161ku. Pobolj\u0161ajte svoju ra\u010dunalnu igru danas.<\/p>\n","protected":false},"featured_media":25721,"template":"","meta":[],"product_brand":[],"product_cat":[74],"product_tag":[63],"class_list":{"0":"post-25655","1":"product","2":"type-product","3":"status-publish","4":"has-post-thumbnail","6":"product_cat-processors-cpu","7":"product_tag-fujitsu","9":"first","10":"instock","11":"taxable","12":"shipping-taxable","13":"purchasable","14":"product-type-simple"},"_links":{"self":[{"href":"https:\/\/boreait.com\/hr\/wp-json\/wp\/v2\/product\/25655","targetHints":{"allow":["GET"]}}],"collection":[{"href":"https:\/\/boreait.com\/hr\/wp-json\/wp\/v2\/product"}],"about":[{"href":"https:\/\/boreait.com\/hr\/wp-json\/wp\/v2\/types\/product"}],"wp:featuredmedia":[{"embeddable":true,"href":"https:\/\/boreait.com\/hr\/wp-json\/wp\/v2\/media\/25721"}],"wp:attachment":[{"href":"https:\/\/boreait.com\/hr\/wp-json\/wp\/v2\/media?parent=25655"}],"wp:term":[{"taxonomy":"product_brand","embeddable":true,"href":"https:\/\/boreait.com\/hr\/wp-json\/wp\/v2\/product_brand?post=25655"},{"taxonomy":"product_cat","embeddable":true,"href":"https:\/\/boreait.com\/hr\/wp-json\/wp\/v2\/product_cat?post=25655"},{"taxonomy":"product_tag","embeddable":true,"href":"https:\/\/boreait.com\/hr\/wp-json\/wp\/v2\/product_tag?post=25655"}],"curies":[{"name":"wp","href":"https:\/\/api.w.org\/{rel}","templated":true}]}}