{"id":25654,"date":"2025-07-25T12:46:00","date_gmt":"2025-07-25T12:46:00","guid":{"rendered":"https:\/\/boreait.com\/hr\/?post_type=product&#038;p=25654"},"modified":"2026-02-04T07:56:48","modified_gmt":"2026-02-04T07:56:48","slug":"fujitsu-lifebook-ah531-dvd-snimac-blu-ray-rom-cp557635-01","status":"publish","type":"product","link":"https:\/\/boreait.com\/hr\/product\/fujitsu-lifebook-ah531-dvd-snimac-blu-ray-rom-cp557635-01\/","title":{"rendered":"Fujitsu Lifebook AH531 DVD snima\u010d BLU-RAY ROM &#8211; CP557635-01"},"content":{"rendered":"<p>Nadogradite svoj Fujitsu Lifebook AH531 s visokokvalitetnim DVD snima\u010dem BLU-RAY ROM, broj dijela: CP557635-01. Ovaj originalni proizvod osigurava optimalnu izvedbu i kompatibilnost s va\u0161im ure\u0111ajem. Elegantan dizajn besprijekorno se stapa s va\u0161im prijenosnim ra\u010dunalom, pobolj\u0161avaju\u0107i i funkcionalnost i estetiku.<\/p>\n<p>Precizno izra\u0111en, ovaj pogon DVD snima\u010da jam\u010di besprijekoran do\u017eivljaj za sve va\u0161e potrebe snimanja i \u010ditanja. Od gledanja omiljenih filmova do pohranjivanja va\u017enih podataka, ovaj pogon nudi pouzdanost i u\u010dinkovitost. Recite zbogom sporim brzinama \u010ditanja\/pisanja i pozdravite glatku, neprekinutu upotrebu.<\/p>\n<p>Uz stvarne fotografije koje prikazuju proizvod, mo\u017eete vjerovati da ono \u0161to vidite to i dobivate. Instalacija je lagana za one koji poznaju komponente prijenosnog ra\u010dunala. Iako nema uputa, budite uvjereni da je pomo\u0107 udaljena samo jednu poruku. Va\u0161e zadovoljstvo na\u0161 je glavni prioritet i predani smo tome da vam osiguramo pozitivno iskustvo s na\u0161im proizvodima. Nadogradite svoje prijenosno ra\u010dunalo ve\u0107 danas s DVD snima\u010dem BLU-RAY ROM-om za Fujitsu Lifebook AH531.<\/p>\n","protected":false},"excerpt":{"rendered":"<p>Nadogradite svoj Fujitsu Lifebook AH531 ovim BLU-RAY ROM DVD snima\u010dem visokih performansi (Br. dijela: CP557635-01). Pogledajte stvarne fotografije za detalje. Jeste li spremni podi\u0107i svoje prijenosno ra\u010dunalo na vi\u0161u razinu? Po\u0161aljite mi poruku za bilo kakvu pomo\u0107.<\/p>\n","protected":false},"featured_media":25720,"template":"","meta":[],"product_brand":[],"product_cat":[62],"product_tag":[63],"class_list":{"0":"post-25654","1":"product","2":"type-product","3":"status-publish","4":"has-post-thumbnail","6":"product_cat-motherboards-board-parts","7":"product_tag-fujitsu","9":"first","10":"instock","11":"taxable","12":"shipping-taxable","13":"purchasable","14":"product-type-simple"},"_links":{"self":[{"href":"https:\/\/boreait.com\/hr\/wp-json\/wp\/v2\/product\/25654","targetHints":{"allow":["GET"]}}],"collection":[{"href":"https:\/\/boreait.com\/hr\/wp-json\/wp\/v2\/product"}],"about":[{"href":"https:\/\/boreait.com\/hr\/wp-json\/wp\/v2\/types\/product"}],"wp:featuredmedia":[{"embeddable":true,"href":"https:\/\/boreait.com\/hr\/wp-json\/wp\/v2\/media\/25720"}],"wp:attachment":[{"href":"https:\/\/boreait.com\/hr\/wp-json\/wp\/v2\/media?parent=25654"}],"wp:term":[{"taxonomy":"product_brand","embeddable":true,"href":"https:\/\/boreait.com\/hr\/wp-json\/wp\/v2\/product_brand?post=25654"},{"taxonomy":"product_cat","embeddable":true,"href":"https:\/\/boreait.com\/hr\/wp-json\/wp\/v2\/product_cat?post=25654"},{"taxonomy":"product_tag","embeddable":true,"href":"https:\/\/boreait.com\/hr\/wp-json\/wp\/v2\/product_tag?post=25654"}],"curies":[{"name":"wp","href":"https:\/\/api.w.org\/{rel}","templated":true}]}}