{"id":25653,"date":"2025-07-25T12:46:00","date_gmt":"2025-07-25T12:46:00","guid":{"rendered":"https:\/\/boreait.com\/hr\/?post_type=product&#038;p=25653"},"modified":"2026-02-04T07:56:28","modified_gmt":"2026-02-04T07:56:28","slug":"zamjena-hladnjaka-za-originalni-fujitsu-lifebook-ah531-cp515955-xx","status":"publish","type":"product","link":"https:\/\/boreait.com\/hr\/product\/zamjena-hladnjaka-za-originalni-fujitsu-lifebook-ah531-cp515955-xx\/","title":{"rendered":"Zamjena hladnjaka za originalni Fujitsu LifeBook AH531 CP515955-XX"},"content":{"rendered":"<p>Preobrazite svoj Fujitsu Lifebook AH531 ovim originalnim zamjenskim hladnjakom, broj dijela CP515955-XX CP515955-01. Izra\u0111en do savr\u0161enstva, ovaj hladnjak osigurava optimalne performanse hla\u0111enja va\u0161eg prijenosnog ra\u010dunala, omogu\u0107uju\u0107i vam da pomaknete njegove granice bez pregrijavanja.<\/p>\n<p>Dizajniran uz pomo\u0107 preciznog in\u017eenjeringa, ovaj hladnjak jam\u010di savr\u0161eno pristajanje i jednostavnu instalaciju. Mo\u017eete se oprostiti od toplinskog prigu\u0161ivanja i u\u017eivati u neprekinutom radu tijekom intenzivnih zadataka.<\/p>\n<p>U\u017eivajte u pogledu na stvarne fotografije proizvoda, osiguravaju\u0107i da ono \u0161to vidite bude upravo ono \u0161to dobivate. Ne brinite ako niste upoznati sa zamjenom dijelova prijenosnog ra\u010dunala; dok upute nisu dane, pomo\u0107 je udaljena samo jednu poruku.<\/p>\n<p>Ula\u017eite u dugovje\u010dnost svog prijenosnog ra\u010dunala nadogradnjom na ovu zamjenu hladnjaka vrhunske kvalitete. Recite zbogom problemima s pregrijavanjem i pozdravite glatko i br\u017ee ra\u010dunalstvo. Do\u010depajte se ovog rashladnog elementa ve\u0107 danas i neka va\u0161 Fujitsu Lifebook radi u najboljem izdanju.<\/p>\n","protected":false},"excerpt":{"rendered":"<p>Nadogradite svoj Fujitsu LifeBook AH531 s ovim originalnim hladnjakom CP515955-XX CP515955-01. Napravljen za besprijekornu zamjenu, ovaj hladnjak jam\u010di optimalne performanse. Pogledajte stvarne fotografije da biste ih bolje pogledali. Poruka za pomo\u0107 &#8211; pokrivam vas!<\/p>\n","protected":false},"featured_media":25719,"template":"","meta":[],"product_brand":[],"product_cat":[68],"product_tag":[63],"class_list":{"0":"post-25653","1":"product","2":"type-product","3":"status-publish","4":"has-post-thumbnail","6":"product_cat-cpu-fans-heatsinks","7":"product_tag-fujitsu","9":"first","10":"instock","11":"taxable","12":"shipping-taxable","13":"purchasable","14":"product-type-simple"},"_links":{"self":[{"href":"https:\/\/boreait.com\/hr\/wp-json\/wp\/v2\/product\/25653","targetHints":{"allow":["GET"]}}],"collection":[{"href":"https:\/\/boreait.com\/hr\/wp-json\/wp\/v2\/product"}],"about":[{"href":"https:\/\/boreait.com\/hr\/wp-json\/wp\/v2\/types\/product"}],"wp:featuredmedia":[{"embeddable":true,"href":"https:\/\/boreait.com\/hr\/wp-json\/wp\/v2\/media\/25719"}],"wp:attachment":[{"href":"https:\/\/boreait.com\/hr\/wp-json\/wp\/v2\/media?parent=25653"}],"wp:term":[{"taxonomy":"product_brand","embeddable":true,"href":"https:\/\/boreait.com\/hr\/wp-json\/wp\/v2\/product_brand?post=25653"},{"taxonomy":"product_cat","embeddable":true,"href":"https:\/\/boreait.com\/hr\/wp-json\/wp\/v2\/product_cat?post=25653"},{"taxonomy":"product_tag","embeddable":true,"href":"https:\/\/boreait.com\/hr\/wp-json\/wp\/v2\/product_tag?post=25653"}],"curies":[{"name":"wp","href":"https:\/\/api.w.org\/{rel}","templated":true}]}}