{"id":25652,"date":"2025-07-25T12:45:59","date_gmt":"2025-07-25T12:45:59","guid":{"rendered":"https:\/\/boreait.com\/hr\/?post_type=product&#038;p=25652"},"modified":"2026-02-04T07:56:14","modified_gmt":"2026-02-04T07:56:14","slug":"fujitsu-lifebook-ah531-interni-modul-kamere-za-web-kameru-cp544237-01","status":"publish","type":"product","link":"https:\/\/boreait.com\/hr\/product\/fujitsu-lifebook-ah531-interni-modul-kamere-za-web-kameru-cp544237-01\/","title":{"rendered":"Fujitsu LIFEBOOK AH531 interni modul kamere za web kameru CP544237-01"},"content":{"rendered":"<p>Snimite svaki trenutak u zapanjuju\u0107oj jasno\u0107i s Fujitsu LIFEBOOK AH531 internom plo\u010dom modula web kamere. Ovaj originalni zamjenski dio, s brojem dijela CP544237-01, osigurava da va\u0161 fotoaparat radi najbolje \u0161to mo\u017ee, isporu\u010duju\u0107i visokokvalitetne slike i videozapise svaki put kada ga koristite.<\/p>\n<p>Dizajnirana posebno za Fujitsu LIFEBOOK AH531, ova plo\u010da modula kamere jam\u010di savr\u0161eno pristajanje i besprijekornu integraciju s va\u0161im ure\u0111ajem. Recite zbogom mutnim i zrnatim snimkama \u2014 ova \u0107e kamera podi\u0107i va\u0161e videopozive, online sastanke i stvaranje sadr\u017eaja na potpuno novu razinu.<\/p>\n<p>Iskusite pogodnost ugra\u0111ene web kamere koja vam omogu\u0107uje da bez napora ostanete povezani s prijateljima, obitelji i kolegama. Bilo da prisustvujete virtualnim sastancima ili bilje\u017eite dragocjene uspomene, ovaj fotoaparat pru\u017ea o\u0161tre i jasne slike koje \u0107e impresionirati i najizbirljivije kriti\u010dare.<\/p>\n<p>Imajte na umu da ne dajem upute za zamjenu dijelova. Me\u0111utim, ako vam je potrebna pomo\u0107 ili imate pitanja o instalaciji, slobodno mi po\u0161aljite poruku. Nadogradite svoj Fujitsu LIFEBOOK AH531 ovom internom plo\u010dom modula web kamere i podignite svoju kvalitetu videa na vi\u0161u razinu.<\/p>\n","protected":false},"excerpt":{"rendered":"<p>Zabilje\u017eite \u017eivotne trenutke u zadivljuju\u0107im detaljima s ovom Fujitsu LIFEBOOK AH531 internom plo\u010dom modula web kamere. Originalni dio CP544237-01 osigurava performanse visoke kvalitete. Pregledajte stvarne fotografije da biste ih bolje pogledali. Trebate pomo\u0107 s instalacijom? Po\u0161aljite mi poruku za stru\u010dnu podr\u0161ku.<\/p>\n","protected":false},"featured_media":25718,"template":"","meta":[],"product_brand":[],"product_cat":[58],"product_tag":[63],"class_list":{"0":"post-25652","1":"product","2":"type-product","3":"status-publish","4":"has-post-thumbnail","6":"product_cat-laptop-camera","7":"product_tag-fujitsu","9":"first","10":"instock","11":"taxable","12":"shipping-taxable","13":"purchasable","14":"product-type-simple"},"_links":{"self":[{"href":"https:\/\/boreait.com\/hr\/wp-json\/wp\/v2\/product\/25652","targetHints":{"allow":["GET"]}}],"collection":[{"href":"https:\/\/boreait.com\/hr\/wp-json\/wp\/v2\/product"}],"about":[{"href":"https:\/\/boreait.com\/hr\/wp-json\/wp\/v2\/types\/product"}],"wp:featuredmedia":[{"embeddable":true,"href":"https:\/\/boreait.com\/hr\/wp-json\/wp\/v2\/media\/25718"}],"wp:attachment":[{"href":"https:\/\/boreait.com\/hr\/wp-json\/wp\/v2\/media?parent=25652"}],"wp:term":[{"taxonomy":"product_brand","embeddable":true,"href":"https:\/\/boreait.com\/hr\/wp-json\/wp\/v2\/product_brand?post=25652"},{"taxonomy":"product_cat","embeddable":true,"href":"https:\/\/boreait.com\/hr\/wp-json\/wp\/v2\/product_cat?post=25652"},{"taxonomy":"product_tag","embeddable":true,"href":"https:\/\/boreait.com\/hr\/wp-json\/wp\/v2\/product_tag?post=25652"}],"curies":[{"name":"wp","href":"https:\/\/api.w.org\/{rel}","templated":true}]}}