{"id":25651,"date":"2025-07-25T12:45:59","date_gmt":"2025-07-25T12:45:59","guid":{"rendered":"https:\/\/boreait.com\/hr\/?post_type=product&#038;p=25651"},"modified":"2026-02-04T07:55:58","modified_gmt":"2026-02-04T07:55:58","slug":"fujitsu-lifebook-a531-a512-ah531-usb-uticnica-ploca-s-kabelom-da0fh5tb6a0","status":"publish","type":"product","link":"https:\/\/boreait.com\/hr\/product\/fujitsu-lifebook-a531-a512-ah531-usb-uticnica-ploca-s-kabelom-da0fh5tb6a0\/","title":{"rendered":"Fujitsu Lifebook A531 A512 AH531 USB uti\u010dnica plo\u010da s kabelom DA0FH5TB6A0"},"content":{"rendered":"<p>Pobolj\u0161ajte funkcionalnost svog Fujitsu Lifebook A531 A512 AH531 s ovom visokokvalitetnom plo\u010dom s USB uti\u010dnicama. Dizajnirana kako bi zadovoljila to\u010dne specifikacije va\u0161eg prijenosnog ra\u010dunala, ova plo\u010da dolazi s kabelom za jednostavnu instalaciju. Broj dijela DA0FH5TB6A0 osigurava kompatibilnost, tako da mo\u017eete u\u017eivati u besprijekornom povezivanju za sve svoje USB ure\u0111aje.<\/p>\n<p>Nadogradite USB priklju\u010dke prijenosnog ra\u010dunala kako biste obnovili vezu i pobolj\u0161ali u\u010dinkovitost. Bilo da prenosite datoteke, povezujete periferne ure\u0111aje ili punite ure\u0111aje, ova plo\u010da s USB uti\u010dnicom nudi pouzdane performanse. Recite zbogom problemima s povezivanjem i pozdravite glatko korisni\u010dko iskustvo s ovom bitnom komponentom.<\/p>\n<p>Ula\u017eite u dugotrajnost svog prijenosnog ra\u010dunala i optimizirajte njegove mogu\u0107nosti s plo\u010dom s USB uti\u010dnicom dizajniranom posebno za modele Fujitsu Lifebook. Budite bezbri\u017eni znaju\u0107i da koristite originalni dio koji \u0107e pobolj\u0161ati performanse va\u0161eg ure\u0111aja. Nadogradite danas i iskusite pogodnost besprijekornog povezivanja s ovom vrhunskom plo\u010dom s USB uti\u010dnicama.<\/p>\n","protected":false},"excerpt":{"rendered":"<p>Nadogradite svoj Fujitsu Lifebook A531 A512 AH531 s ovom visokokvalitetnom USB uti\u010dnicom. Zamijenite svoju neispravnu plo\u010du s brojem dijela DA0FH5TB6A0, zajedno s kabelom za jednostavnu instalaciju. Neka va\u0161e prijenosno ra\u010dunalo radi glatko i u\u010dinkovito uz ovu bitnu komponentu.<\/p>\n","protected":false},"featured_media":25709,"template":"","meta":[],"product_brand":[],"product_cat":[62],"product_tag":[63],"class_list":{"0":"post-25651","1":"product","2":"type-product","3":"status-publish","4":"has-post-thumbnail","6":"product_cat-motherboards-board-parts","7":"product_tag-fujitsu","9":"first","10":"instock","11":"taxable","12":"shipping-taxable","13":"purchasable","14":"product-type-simple"},"_links":{"self":[{"href":"https:\/\/boreait.com\/hr\/wp-json\/wp\/v2\/product\/25651","targetHints":{"allow":["GET"]}}],"collection":[{"href":"https:\/\/boreait.com\/hr\/wp-json\/wp\/v2\/product"}],"about":[{"href":"https:\/\/boreait.com\/hr\/wp-json\/wp\/v2\/types\/product"}],"wp:featuredmedia":[{"embeddable":true,"href":"https:\/\/boreait.com\/hr\/wp-json\/wp\/v2\/media\/25709"}],"wp:attachment":[{"href":"https:\/\/boreait.com\/hr\/wp-json\/wp\/v2\/media?parent=25651"}],"wp:term":[{"taxonomy":"product_brand","embeddable":true,"href":"https:\/\/boreait.com\/hr\/wp-json\/wp\/v2\/product_brand?post=25651"},{"taxonomy":"product_cat","embeddable":true,"href":"https:\/\/boreait.com\/hr\/wp-json\/wp\/v2\/product_cat?post=25651"},{"taxonomy":"product_tag","embeddable":true,"href":"https:\/\/boreait.com\/hr\/wp-json\/wp\/v2\/product_tag?post=25651"}],"curies":[{"name":"wp","href":"https:\/\/api.w.org\/{rel}","templated":true}]}}