{"id":25649,"date":"2025-07-25T12:45:59","date_gmt":"2025-07-25T12:45:59","guid":{"rendered":"https:\/\/boreait.com\/hr\/?post_type=product&#038;p=25649"},"modified":"2026-02-04T07:55:10","modified_gmt":"2026-02-04T07:55:10","slug":"fujitsu-lifebook-a512-ah512-a531-ah531-ploca-s-gumbom-za-ukljucivanje-da0fh5pi6e0-s-kabelom","status":"publish","type":"product","link":"https:\/\/boreait.com\/hr\/product\/fujitsu-lifebook-a512-ah512-a531-ah531-ploca-s-gumbom-za-ukljucivanje-da0fh5pi6e0-s-kabelom\/","title":{"rendered":"Fujitsu LifeBook A512 AH512 A531 AH531 plo\u010da s gumbom za uklju\u010divanje DA0FH5PI6E0 s kabelom"},"content":{"rendered":"<p>O\u017eivite svoj Fujitsu LifeBook A512 AH512 A531 AH531 s ovom vrhunskom plo\u010dom s gumbom za uklju\u010divanje. Dizajnirana do savr\u0161enstva, ova plo\u010da dolazi s kabelom za jednostavnu instalaciju, osiguravaju\u0107i besprijekornu funkcionalnost. Zamijenite svoju staru ili neispravnu plo\u010du s brojem dijela DA0FH5PI6E0 i do\u017eivite gladak rad tipke za napajanje kao nikada prije. Izra\u0111ena od visokokvalitetnih materijala, ova plo\u010da jam\u010di izdr\u017eljivost i dugotrajnu izvedbu. Recite zbogom problemima s gumbom za napajanje i pozdravite upotrebljivost bez muke s ovom vrhunskom zamjenskom plo\u010dom. Nadogradite svoje prijenosno ra\u010dunalo bez napora i u\u017eivajte u pogodnostima potpuno funkcionalnog gumba za napajanje. Vjerujte ovoj plo\u010di s gumbom za uklju\u010divanje kako biste vratili kontrolu napajanja koja vam je potrebna za pobolj\u0161anje va\u0161eg ra\u010dunalnog iskustva.<\/p>\n","protected":false},"excerpt":{"rendered":"<p>Vratite \u017eivot u svoj Fujitsu LifeBook A512 AH512 A531 AH531 s ovom plo\u010dom s gumbom za uklju\u010divanje. Precizno dizajnirana i opremljena kabelom, ova plo\u010da (broj dijela: DA0FH5PI6E0) osigurava besprijekornu funkciju gumba za napajanje va\u0161eg ure\u0111aja. Recite zbogom problemima s napajanjem i pozdravite nesmetan rad.<\/p>\n","protected":false},"featured_media":25706,"template":"","meta":[],"product_brand":[],"product_cat":[62],"product_tag":[63],"class_list":{"0":"post-25649","1":"product","2":"type-product","3":"status-publish","4":"has-post-thumbnail","6":"product_cat-motherboards-board-parts","7":"product_tag-fujitsu","9":"first","10":"instock","11":"taxable","12":"shipping-taxable","13":"purchasable","14":"product-type-simple"},"_links":{"self":[{"href":"https:\/\/boreait.com\/hr\/wp-json\/wp\/v2\/product\/25649","targetHints":{"allow":["GET"]}}],"collection":[{"href":"https:\/\/boreait.com\/hr\/wp-json\/wp\/v2\/product"}],"about":[{"href":"https:\/\/boreait.com\/hr\/wp-json\/wp\/v2\/types\/product"}],"wp:featuredmedia":[{"embeddable":true,"href":"https:\/\/boreait.com\/hr\/wp-json\/wp\/v2\/media\/25706"}],"wp:attachment":[{"href":"https:\/\/boreait.com\/hr\/wp-json\/wp\/v2\/media?parent=25649"}],"wp:term":[{"taxonomy":"product_brand","embeddable":true,"href":"https:\/\/boreait.com\/hr\/wp-json\/wp\/v2\/product_brand?post=25649"},{"taxonomy":"product_cat","embeddable":true,"href":"https:\/\/boreait.com\/hr\/wp-json\/wp\/v2\/product_cat?post=25649"},{"taxonomy":"product_tag","embeddable":true,"href":"https:\/\/boreait.com\/hr\/wp-json\/wp\/v2\/product_tag?post=25649"}],"curies":[{"name":"wp","href":"https:\/\/api.w.org\/{rel}","templated":true}]}}