{"id":25648,"date":"2025-07-25T12:45:59","date_gmt":"2025-07-25T12:45:59","guid":{"rendered":"https:\/\/boreait.com\/hr\/?post_type=product&#038;p=25648"},"modified":"2026-02-04T07:51:52","modified_gmt":"2026-02-04T07:51:52","slug":"intel-centrino-wireless-n-1030-11230bnhmw-wifi-kartica-za-fujitsu-lifebook-ah531","status":"publish","type":"product","link":"https:\/\/boreait.com\/hr\/product\/intel-centrino-wireless-n-1030-11230bnhmw-wifi-kartica-za-fujitsu-lifebook-ah531\/","title":{"rendered":"Intel Centrino Wireless-N 1030 11230BNHMW WiFi kartica za Fujitsu Lifebook AH531"},"content":{"rendered":"<p>Nadogradite svoj Fujitsu Lifebook AH531 s Intel Centrino Wireless-N 1030 11230BNHMW WiFi karticom za munjevito brzo povezivanje. Iskusite besprijekorno pregledavanje, strujanje i preuzimanje sa snagom 802.11n tehnologije na dohvat ruke. Recite zbogom zaostalim brzinama interneta i u\u017eivajte u glatkom online iskustvu s ovom WiFi karticom visokih performansi.<\/p>\n<p>Uz jednostavnu instalaciju i kompatibilnost s va\u0161im Fujitsu Lifebook AH531, ova WiFi kartica nezaobilazna je za svakoga tko \u017eeli pobolj\u0161ati mogu\u0107nosti povezivanja svog ure\u0111aja. Prenosite svoje omiljene filmove u HD-u, videochatajte s prijateljima i obitelji bez prekida i u\u017eivajte u online igranju s minimalnom latencijom. Ostanite povezani dok ste u pokretu i nikada ne propustite nijedan ritam uz Intel Centrino Wireless-N 1030 11230BNHMW WiFi karticu.<\/p>\n<p>Ne dopustite da vas niske brzine interneta sputavaju \u2014 nadogradite na Intel Centrino Wireless-N 1030 11230BNHMW WiFi karticu danas i podignite svoje online iskustvo na nove visine.<\/p>\n","protected":false},"excerpt":{"rendered":"<p>Pobolj\u0161ajte svoju povezanost s WiFi karticom Intel Centrino Wireless-N 1030 11230BNHMW. Dizajnirana za Fujitsu Lifebook AH531, ova 802.11n kartica osigurava besprijekornu i brzu be\u017ei\u010dnu izvedbu. Ostanite povezani gdje god idete uz ovu pouzdanu i visokokvalitetnu WiFi nadogradnju.<\/p>\n","protected":false},"featured_media":25704,"template":"","meta":[],"product_brand":[],"product_cat":[62],"product_tag":[101],"class_list":{"0":"post-25648","1":"product","2":"type-product","3":"status-publish","4":"has-post-thumbnail","6":"product_cat-motherboards-board-parts","7":"product_tag-intel","9":"first","10":"instock","11":"taxable","12":"shipping-taxable","13":"purchasable","14":"product-type-simple"},"_links":{"self":[{"href":"https:\/\/boreait.com\/hr\/wp-json\/wp\/v2\/product\/25648","targetHints":{"allow":["GET"]}}],"collection":[{"href":"https:\/\/boreait.com\/hr\/wp-json\/wp\/v2\/product"}],"about":[{"href":"https:\/\/boreait.com\/hr\/wp-json\/wp\/v2\/types\/product"}],"wp:featuredmedia":[{"embeddable":true,"href":"https:\/\/boreait.com\/hr\/wp-json\/wp\/v2\/media\/25704"}],"wp:attachment":[{"href":"https:\/\/boreait.com\/hr\/wp-json\/wp\/v2\/media?parent=25648"}],"wp:term":[{"taxonomy":"product_brand","embeddable":true,"href":"https:\/\/boreait.com\/hr\/wp-json\/wp\/v2\/product_brand?post=25648"},{"taxonomy":"product_cat","embeddable":true,"href":"https:\/\/boreait.com\/hr\/wp-json\/wp\/v2\/product_cat?post=25648"},{"taxonomy":"product_tag","embeddable":true,"href":"https:\/\/boreait.com\/hr\/wp-json\/wp\/v2\/product_tag?post=25648"}],"curies":[{"name":"wp","href":"https:\/\/api.w.org\/{rel}","templated":true}]}}